{"id":898,"date":"2021-12-02T13:19:28","date_gmt":"2021-12-02T13:19:28","guid":{"rendered":"https:\/\/new.canmauri.com\/?page_id=898"},"modified":"2022-03-08T11:06:54","modified_gmt":"2022-03-08T11:06:54","slug":"reserves","status":"publish","type":"page","link":"https:\/\/canmauri.com\/ca\/reserves\/","title":{"rendered":"Reserves"},"content":{"rendered":"<div class=\"wpb-content-wrapper\"><p>[vc_row full_width=&#8221;stretch_row&#8221; bg_type=&#8221;image&#8221; bg_image_new=&#8221;670&#8243; bg_image_repeat=&#8221;no-repeat&#8221;][vc_column]<div class=\"boc_spacing \" style=\"height: 200px\"><\/div>[vc_column_text el_class=&#8221;tituloContacto&#8221;]<\/p>\n<h1 style=\"text-align: center;\"><span style=\"color: #ffffff;\">Reserva ara<\/span><\/h1>\n<p>[\/vc_column_text]<div class=\"boc_spacing \" style=\"height: 100px\"><\/div>[\/vc_column][\/vc_row][vc_row][vc_column]<div class=\"boc_spacing \" style=\"height: 100px\"><\/div><!-- Testimonials -->\r\n\t\t\t\t<div class=\"testimonials\">\r\n\t\t\t\t\t<div id=\"testimonial_carousel_70253\" style=\"opacity: 0;\" class=\"testimonials_carousel  owl_has_dot_nav testimonial_style_big\">\t<div class=\"testimonial_quote boc_owl_lazy\">\r\n\t\t\t\t\t\t<div class=\"quote_content\">\r\n\t\t\t\t\t\t\t<p>Reserva la teva taula en el Restaurant <strong>Can Mauri<\/strong>, el lloc ideal per a celebrar tot tipus d&#8217;esdeveniments: familiars, empreses, noces,comunions,etc. Disposem de l&#8217;experi\u00e8ncia necess\u00e0ria per a convertir el teu esdeveniment en el dia que sempre vas somiar.<\/p>\r\n\t\t\t\t\t\t\t<span class=\"quote_arrow\"><\/span>\r\n\t\t\t\t\t\t<\/div>\r\n\t\t\t\t\t\t<div class=\"quote_author heading_font\"><img decoding=\"async\" class=\"empty_user_testimonial_image lazyload\" data-src=\"https:\/\/canmauri.com\/wp-content\/themes\/fortuna\/images\/user.png\" src=\"data:image\/svg+xml;base64,PHN2ZyB3aWR0aD0iMSIgaGVpZ2h0PSIxIiB4bWxucz0iaHR0cDovL3d3dy53My5vcmcvMjAwMC9zdmciPjwvc3ZnPg==\" style=\"--smush-placeholder-width: 300px; --smush-placeholder-aspect-ratio: 300\/300;\" \/><div class=\"icon_testimonial\"><\/div><span class=\"quote_author_description\"><\/span>\t<\/div>\r\n\t\t\t\t\t<\/div><\/div>\r\n\t\t\t\t<\/div>\r\n\t\t\t\t<!-- Testimonials::END -->\r\n\r\n\t\t\t\t<!-- Testimonials Carousel JS -->\r\n\t\t\t\t<script type=\"text\/javascript\">\r\n\r\n\t\t\t\t\tjQuery(document).ready(function($) {\r\n\r\n\t\t\t\t\t\tvar carousel = $(\"#testimonial_carousel_70253\");\r\n\r\n\t\t\t\t\t\tvar args = {\r\n\t\t\t\t\t\t\tonInitialized:  \t\tbocShowTestimonialCarousel_70253,\r\n\t\t\t\t\t\t\titems: 1,\r\n\t\t\t\t\t\t\tautoplay:\t\t\tfalse,\r\n\t\t\t\t\t\t\tautoplayTimeout:\t6000,\r\n\t\t\t\t\t\t\tloop: \t\t\t\tfalse,\r\n\t\t\t\t\t\t\tnav: \t\t\t\tfalse,\r\n\t\t\t\t\t\t\tdots: \t\t\t\ttrue,\r\n\t\t\t\t\t\t\tautoHeight: \t\t\tfalse,\r\n\t\t\t\t\t\t\tnavText:\t\t\t\t[\"<span class='icon  icon-angle-left-circle'><\/span>\",\"<span class='icon icon-angle-right-circle'><\/span>\"],\r\n\t\t\t\t\t\t\tnavRewind: false,\r\n\t\t\t\t\t\t\trtl: \t\t\t\tfalse,\r\n\t\t\t\t\t\t\tsmartSpeed:\t\t\t600,\r\n\t\t\t\t\t\t\tmargin: \t\t\t\t10,\t\t\t\t\t\r\n\t\t\t\t\t\t\tanimateOut: \t\t\"fadeOut\",\r\n\t\t\t\t\t\t\tanimateIn: \t\t\t\"fadeIn\",\r\n\t\t\t\t\t\t};\r\n\r\n\t\t\t\t\t\tcarousel.owlCarousel(args);\r\n\r\n\t\t\t\t\t\tvar initital_width = carousel.css(\"width\");\r\n\t\t\t\t\t\t\r\n\t\t\t\t\t\t\/* Refresh it for full width rows *\/\r\n\t\t\t\t\t\t$(window).load(function(){\r\n\t\t\t\t\t\t\tif(carousel.css(\"width\") != initital_width) {\r\n\t\t\t\t\t\t\t\tcarousel.trigger(\"destroy.owl.carousel\").removeClass(\"owl-carousel owl-loaded\");\r\n\t\t\t\t\t\t\t\tcarousel.find(\".owl-stage-outer\").children().unwrap();\r\n\t\t\t\t\t\t\t\tcarousel.owlCarousel(args);\r\n\t\t\t\t\t\t\t}\r\n\t\t\t\t\t\t});\r\n\t\t\t\t\t\t\r\n\t\t\t\t\t\t\/* Show once loaded *\/\r\n\t\t\t\t\t\tfunction bocShowTestimonialCarousel_70253(){\r\n\t\t\t\t\t\t\tcarousel.fadeTo(0,1);\r\n\t\t\t\t\t\t\tjQuery(\"#testimonial_carousel_70253 .owl-item .boc_owl_lazy\").css(\"opacity\",\"1\");\r\n\t\t\t\t\t\t}\r\n\r\n\t\t\t\t\t});\r\n\t\r\n\t\t\t\t<\/script>\r\n\t\t\t\t<!-- Testimonials Carousel JS: END -->\t    \r\n    \r\n\t\r\n\t\t\t\t[\/vc_column][\/vc_row][vc_row css=&#8221;.vc_custom_1643979540843{margin-top: -100px !important;}&#8221;][vc_column offset=&#8221;vc_hidden-md vc_hidden-sm vc_hidden-xs&#8221;][vc_row_inner gap=&#8221;35&#8243; css=&#8221;.vc_custom_1639384734539{margin-bottom: 0px !important;}&#8221;][vc_column_inner width=&#8221;2\/3&#8243;][vc_column_text el_class=&#8221;texto&#8221;]<\/p>\n<h2 class=\"tituloHome\">Explora els nostres diferents men\u00fas<\/h2>\n<p>En Can Mauri ens adaptem a totes les situacions i oferim diversos men\u00fas, en els quals \u00e9s possible triar entre dinstintas proposades culin\u00e0ries, per a aconseguir delectar a tots els paladars en un espai \u00fanic.<\/p>\n<p>Un men\u00fa pensat exclusivament per al seu dia, ple de sabors i propostes que tant petits com majors gaudiran. Tria entre les diferents opcions i configura la teva proposta per a aquest dia tan especial. Tant si \u00e9s al migdia com de tarda, trobarem junts l&#8217;opci\u00f3 perfecta.[\/vc_column_text][\/vc_column_inner][vc_column_inner width=&#8221;1\/3&#8243; offset=&#8221;vc_hidden-sm vc_hidden-xs&#8221;]<div class=\"boc_spacing \" style=\"height: 40px\"><\/div>[vc_single_image img_size=&#8221;boc_medium&#8221; alignment=&#8221;center&#8221; image=&#8221;305&#8243;][\/vc_column_inner][\/vc_row_inner][\/vc_column][\/vc_row][vc_row css=&#8221;.vc_custom_1643979540843{margin-top: -100px !important;}&#8221;][vc_column offset=&#8221;vc_hidden-lg&#8221;][vc_row_inner gap=&#8221;35&#8243; css=&#8221;.vc_custom_1639384734539{margin-bottom: 0px !important;}&#8221;][vc_column_inner width=&#8221;2\/3&#8243;][vc_column_text el_class=&#8221;texto&#8221;]<\/p>\n<h2 class=\"tituloHome\">Explora els nostres diferents men\u00fas<\/h2>\n<p>En Can Mauri ens adaptem a totes les situacions i oferim diversos men\u00fas, en els quals \u00e9s possible triar entre dinstintas proposades culin\u00e0ries, per a aconseguir delectar a tots els paladars en un espai \u00fanic.<\/p>\n<p>Un men\u00fa pensat exclusivament per al seu dia, ple de sabors i propostes que tant petits com majors gaudiran. Tria entre les diferents opcions i configura la teva proposta per a aquest dia tan especial. Tant si \u00e9s al migdia com de tarda, trobarem junts l&#8217;opci\u00f3 perfecta.[\/vc_column_text]<a\thref=\"\/contacto\" \n\t\t\t\tclass=\"button btn_medium btn_theme_color btn_squared btn_normal_style    \"  target='_self'><span>M\u00e1s informaci\u00f3n<\/span><\/a>[\/vc_column_inner][vc_column_inner width=&#8221;1\/3&#8243; offset=&#8221;vc_hidden-sm vc_hidden-xs&#8221;]<div class=\"boc_spacing \" style=\"height: 40px\"><\/div>[vc_single_image img_size=&#8221;boc_medium&#8221; alignment=&#8221;center&#8221; image=&#8221;305&#8243;][\/vc_column_inner][\/vc_row_inner][\/vc_column][\/vc_row][vc_row full_width=&#8221;stretch_row_content_no_spaces&#8221; equal_height=&#8221;yes&#8221;][vc_column el_class=&#8221;botones&#8221;][vc_raw_html el_class=&#8221;botones&#8221;]JTNDaWZyYW1lJTIwc3JjJTNEJTIyaHR0cHMlM0ElMkYlMkZtb2R1bGUubGFmb3VyY2hldHRlLmNvbSUyRmVzX0VTJTJGbW9kdWxlJTJGMjk2NDQ1LWRjM2UwJTIwJTIyJTIwc3R5bGUlM0QlMjJ3aWR0aCUzQSUyMDEwMCUyNSUzQiUyMG1pbi1oZWlnaHQlM0E0MDBweCUzQiUyMGJvcmRlciUzQW5vbmUlM0IlMjBvdmVyZmxvdyUzQXNjcm9sbCUzQiUyMiUzRSUzQyUyRmlmcmFtZSUzRQ==[\/vc_raw_html][\/vc_column][\/vc_row]<\/p>\n<\/div>","protected":false},"excerpt":{"rendered":"<p>[vc_row full_width=&#8221;stretch_row&#8221; bg_type=&#8221;image&#8221; bg_image_new=&#8221;670&#8243; bg_image_repeat=&#8221;no-repeat&#8221;][vc_column][vc_column_text el_class=&#8221;tituloContacto&#8221;] Reserva ara [\/vc_column_text][\/vc_column][\/vc_row][vc_row][vc_column][\/vc_column][\/vc_row][vc_row css=&#8221;.vc_custom_1643979540843{margin-top: -100px !important;}&#8221;][vc_column offset=&#8221;vc_hidden-md vc_hidden-sm vc_hidden-xs&#8221;][vc_row_inner gap=&#8221;35&#8243; css=&#8221;.vc_custom_1639384734539{margin-bottom: 0px !important;}&#8221;][vc_column_inner width=&#8221;2\/3&#8243;][vc_column_text el_class=&#8221;texto&#8221;] Explora els nostres diferents men\u00fas En Can Mauri ens adaptem a totes les situacions i oferim diversos men\u00fas, en els quals \u00e9s possible triar entre dinstintas proposades culin\u00e0ries, per a aconseguir delectar a tots els paladars en un espai<\/p>\n<div class=\"h10\"><\/div>\n<p><a class=\"more-link1\" href=\"https:\/\/canmauri.com\/ca\/reserves\/\">Read more<\/a><\/p>\n","protected":false},"author":1,"featured_media":0,"parent":0,"menu_order":0,"comment_status":"closed","ping_status":"closed","template":"","meta":{"_vp_format_video_url":"","_vp_image_focal_point":[],"footnotes":""},"class_list":["post-898","page","type-page","status-publish","hentry"],"yoast_head":"<!-- This site is optimized with the Yoast SEO plugin v26.2 - https:\/\/yoast.com\/wordpress\/plugins\/seo\/ -->\n<title>Reserves - Can Mauri<\/title>\n<meta name=\"robots\" content=\"index, follow, max-snippet:-1, max-image-preview:large, max-video-preview:-1\" \/>\n<link rel=\"canonical\" href=\"https:\/\/canmauri.com\/ca\/reservas\/\" \/>\n<meta property=\"og:locale\" content=\"ca_ES\" \/>\n<meta property=\"og:type\" content=\"article\" \/>\n<meta property=\"og:title\" content=\"Reserves - Can Mauri\" \/>\n<meta property=\"og:description\" content=\"[vc_row full_width=&#8221;stretch_row&#8221; bg_type=&#8221;image&#8221; bg_image_new=&#8221;670&#8243; bg_image_repeat=&#8221;no-repeat&#8221;][vc_column][vc_column_text el_class=&#8221;tituloContacto&#8221;] Reserva ara [\/vc_column_text][\/vc_column][\/vc_row][vc_row][vc_column][\/vc_column][\/vc_row][vc_row css=&#8221;.vc_custom_1643979540843{margin-top: -100px !important;}&#8221;][vc_column offset=&#8221;vc_hidden-md vc_hidden-sm vc_hidden-xs&#8221;][vc_row_inner gap=&#8221;35&#8243; css=&#8221;.vc_custom_1639384734539{margin-bottom: 0px !important;}&#8221;][vc_column_inner width=&#8221;2\/3&#8243;][vc_column_text el_class=&#8221;texto&#8221;] Explora els nostres diferents men\u00fas En Can Mauri ens adaptem a totes les situacions i oferim diversos men\u00fas, en els quals \u00e9s possible triar entre dinstintas proposades culin\u00e0ries, per a aconseguir delectar a tots els paladars en un espaiRead more\" \/>\n<meta property=\"og:url\" content=\"https:\/\/canmauri.com\/reservas\/\" \/>\n<meta property=\"og:site_name\" content=\"Can Mauri\" \/>\n<meta property=\"article:modified_time\" content=\"2022-03-08T11:06:54+00:00\" \/>\n<meta name=\"twitter:card\" content=\"summary_large_image\" \/>\n<meta name=\"twitter:label1\" content=\"Temps estimat de lectura\" \/>\n\t<meta name=\"twitter:data1\" content=\"3 minuts\" \/>\n<script type=\"application\/ld+json\" class=\"yoast-schema-graph\">{\"@context\":\"https:\/\/schema.org\",\"@graph\":[{\"@type\":\"WebPage\",\"@id\":\"https:\/\/canmauri.com\/reservas\/\",\"url\":\"https:\/\/canmauri.com\/reservas\/\",\"name\":\"Reserves - Can Mauri\",\"isPartOf\":{\"@id\":\"https:\/\/canmauri.com\/#website\"},\"datePublished\":\"2021-12-02T13:19:28+00:00\",\"dateModified\":\"2022-03-08T11:06:54+00:00\",\"breadcrumb\":{\"@id\":\"https:\/\/canmauri.com\/reservas\/#breadcrumb\"},\"inLanguage\":\"ca\",\"potentialAction\":[{\"@type\":\"ReadAction\",\"target\":[\"https:\/\/canmauri.com\/reservas\/\"]}]},{\"@type\":\"BreadcrumbList\",\"@id\":\"https:\/\/canmauri.com\/reservas\/#breadcrumb\",\"itemListElement\":[{\"@type\":\"ListItem\",\"position\":1,\"name\":\"Portada\",\"item\":\"https:\/\/canmauri.com\/ca\/\"},{\"@type\":\"ListItem\",\"position\":2,\"name\":\"Reserves\"}]},{\"@type\":\"WebSite\",\"@id\":\"https:\/\/canmauri.com\/#website\",\"url\":\"https:\/\/canmauri.com\/\",\"name\":\"Can Mauri\",\"description\":\"\",\"potentialAction\":[{\"@type\":\"SearchAction\",\"target\":{\"@type\":\"EntryPoint\",\"urlTemplate\":\"https:\/\/canmauri.com\/?s={search_term_string}\"},\"query-input\":{\"@type\":\"PropertyValueSpecification\",\"valueRequired\":true,\"valueName\":\"search_term_string\"}}],\"inLanguage\":\"ca\"}]}<\/script>\n<!-- \/ Yoast SEO plugin. -->","yoast_head_json":{"title":"Reserves - Can Mauri","robots":{"index":"index","follow":"follow","max-snippet":"max-snippet:-1","max-image-preview":"max-image-preview:large","max-video-preview":"max-video-preview:-1"},"canonical":"https:\/\/canmauri.com\/ca\/reservas\/","og_locale":"ca_ES","og_type":"article","og_title":"Reserves - Can Mauri","og_description":"[vc_row full_width=&#8221;stretch_row&#8221; bg_type=&#8221;image&#8221; bg_image_new=&#8221;670&#8243; bg_image_repeat=&#8221;no-repeat&#8221;][vc_column][vc_column_text el_class=&#8221;tituloContacto&#8221;] Reserva ara [\/vc_column_text][\/vc_column][\/vc_row][vc_row][vc_column][\/vc_column][\/vc_row][vc_row css=&#8221;.vc_custom_1643979540843{margin-top: -100px !important;}&#8221;][vc_column offset=&#8221;vc_hidden-md vc_hidden-sm vc_hidden-xs&#8221;][vc_row_inner gap=&#8221;35&#8243; css=&#8221;.vc_custom_1639384734539{margin-bottom: 0px !important;}&#8221;][vc_column_inner width=&#8221;2\/3&#8243;][vc_column_text el_class=&#8221;texto&#8221;] Explora els nostres diferents men\u00fas En Can Mauri ens adaptem a totes les situacions i oferim diversos men\u00fas, en els quals \u00e9s possible triar entre dinstintas proposades culin\u00e0ries, per a aconseguir delectar a tots els paladars en un espaiRead more","og_url":"https:\/\/canmauri.com\/reservas\/","og_site_name":"Can Mauri","article_modified_time":"2022-03-08T11:06:54+00:00","twitter_card":"summary_large_image","twitter_misc":{"Temps estimat de lectura":"3 minuts"},"schema":{"@context":"https:\/\/schema.org","@graph":[{"@type":"WebPage","@id":"https:\/\/canmauri.com\/reservas\/","url":"https:\/\/canmauri.com\/reservas\/","name":"Reserves - Can Mauri","isPartOf":{"@id":"https:\/\/canmauri.com\/#website"},"datePublished":"2021-12-02T13:19:28+00:00","dateModified":"2022-03-08T11:06:54+00:00","breadcrumb":{"@id":"https:\/\/canmauri.com\/reservas\/#breadcrumb"},"inLanguage":"ca","potentialAction":[{"@type":"ReadAction","target":["https:\/\/canmauri.com\/reservas\/"]}]},{"@type":"BreadcrumbList","@id":"https:\/\/canmauri.com\/reservas\/#breadcrumb","itemListElement":[{"@type":"ListItem","position":1,"name":"Portada","item":"https:\/\/canmauri.com\/ca\/"},{"@type":"ListItem","position":2,"name":"Reserves"}]},{"@type":"WebSite","@id":"https:\/\/canmauri.com\/#website","url":"https:\/\/canmauri.com\/","name":"Can Mauri","description":"","potentialAction":[{"@type":"SearchAction","target":{"@type":"EntryPoint","urlTemplate":"https:\/\/canmauri.com\/?s={search_term_string}"},"query-input":{"@type":"PropertyValueSpecification","valueRequired":true,"valueName":"search_term_string"}}],"inLanguage":"ca"}]}},"_links":{"self":[{"href":"https:\/\/canmauri.com\/ca\/wp-json\/wp\/v2\/pages\/898","targetHints":{"allow":["GET"]}}],"collection":[{"href":"https:\/\/canmauri.com\/ca\/wp-json\/wp\/v2\/pages"}],"about":[{"href":"https:\/\/canmauri.com\/ca\/wp-json\/wp\/v2\/types\/page"}],"author":[{"embeddable":true,"href":"https:\/\/canmauri.com\/ca\/wp-json\/wp\/v2\/users\/1"}],"replies":[{"embeddable":true,"href":"https:\/\/canmauri.com\/ca\/wp-json\/wp\/v2\/comments?post=898"}],"version-history":[{"count":8,"href":"https:\/\/canmauri.com\/ca\/wp-json\/wp\/v2\/pages\/898\/revisions"}],"predecessor-version":[{"id":2375,"href":"https:\/\/canmauri.com\/ca\/wp-json\/wp\/v2\/pages\/898\/revisions\/2375"}],"wp:attachment":[{"href":"https:\/\/canmauri.com\/ca\/wp-json\/wp\/v2\/media?parent=898"}],"curies":[{"name":"wp","href":"https:\/\/api.w.org\/{rel}","templated":true}]}}