{"id":8510,"date":"2026-05-06T10:57:27","date_gmt":"2026-05-06T08:57:27","guid":{"rendered":"https:\/\/canmauri.com\/?page_id=8510"},"modified":"2026-05-06T10:58:27","modified_gmt":"2026-05-06T08:58:27","slug":"masia-per-a-casaments-a-sabadell","status":"publish","type":"page","link":"https:\/\/canmauri.com\/ca\/masia-per-a-casaments-a-sabadell\/","title":{"rendered":"Masia per a casaments a Sabadell"},"content":{"rendered":"<div class=\"wpb-content-wrapper\"><p>[vc_row full_width=&#8221;stretch_row&#8221; equal_height=&#8221;yes&#8221; content_placement=&#8221;middle&#8221; bg_type=&#8221;image&#8221; bg_image_new=&#8221;1125&#8243; bg_image_repeat=&#8221;no-repeat&#8221; css=&#8221;.vc_custom_1740396271943{margin-right: 5px !important;margin-left: 5px !important;}&#8221;][vc_column]<div class=\"boc_spacing \" style=\"height: 300px\"><\/div>[vc_column_text css=&#8221;&#8221; el_class=&#8221;tituloMenu&#8221;]<\/p>\n<h1 style=\"text-align: center;\"><strong>Masia per a casaments a Sabadell<\/strong><\/h1>\n<p>[\/vc_column_text]<div class=\"boc_spacing \" style=\"height: 150px\"><\/div>[\/vc_column][\/vc_row][vc_row][vc_column]<div class=\"boc_divider_holder\"><div class=\"boc_divider  \"  style=\"margin-top: 20px;margin-bottom: 20px;height: 3px;background: #ffffff;\"><\/div><\/div>[\/vc_column][\/vc_row][vc_row full_width=&#8221;stretch_row_content_no_spaces&#8221; equal_height=&#8221;yes&#8221; css=&#8221;.vc_custom_1740396287516{margin-right: 5px !important;margin-left: 5px !important;}&#8221;][vc_column width=&#8221;1\/2&#8243;]<div class=\"boc_spacing \" style=\"height: 75px\"><\/div>[vc_column_text css=&#8221;.vc_custom_1778057765965{margin-right: 70px !important;margin-left: 80px !important;}&#8221; el_class=&#8221;tituloMenu3&#8243;]<\/p>\n<h2 data-section-id=\"zz96r4\" data-start=\"212\" data-end=\"271\"><strong>Espais exclusius a la nostra masia per a casaments a Sabadell<\/strong><\/h2>\n<p data-start=\"363\" data-end=\"1028\">Cada casament mereix un escenari que faci que el dia sigui \u00fanic i inoblidable. La nostra <strong data-start=\"452\" data-end=\"486\">masia per a casaments a Sabadell<\/strong> ofereix espais vers\u00e0tils i elegants, perfectes per a qualsevol tipus de celebraci\u00f3. Des d\u2019amplis salons interiors plens de llum natural fins a jardins i terrasses amb encant, cada rac\u00f3 combina tradici\u00f3 i modernitat.<\/p>\n<p data-start=\"363\" data-end=\"1028\">Tots els espais estan preparats per adaptar-se a cerim\u00f2nies \u00edntimes o esdeveniments de gran escala, permetent personalitzar cada detall segons l\u2019estil i les prefer\u00e8ncies dels nuvis. Gr\u00e0cies a la nostra experi\u00e8ncia, cada casament es converteix en un esdeveniment exclusiu que reflecteix la personalitat dels qui el celebren.<\/p>\n<p>[\/vc_column_text]<div class=\"boc_spacing \" style=\"height: 75px\"><\/div>[\/vc_column][vc_column width=&#8221;1\/2&#8243; css=&#8221;.vc_custom_1778057881688{margin-right: 50px !important;background-image: url(https:\/\/canmauri.com\/wp-content\/uploads\/2026\/05\/Masia-para-casamientos-en-Sabadell-2.png?id=8515) !important;background-position: center !important;background-repeat: no-repeat !important;background-size: cover !important;}&#8221;]<div class=\"boc_spacing \" style=\"height: 500px\"><\/div>[\/vc_column][\/vc_row][vc_row][vc_column]<div class=\"boc_divider_holder\"><div class=\"boc_divider  \"  style=\"margin-top: 20px;margin-bottom: 20px;height: 3px;background: #ffffff;\"><\/div><\/div>[\/vc_column][\/vc_row][vc_row full_width=&#8221;stretch_row_content_no_spaces&#8221; equal_height=&#8221;yes&#8221;][vc_column width=&#8221;1\/2&#8243; css=&#8221;.vc_custom_1778057892820{margin-left: 50px !important;background-image: url(https:\/\/canmauri.com\/wp-content\/uploads\/2026\/05\/Masia-para-casamientos-en-Sabadell-3.png?id=8517) !important;background-position: center !important;background-repeat: no-repeat !important;background-size: cover !important;}&#8221;]<div class=\"boc_spacing \" style=\"height: 500px\"><\/div>[\/vc_column][vc_column width=&#8221;1\/2&#8243;]<div class=\"boc_spacing \" style=\"height: 75px\"><\/div>[vc_column_text css=&#8221;.vc_custom_1778057774795{margin-right: 70px !important;margin-left: 80px !important;}&#8221; el_class=&#8221;tituloMenu3&#8243;]<\/p>\n<h2 data-section-id=\"1vlv7gj\" data-start=\"1097\" data-end=\"1155\"><strong>Serveis complets a la masia per a casaments a Sabadell<\/strong><\/h2>\n<p data-start=\"1098\" data-end=\"1736\">A Can Mauri entenem que planificar un casament pot ser complex, per aix\u00f2 oferim un servei integral que assegura que tot surti perfecte. La nostra <strong data-start=\"1244\" data-end=\"1278\">masia per a casaments a Sabadell<\/strong> compta amb un equip de professionals especialitzats en coordinaci\u00f3 d\u2019esdeveniments, decoraci\u00f3 personalitzada, catering gourmet i log\u00edstica d\u2019invitats.<\/p>\n<p data-start=\"1098\" data-end=\"1736\">Ens ocupem de cada detall, des de l\u2019organitzaci\u00f3 de l\u2019espai fins a la selecci\u00f3 de prove\u00efdors, perqu\u00e8 els nuvis nom\u00e9s s\u2019hagin de preocupar per gaudir del seu dia. A m\u00e9s, oferim solucions d\u2019allotjament i activitats complement\u00e0ries per a convidats, assegurant comoditat i benestar durant tota la celebraci\u00f3.<\/p>\n<p>[\/vc_column_text]<div class=\"boc_spacing \" style=\"height: 75px\"><\/div>[\/vc_column][\/vc_row][vc_row][vc_column]<div class=\"boc_divider_holder\"><div class=\"boc_divider  \"  style=\"margin-top: 20px;margin-bottom: 20px;height: 3px;background: #ffffff;\"><\/div><\/div>[\/vc_column][\/vc_row][vc_row full_width=&#8221;stretch_row_content_no_spaces&#8221; equal_height=&#8221;yes&#8221;][vc_column width=&#8221;1\/2&#8243;]<div class=\"boc_spacing \" style=\"height: 75px\"><\/div>[vc_column_text css=&#8221;.vc_custom_1778057783333{margin-right: 70px !important;margin-left: 80px !important;}&#8221; el_class=&#8221;tituloMenu3&#8243;]<\/p>\n<h2 data-section-id=\"xq5pso\" data-start=\"1960\" data-end=\"2029\"><strong>Experi\u00e8ncia \u00fanica a la masia per a casaments a Sabadell<\/strong><\/h2>\n<p data-start=\"1807\" data-end=\"2445\">Cada casament que celebrem \u00e9s una experi\u00e8ncia \u00fanica, dissenyada per crear records inesborrables. La nostra <strong data-start=\"1914\" data-end=\"1948\">masia per a casaments a Sabadell<\/strong> combina un entorn natural privilegiat amb instal\u00b7lacions modernes i elegants, garantint que cada moment sigui especial. Des de la cerim\u00f2nia fins a la recepci\u00f3, cada detall es cuida amb dedicaci\u00f3 i professionalitat, assegurant que la celebraci\u00f3 sigui impecable.<\/p>\n<p data-start=\"1807\" data-end=\"2445\">A Can Mauri, ens esforcem per oferir un servei proper i personalitzat, on cada parella rep atenci\u00f3 exclusiva i assessorament continu, fent que el casament no sigui nom\u00e9s un esdeveniment, sin\u00f3 un record inoblidable per a tota la vida.<\/p>\n<p>[\/vc_column_text]<div class=\"boc_spacing \" style=\"height: 75px\"><\/div>[\/vc_column][vc_column width=&#8221;1\/2&#8243; css=&#8221;.vc_custom_1778057903953{margin-right: 50px !important;background-image: url(https:\/\/canmauri.com\/wp-content\/uploads\/2026\/05\/Masia-para-casamientos-en-Sabadell-4.png?id=8519) !important;background-position: center !important;background-repeat: no-repeat !important;background-size: cover !important;}&#8221;]<div class=\"boc_spacing \" style=\"height: 500px\"><\/div>[\/vc_column][\/vc_row][vc_row css=&#8221;.vc_custom_1740476851144{margin-top: 100px !important;margin-right: 5px !important;margin-bottom: 50px !important;margin-left: 5px !important;}&#8221;][vc_column width=&#8221;1\/2&#8243;]\n<div class=\"wpcf7 no-js\" id=\"wpcf7-f14-o1\" lang=\"es-ES\" dir=\"ltr\" data-wpcf7-id=\"14\">\n<div class=\"screen-reader-response\"><p role=\"status\" aria-live=\"polite\" aria-atomic=\"true\"><\/p> <ul><\/ul><\/div>\n<form action=\"\/ca\/wp-json\/wp\/v2\/pages\/8510#wpcf7-f14-o1\" method=\"post\" class=\"wpcf7-form init\" aria-label=\"Formulario de contacto\" novalidate=\"novalidate\" data-status=\"init\">\n<fieldset class=\"hidden-fields-container\"><input type=\"hidden\" name=\"_wpcf7\" value=\"14\" \/><input type=\"hidden\" name=\"_wpcf7_version\" value=\"6.1.3\" \/><input type=\"hidden\" name=\"_wpcf7_locale\" value=\"es_ES\" \/><input type=\"hidden\" name=\"_wpcf7_unit_tag\" value=\"wpcf7-f14-o1\" \/><input type=\"hidden\" name=\"_wpcf7_container_post\" value=\"0\" \/><input type=\"hidden\" name=\"_wpcf7_posted_data_hash\" value=\"\" \/><input type=\"hidden\" name=\"_wpcf7_recaptcha_response\" value=\"\" \/>\n<\/fieldset>\n<div class=\"row\">\n\t<div class=\"col-md-6\">\n\t\t<p><span class=\"wpcf7-form-control-wrap\" data-name=\"your-name\"><input size=\"40\" maxlength=\"400\" class=\"wpcf7-form-control wpcf7-text wpcf7-validates-as-required\" aria-required=\"true\" aria-invalid=\"false\" placeholder=\"Nombre y Apellidos*\" value=\"\" type=\"text\" name=\"your-name\" \/><\/span>\n\t\t<\/p>\n\t<\/div>\n\t<div class=\"col-md-6\">\n\t\t<p><span class=\"wpcf7-form-control-wrap\" data-name=\"your-email\"><input size=\"40\" maxlength=\"400\" class=\"wpcf7-form-control wpcf7-email wpcf7-validates-as-required wpcf7-text wpcf7-validates-as-email\" aria-required=\"true\" aria-invalid=\"false\" placeholder=\"Email*\" value=\"\" type=\"email\" name=\"your-email\" \/><\/span>\n\t\t<\/p>\n\t<\/div>\n<\/div>\n<div class=\"row\">\n\t<div class=\"col-md-6\">\n\t\t<p><span class=\"wpcf7-form-control-wrap\" data-name=\"text-114\"><input size=\"40\" maxlength=\"400\" class=\"wpcf7-form-control wpcf7-text wpcf7-validates-as-required\" aria-required=\"true\" aria-invalid=\"false\" placeholder=\"Tel\u00e9fono*\" value=\"\" type=\"text\" name=\"text-114\" \/><\/span>\n\t\t<\/p>\n\t<\/div>\n\t<div class=\"col-md-6\">\n\t\t<p><span class=\"wpcf7-form-control-wrap\" data-name=\"your-subject\"><input size=\"40\" maxlength=\"400\" class=\"wpcf7-form-control wpcf7-text\" aria-invalid=\"false\" placeholder=\"Asunto\" value=\"\" type=\"text\" name=\"your-subject\" \/><\/span>\n\t\t<\/p>\n\t<\/div>\n<\/div>\n<div class=\"row\">\n\t<div class=\"col-md-12\">\n\t\t<p><span class=\"wpcf7-form-control-wrap\" data-name=\"your-message\"><textarea cols=\"40\" rows=\"10\" maxlength=\"2000\" class=\"wpcf7-form-control wpcf7-textarea\" aria-invalid=\"false\" placeholder=\"Mensaje\" name=\"your-message\"><\/textarea><\/span>\n\t\t<\/p>\n\t<\/div>\n\t<div class=\"col-md-12\">\n\t\t<p><span class=\"wpcf7-form-control-wrap\" data-name=\"acceptance-185\"><span class=\"wpcf7-form-control wpcf7-acceptance\"><span class=\"wpcf7-list-item\"><label><input type=\"checkbox\" name=\"acceptance-185\" value=\"1\" aria-invalid=\"false\" \/><span class=\"wpcf7-list-item-label\">He le\u00eddo la <a href=\"\/politica-de-privacidad\/\">pol\u00edtica de privacidad<\/a> y acepto el env\u00edo de la informaci\u00f3n<\/span><\/label><\/span><\/span><\/span>\n\t\t<\/p>\n\t<\/div>\n<\/div>\n<p><input class=\"wpcf7-form-control wpcf7-submit has-spinner\" type=\"submit\" value=\"Enviar\" \/>\n<\/p><div class=\"wpcf7-response-output\" aria-hidden=\"true\"><\/div>\n<\/form>\n<\/div>\n[\/vc_column][vc_column width=&#8221;1\/2&#8243;]<div class=\"side_icon_box normal  \"><span class=\"icon_feat \" style=\"\"><i class=\"icon icon-map-marker2\" style=\"\"><\/i><\/span><h3>Carretera C-155, km 1,5, 08213 Poliny\u00e1, Barcelona<\/h3><div class=\"side_icon_box_content\"><a href=\"https:\/\/www.google.com\/maps\/dir\/\/Restaurant+Can+Mauri,+C-155,+km+1,5,+08213+Sabadell,+Barcelona\/@41.570099,2.128654,15z\/data=!4m8!4m7!1m0!1m5!1m1!1s0x12a495464350381b:0x84b2792e3b141ed0!2m2!1d2.1286539!2d41.5700992?hl=es-ES\">C\u00f3mo llegar<\/a><\/div><\/div><div class=\"side_icon_box normal  \"><span class=\"icon_feat \" style=\"\"><i class=\"icon icon-phone3\" style=\"\"><\/i><\/span><h3>937 43 50 66<\/h3><div class=\"side_icon_box_content\">Solicita tu presupuesto<\/div><\/div><div class=\"side_icon_box normal  \"><span class=\"icon_feat \" style=\"\"><i class=\"icon icon-clock\" style=\"\"><\/i><\/span><h3>Horarios<\/h3><div class=\"side_icon_box_content\">Mi\u00e9rcoles a domingo 13h-16h.<br \/>\nViernes y s\u00e1bado 13h-16h \/ 20h-24h.<\/div><\/div><div class=\"side_icon_box normal  \"><span class=\"icon_feat \" style=\"\"><i class=\"icon icon-mail\" style=\"\"><\/i><\/span><h3><a href=\"mailto:info@restaurantcanmauri.com\" target=\"_self\">info@restaurantcanmauri.com<\/a><\/h3><div class=\"side_icon_box_content\"><\/div><\/div>[\/vc_column][\/vc_row]<\/p>\n<\/div>","protected":false},"excerpt":{"rendered":"<p>[vc_row full_width=&#8221;stretch_row&#8221; equal_height=&#8221;yes&#8221; content_placement=&#8221;middle&#8221; bg_type=&#8221;image&#8221; bg_image_new=&#8221;1125&#8243; bg_image_repeat=&#8221;no-repeat&#8221; css=&#8221;.vc_custom_1740396271943{margin-right: 5px !important;margin-left: 5px !important;}&#8221;][vc_column][vc_column_text css=&#8221;&#8221; el_class=&#8221;tituloMenu&#8221;] Masia per a casaments a Sabadell [\/vc_column_text][\/vc_column][\/vc_row][vc_row][vc_column][\/vc_column][\/vc_row][vc_row full_width=&#8221;stretch_row_content_no_spaces&#8221; equal_height=&#8221;yes&#8221; css=&#8221;.vc_custom_1740396287516{margin-right: 5px !important;margin-left: 5px !important;}&#8221;][vc_column width=&#8221;1\/2&#8243;][vc_column_text css=&#8221;.vc_custom_1778057765965{margin-right: 70px !important;margin-left: 80px !important;}&#8221; el_class=&#8221;tituloMenu3&#8243;] Espais exclusius a la nostra masia per a casaments a Sabadell Cada casament mereix un escenari que faci que el dia sigui \u00fanic i inoblidable.<\/p>\n<div class=\"h10\"><\/div>\n<p><a class=\"more-link1\" href=\"https:\/\/canmauri.com\/ca\/masia-per-a-casaments-a-sabadell\/\">Read more<\/a><\/p>\n","protected":false},"author":7,"featured_media":8529,"parent":0,"menu_order":0,"comment_status":"closed","ping_status":"closed","template":"","meta":{"_vp_format_video_url":"","_vp_image_focal_point":[],"footnotes":""},"class_list":["post-8510","page","type-page","status-publish","has-post-thumbnail","hentry"],"yoast_head":"<!-- This site is optimized with the Yoast SEO plugin v26.2 - https:\/\/yoast.com\/wordpress\/plugins\/seo\/ -->\n<title>Masia per a casaments a Sabadell | Can Mauri<\/title>\n<meta name=\"description\" content=\"Celebra el teu casament a la masia per a casaments a Sabadell de Can Mauri. Espais elegants, jardins \u00fanics i serveis complets a mesura.\" \/>\n<meta name=\"robots\" content=\"index, follow, max-snippet:-1, max-image-preview:large, max-video-preview:-1\" \/>\n<link rel=\"canonical\" href=\"https:\/\/canmauri.com\/ca\/masia-per-a-casaments-a-sabadell\/\" \/>\n<meta property=\"og:locale\" content=\"ca_ES\" \/>\n<meta property=\"og:type\" content=\"article\" \/>\n<meta property=\"og:title\" content=\"Masia per a casaments a Sabadell | Can Mauri\" \/>\n<meta property=\"og:description\" content=\"Celebra el teu casament a la masia per a casaments a Sabadell de Can Mauri. Espais elegants, jardins \u00fanics i serveis complets a mesura.\" \/>\n<meta property=\"og:url\" content=\"https:\/\/canmauri.com\/ca\/masia-per-a-casaments-a-sabadell\/\" \/>\n<meta property=\"og:site_name\" content=\"Can Mauri\" \/>\n<meta property=\"article:modified_time\" content=\"2026-05-06T08:58:27+00:00\" \/>\n<meta property=\"og:image\" content=\"https:\/\/canmauri.com\/wp-content\/uploads\/2026\/05\/Masia-para-casamientos-en-Sabadell.png\" \/>\n\t<meta property=\"og:image:width\" content=\"1200\" \/>\n\t<meta property=\"og:image:height\" content=\"750\" \/>\n\t<meta property=\"og:image:type\" content=\"image\/png\" \/>\n<meta name=\"twitter:card\" content=\"summary_large_image\" \/>\n<meta name=\"twitter:label1\" content=\"Temps estimat de lectura\" \/>\n\t<meta name=\"twitter:data1\" content=\"3 minuts\" \/>\n<script type=\"application\/ld+json\" class=\"yoast-schema-graph\">{\"@context\":\"https:\/\/schema.org\",\"@graph\":[{\"@type\":\"WebPage\",\"@id\":\"https:\/\/canmauri.com\/ca\/masia-per-a-casaments-a-sabadell\/\",\"url\":\"https:\/\/canmauri.com\/ca\/masia-per-a-casaments-a-sabadell\/\",\"name\":\"Masia per a casaments a Sabadell | Can Mauri\",\"isPartOf\":{\"@id\":\"https:\/\/canmauri.com\/#website\"},\"primaryImageOfPage\":{\"@id\":\"https:\/\/canmauri.com\/ca\/masia-per-a-casaments-a-sabadell\/#primaryimage\"},\"image\":{\"@id\":\"https:\/\/canmauri.com\/ca\/masia-per-a-casaments-a-sabadell\/#primaryimage\"},\"thumbnailUrl\":\"https:\/\/canmauri.com\/wp-content\/uploads\/2026\/05\/Masia-para-casamientos-en-Sabadell.png\",\"datePublished\":\"2026-05-06T08:57:27+00:00\",\"dateModified\":\"2026-05-06T08:58:27+00:00\",\"description\":\"Celebra el teu casament a la masia per a casaments a Sabadell de Can Mauri. Espais elegants, jardins \u00fanics i serveis complets a mesura.\",\"breadcrumb\":{\"@id\":\"https:\/\/canmauri.com\/ca\/masia-per-a-casaments-a-sabadell\/#breadcrumb\"},\"inLanguage\":\"ca\",\"potentialAction\":[{\"@type\":\"ReadAction\",\"target\":[\"https:\/\/canmauri.com\/ca\/masia-per-a-casaments-a-sabadell\/\"]}]},{\"@type\":\"ImageObject\",\"inLanguage\":\"ca\",\"@id\":\"https:\/\/canmauri.com\/ca\/masia-per-a-casaments-a-sabadell\/#primaryimage\",\"url\":\"https:\/\/canmauri.com\/wp-content\/uploads\/2026\/05\/Masia-para-casamientos-en-Sabadell.png\",\"contentUrl\":\"https:\/\/canmauri.com\/wp-content\/uploads\/2026\/05\/Masia-para-casamientos-en-Sabadell.png\",\"width\":1200,\"height\":750,\"caption\":\"Novios celebrando su boda en la mas\u00eda para casamientos en Sabadell rodeados de invitados felices\"},{\"@type\":\"BreadcrumbList\",\"@id\":\"https:\/\/canmauri.com\/ca\/masia-per-a-casaments-a-sabadell\/#breadcrumb\",\"itemListElement\":[{\"@type\":\"ListItem\",\"position\":1,\"name\":\"Portada\",\"item\":\"https:\/\/canmauri.com\/ca\/\"},{\"@type\":\"ListItem\",\"position\":2,\"name\":\"Masia per a casaments a Sabadell\"}]},{\"@type\":\"WebSite\",\"@id\":\"https:\/\/canmauri.com\/#website\",\"url\":\"https:\/\/canmauri.com\/\",\"name\":\"Can Mauri\",\"description\":\"\",\"potentialAction\":[{\"@type\":\"SearchAction\",\"target\":{\"@type\":\"EntryPoint\",\"urlTemplate\":\"https:\/\/canmauri.com\/?s={search_term_string}\"},\"query-input\":{\"@type\":\"PropertyValueSpecification\",\"valueRequired\":true,\"valueName\":\"search_term_string\"}}],\"inLanguage\":\"ca\"}]}<\/script>\n<!-- \/ Yoast SEO plugin. -->","yoast_head_json":{"title":"Masia per a casaments a Sabadell | Can Mauri","description":"Celebra el teu casament a la masia per a casaments a Sabadell de Can Mauri. Espais elegants, jardins \u00fanics i serveis complets a mesura.","robots":{"index":"index","follow":"follow","max-snippet":"max-snippet:-1","max-image-preview":"max-image-preview:large","max-video-preview":"max-video-preview:-1"},"canonical":"https:\/\/canmauri.com\/ca\/masia-per-a-casaments-a-sabadell\/","og_locale":"ca_ES","og_type":"article","og_title":"Masia per a casaments a Sabadell | Can Mauri","og_description":"Celebra el teu casament a la masia per a casaments a Sabadell de Can Mauri. Espais elegants, jardins \u00fanics i serveis complets a mesura.","og_url":"https:\/\/canmauri.com\/ca\/masia-per-a-casaments-a-sabadell\/","og_site_name":"Can Mauri","article_modified_time":"2026-05-06T08:58:27+00:00","og_image":[{"width":1200,"height":750,"url":"https:\/\/canmauri.com\/wp-content\/uploads\/2026\/05\/Masia-para-casamientos-en-Sabadell.png","type":"image\/png"}],"twitter_card":"summary_large_image","twitter_misc":{"Temps estimat de lectura":"3 minuts"},"schema":{"@context":"https:\/\/schema.org","@graph":[{"@type":"WebPage","@id":"https:\/\/canmauri.com\/ca\/masia-per-a-casaments-a-sabadell\/","url":"https:\/\/canmauri.com\/ca\/masia-per-a-casaments-a-sabadell\/","name":"Masia per a casaments a Sabadell | Can Mauri","isPartOf":{"@id":"https:\/\/canmauri.com\/#website"},"primaryImageOfPage":{"@id":"https:\/\/canmauri.com\/ca\/masia-per-a-casaments-a-sabadell\/#primaryimage"},"image":{"@id":"https:\/\/canmauri.com\/ca\/masia-per-a-casaments-a-sabadell\/#primaryimage"},"thumbnailUrl":"https:\/\/canmauri.com\/wp-content\/uploads\/2026\/05\/Masia-para-casamientos-en-Sabadell.png","datePublished":"2026-05-06T08:57:27+00:00","dateModified":"2026-05-06T08:58:27+00:00","description":"Celebra el teu casament a la masia per a casaments a Sabadell de Can Mauri. Espais elegants, jardins \u00fanics i serveis complets a mesura.","breadcrumb":{"@id":"https:\/\/canmauri.com\/ca\/masia-per-a-casaments-a-sabadell\/#breadcrumb"},"inLanguage":"ca","potentialAction":[{"@type":"ReadAction","target":["https:\/\/canmauri.com\/ca\/masia-per-a-casaments-a-sabadell\/"]}]},{"@type":"ImageObject","inLanguage":"ca","@id":"https:\/\/canmauri.com\/ca\/masia-per-a-casaments-a-sabadell\/#primaryimage","url":"https:\/\/canmauri.com\/wp-content\/uploads\/2026\/05\/Masia-para-casamientos-en-Sabadell.png","contentUrl":"https:\/\/canmauri.com\/wp-content\/uploads\/2026\/05\/Masia-para-casamientos-en-Sabadell.png","width":1200,"height":750,"caption":"Novios celebrando su boda en la mas\u00eda para casamientos en Sabadell rodeados de invitados felices"},{"@type":"BreadcrumbList","@id":"https:\/\/canmauri.com\/ca\/masia-per-a-casaments-a-sabadell\/#breadcrumb","itemListElement":[{"@type":"ListItem","position":1,"name":"Portada","item":"https:\/\/canmauri.com\/ca\/"},{"@type":"ListItem","position":2,"name":"Masia per a casaments a Sabadell"}]},{"@type":"WebSite","@id":"https:\/\/canmauri.com\/#website","url":"https:\/\/canmauri.com\/","name":"Can Mauri","description":"","potentialAction":[{"@type":"SearchAction","target":{"@type":"EntryPoint","urlTemplate":"https:\/\/canmauri.com\/?s={search_term_string}"},"query-input":{"@type":"PropertyValueSpecification","valueRequired":true,"valueName":"search_term_string"}}],"inLanguage":"ca"}]}},"_links":{"self":[{"href":"https:\/\/canmauri.com\/ca\/wp-json\/wp\/v2\/pages\/8510","targetHints":{"allow":["GET"]}}],"collection":[{"href":"https:\/\/canmauri.com\/ca\/wp-json\/wp\/v2\/pages"}],"about":[{"href":"https:\/\/canmauri.com\/ca\/wp-json\/wp\/v2\/types\/page"}],"author":[{"embeddable":true,"href":"https:\/\/canmauri.com\/ca\/wp-json\/wp\/v2\/users\/7"}],"replies":[{"embeddable":true,"href":"https:\/\/canmauri.com\/ca\/wp-json\/wp\/v2\/comments?post=8510"}],"version-history":[{"count":3,"href":"https:\/\/canmauri.com\/ca\/wp-json\/wp\/v2\/pages\/8510\/revisions"}],"predecessor-version":[{"id":8534,"href":"https:\/\/canmauri.com\/ca\/wp-json\/wp\/v2\/pages\/8510\/revisions\/8534"}],"wp:featuredmedia":[{"embeddable":true,"href":"https:\/\/canmauri.com\/ca\/wp-json\/wp\/v2\/media\/8529"}],"wp:attachment":[{"href":"https:\/\/canmauri.com\/ca\/wp-json\/wp\/v2\/media?parent=8510"}],"curies":[{"name":"wp","href":"https:\/\/api.w.org\/{rel}","templated":true}]}}