{"id":8464,"date":"2026-04-16T09:12:32","date_gmt":"2026-04-16T07:12:32","guid":{"rendered":"https:\/\/canmauri.com\/?page_id=8464"},"modified":"2026-04-21T09:26:54","modified_gmt":"2026-04-21T07:26:54","slug":"masia-a-polinya","status":"publish","type":"page","link":"https:\/\/canmauri.com\/ca\/masia-a-polinya\/","title":{"rendered":"Masia a Poliny\u00e0"},"content":{"rendered":"<div class=\"wpb-content-wrapper\"><p>[vc_row full_width=&#8221;stretch_row&#8221; equal_height=&#8221;yes&#8221; content_placement=&#8221;middle&#8221; bg_type=&#8221;image&#8221; bg_image_new=&#8221;1125&#8243; bg_image_repeat=&#8221;no-repeat&#8221; css=&#8221;.vc_custom_1740396271943{margin-right: 5px !important;margin-left: 5px !important;}&#8221;][vc_column]<div class=\"boc_spacing \" style=\"height: 300px\"><\/div>[vc_column_text css=&#8221;&#8221; el_class=&#8221;tituloMenu&#8221;]<\/p>\n<h1 style=\"text-align: center;\"><strong>Masia a Poliny\u00e0<\/strong><\/h1>\n<p>[\/vc_column_text]<div class=\"boc_spacing \" style=\"height: 150px\"><\/div>[\/vc_column][\/vc_row][vc_row][vc_column]<div class=\"boc_divider_holder\"><div class=\"boc_divider  \"  style=\"margin-top: 20px;margin-bottom: 20px;height: 3px;background: #ffffff;\"><\/div><\/div>[\/vc_column][\/vc_row][vc_row full_width=&#8221;stretch_row_content_no_spaces&#8221; equal_height=&#8221;yes&#8221; css=&#8221;.vc_custom_1740396287516{margin-right: 5px !important;margin-left: 5px !important;}&#8221;][vc_column width=&#8221;1\/2&#8243;]<div class=\"boc_spacing \" style=\"height: 75px\"><\/div>[vc_column_text css=&#8221;.vc_custom_1776756392952{margin-right: 70px !important;margin-left: 80px !important;}&#8221; el_class=&#8221;tituloMenu3&#8243;]<\/p>\n<h2 data-section-id=\"zz96r4\" data-start=\"212\" data-end=\"271\"><span role=\"text\"><strong data-start=\"215\" data-end=\"271\">Masia a Poliny\u00e0: tradici\u00f3 i excel\u00b7l\u00e8ncia a Can Mauri<\/strong><\/span><\/h2>\n<p data-start=\"273\" data-end=\"715\">A Can Mauri trobar\u00e0s una aut\u00e8ntica <strong data-start=\"308\" data-end=\"327\">masia a Poliny\u00e0<\/strong> on la tradici\u00f3 catalana es combina amb una experi\u00e8ncia gastron\u00f2mica contempor\u00e0nia. Situada en un entorn natural privilegiat, aquesta finca hist\u00f2rica del segle XV ofereix un espai \u00fanic per gaudir de la cuina de proximitat i d\u2019esdeveniments inoblidables. La combinaci\u00f3 d\u2019arquitectura r\u00fastica, jardins amplis i salons elegants converteix cada visita en una experi\u00e8ncia diferent i memorable.<\/p>\n<p data-start=\"717\" data-end=\"1090\">La nostra filosofia es basa en el respecte pel producte local, la temporalitat i la qualitat. Cada plat reflecteix l\u2019ess\u00e8ncia de la cuina catalana, reinterpretada amb t\u00e8cniques modernes per sorprendre els paladars m\u00e9s exigents. La <strong data-start=\"948\" data-end=\"967\">masia a Poliny\u00e0<\/strong> de Can Mauri no \u00e9s nom\u00e9s un restaurant, sin\u00f3 un espai on la gastronomia i l\u2019entorn es fusionen per crear records duradors.<\/p>\n<p>[\/vc_column_text]<div class=\"boc_spacing \" style=\"height: 75px\"><\/div>[\/vc_column][vc_column width=&#8221;1\/2&#8243; css=&#8221;.vc_custom_1776755971692{margin-right: 50px !important;background-image: url(https:\/\/canmauri.com\/wp-content\/uploads\/2026\/04\/Masia-en-Polinya-2.png?id=8466) !important;background-position: center !important;background-repeat: no-repeat !important;background-size: cover !important;}&#8221;]<div class=\"boc_spacing \" style=\"height: 500px\"><\/div>[\/vc_column][\/vc_row][vc_row][vc_column]<div class=\"boc_divider_holder\"><div class=\"boc_divider  \"  style=\"margin-top: 20px;margin-bottom: 20px;height: 3px;background: #ffffff;\"><\/div><\/div>[\/vc_column][\/vc_row][vc_row full_width=&#8221;stretch_row_content_no_spaces&#8221; equal_height=&#8221;yes&#8221;][vc_column width=&#8221;1\/2&#8243; css=&#8221;.vc_custom_1776755993748{margin-left: 50px !important;background-image: url(https:\/\/canmauri.com\/wp-content\/uploads\/2026\/04\/Masia-en-Polinya-3.png?id=8468) !important;background-position: center !important;background-repeat: no-repeat !important;background-size: cover !important;}&#8221;]<div class=\"boc_spacing \" style=\"height: 500px\"><\/div>[\/vc_column][vc_column width=&#8221;1\/2&#8243;]<div class=\"boc_spacing \" style=\"height: 75px\"><\/div>[vc_column_text css=&#8221;.vc_custom_1776756402421{margin-right: 70px !important;margin-left: 80px !important;}&#8221; el_class=&#8221;tituloMenu3&#8243;]<\/p>\n<h2 data-section-id=\"1vlv7gj\" data-start=\"1097\" data-end=\"1155\"><span role=\"text\"><strong data-start=\"1100\" data-end=\"1155\">Masia a Poliny\u00e0: gastronomia i men\u00fas personalitzats<\/strong><\/span><\/h2>\n<p data-start=\"1157\" data-end=\"1443\">La proposta culin\u00e0ria de Can Mauri destaca per la seva versatilitat i capacitat d\u2019adaptaci\u00f3. A la nostra <strong data-start=\"1262\" data-end=\"1281\">masia a Poliny\u00e0<\/strong>, dissenyem men\u00fas personalitzats per a casaments, celebracions familiars i esdeveniments corporatius, sempre amb ingredients frescos, locals i de m\u00e0xima qualitat.<\/p>\n<p data-start=\"1445\" data-end=\"1738\">L\u2019equip gastron\u00f2mic treballa amb productes de proximitat, combinant tradici\u00f3 i innovaci\u00f3 per oferir plats que respecten l\u2019ess\u00e8ncia de la cuina catalana. Des de carns a la brasa fins a opcions vegetarianes o sense gluten, cada detall est\u00e0 pensat per garantir una experi\u00e8ncia completa i cuidada.<\/p>\n<p data-start=\"1740\" data-end=\"1953\">A m\u00e9s, oferim assessorament personalitzat en l\u2019elecci\u00f3 del men\u00fa i el maridatge de vins, assegurant que cada esdeveniment a la nostra <strong data-start=\"1873\" data-end=\"1892\">masia a Poliny\u00e0<\/strong> sigui \u00fanic i totalment adaptat a les necessitats del client.<\/p>\n<p>[\/vc_column_text]<div class=\"boc_spacing \" style=\"height: 75px\"><\/div>[\/vc_column][\/vc_row][vc_row][vc_column]<div class=\"boc_divider_holder\"><div class=\"boc_divider  \"  style=\"margin-top: 20px;margin-bottom: 20px;height: 3px;background: #ffffff;\"><\/div><\/div>[\/vc_column][\/vc_row][vc_row full_width=&#8221;stretch_row_content_no_spaces&#8221; equal_height=&#8221;yes&#8221;][vc_column width=&#8221;1\/2&#8243;]<div class=\"boc_spacing \" style=\"height: 75px\"><\/div>[vc_column_text css=&#8221;.vc_custom_1776756408867{margin-right: 70px !important;margin-left: 80px !important;}&#8221; el_class=&#8221;tituloMenu3&#8243;]<\/p>\n<h2 data-section-id=\"xq5pso\" data-start=\"1960\" data-end=\"2029\"><span role=\"text\"><strong data-start=\"1963\" data-end=\"2029\">Masia a Poliny\u00e0: esdeveniments \u00fanics en un entorn incomparable<\/strong><\/span><\/h2>\n<p data-start=\"2031\" data-end=\"2278\">Can Mauri \u00e9s molt m\u00e9s que una masia: \u00e9s un espai dissenyat per celebrar moments especials. La nostra <strong data-start=\"2132\" data-end=\"2151\">masia a Poliny\u00e0<\/strong> disposa d\u2019amplis jardins, terrasses i salons vers\u00e0tils que permeten acollir des de petites reunions fins a grans celebracions.<\/p>\n<p data-start=\"2280\" data-end=\"2616\">Cada esdeveniment es planifica de manera integral, cuidant la decoraci\u00f3, l\u2019organitzaci\u00f3 i cada detall log\u00edstic. El nostre equip s\u2019encarrega de tot perqu\u00e8 els amfitrions nom\u00e9s hagin de gaudir del moment. L\u2019entorn natural aporta una atmosfera tranquil\u00b7la i elegant, ideal per a casaments, comunions, aniversaris o esdeveniments d\u2019empresa.<\/p>\n<p data-start=\"2618\" data-end=\"2810\">La combinaci\u00f3 de servei professional, gastronomia de qualitat i un entorn hist\u00f2ric converteix Can Mauri en una refer\u00e8ncia com a <strong data-start=\"2746\" data-end=\"2765\">masia a Poliny\u00e0<\/strong> per a qui busca excel\u00b7l\u00e8ncia i autenticitat.<\/p>\n<p>[\/vc_column_text]<div class=\"boc_spacing \" style=\"height: 75px\"><\/div>[\/vc_column][vc_column width=&#8221;1\/2&#8243; css=&#8221;.vc_custom_1776756012204{margin-right: 50px !important;background-image: url(https:\/\/canmauri.com\/wp-content\/uploads\/2026\/04\/Masia-en-Polinya-4.png?id=8470) !important;background-position: center !important;background-repeat: no-repeat !important;background-size: cover !important;}&#8221;]<div class=\"boc_spacing \" style=\"height: 500px\"><\/div>[\/vc_column][\/vc_row][vc_row css=&#8221;.vc_custom_1740476851144{margin-top: 100px !important;margin-right: 5px !important;margin-bottom: 50px !important;margin-left: 5px !important;}&#8221;][vc_column width=&#8221;1\/2&#8243;]\n<div class=\"wpcf7 no-js\" id=\"wpcf7-f14-o1\" lang=\"es-ES\" dir=\"ltr\" data-wpcf7-id=\"14\">\n<div class=\"screen-reader-response\"><p role=\"status\" aria-live=\"polite\" aria-atomic=\"true\"><\/p> <ul><\/ul><\/div>\n<form action=\"\/ca\/wp-json\/wp\/v2\/pages\/8464#wpcf7-f14-o1\" method=\"post\" class=\"wpcf7-form init\" aria-label=\"Formulario de contacto\" novalidate=\"novalidate\" data-status=\"init\">\n<fieldset class=\"hidden-fields-container\"><input type=\"hidden\" name=\"_wpcf7\" value=\"14\" \/><input type=\"hidden\" name=\"_wpcf7_version\" value=\"6.1.3\" \/><input type=\"hidden\" name=\"_wpcf7_locale\" value=\"es_ES\" \/><input type=\"hidden\" name=\"_wpcf7_unit_tag\" value=\"wpcf7-f14-o1\" \/><input type=\"hidden\" name=\"_wpcf7_container_post\" value=\"0\" \/><input type=\"hidden\" name=\"_wpcf7_posted_data_hash\" value=\"\" \/><input type=\"hidden\" name=\"_wpcf7_recaptcha_response\" value=\"\" \/>\n<\/fieldset>\n<div class=\"row\">\n\t<div class=\"col-md-6\">\n\t\t<p><span class=\"wpcf7-form-control-wrap\" data-name=\"your-name\"><input size=\"40\" maxlength=\"400\" class=\"wpcf7-form-control wpcf7-text wpcf7-validates-as-required\" aria-required=\"true\" aria-invalid=\"false\" placeholder=\"Nombre y Apellidos*\" value=\"\" type=\"text\" name=\"your-name\" \/><\/span>\n\t\t<\/p>\n\t<\/div>\n\t<div class=\"col-md-6\">\n\t\t<p><span class=\"wpcf7-form-control-wrap\" data-name=\"your-email\"><input size=\"40\" maxlength=\"400\" class=\"wpcf7-form-control wpcf7-email wpcf7-validates-as-required wpcf7-text wpcf7-validates-as-email\" aria-required=\"true\" aria-invalid=\"false\" placeholder=\"Email*\" value=\"\" type=\"email\" name=\"your-email\" \/><\/span>\n\t\t<\/p>\n\t<\/div>\n<\/div>\n<div class=\"row\">\n\t<div class=\"col-md-6\">\n\t\t<p><span class=\"wpcf7-form-control-wrap\" data-name=\"text-114\"><input size=\"40\" maxlength=\"400\" class=\"wpcf7-form-control wpcf7-text wpcf7-validates-as-required\" aria-required=\"true\" aria-invalid=\"false\" placeholder=\"Tel\u00e9fono*\" value=\"\" type=\"text\" name=\"text-114\" \/><\/span>\n\t\t<\/p>\n\t<\/div>\n\t<div class=\"col-md-6\">\n\t\t<p><span class=\"wpcf7-form-control-wrap\" data-name=\"your-subject\"><input size=\"40\" maxlength=\"400\" class=\"wpcf7-form-control wpcf7-text\" aria-invalid=\"false\" placeholder=\"Asunto\" value=\"\" type=\"text\" name=\"your-subject\" \/><\/span>\n\t\t<\/p>\n\t<\/div>\n<\/div>\n<div class=\"row\">\n\t<div class=\"col-md-12\">\n\t\t<p><span class=\"wpcf7-form-control-wrap\" data-name=\"your-message\"><textarea cols=\"40\" rows=\"10\" maxlength=\"2000\" class=\"wpcf7-form-control wpcf7-textarea\" aria-invalid=\"false\" placeholder=\"Mensaje\" name=\"your-message\"><\/textarea><\/span>\n\t\t<\/p>\n\t<\/div>\n\t<div class=\"col-md-12\">\n\t\t<p><span class=\"wpcf7-form-control-wrap\" data-name=\"acceptance-185\"><span class=\"wpcf7-form-control wpcf7-acceptance\"><span class=\"wpcf7-list-item\"><label><input type=\"checkbox\" name=\"acceptance-185\" value=\"1\" aria-invalid=\"false\" \/><span class=\"wpcf7-list-item-label\">He le\u00eddo la <a href=\"\/politica-de-privacidad\/\">pol\u00edtica de privacidad<\/a> y acepto el env\u00edo de la informaci\u00f3n<\/span><\/label><\/span><\/span><\/span>\n\t\t<\/p>\n\t<\/div>\n<\/div>\n<p><input class=\"wpcf7-form-control wpcf7-submit has-spinner\" type=\"submit\" value=\"Enviar\" \/>\n<\/p><div class=\"wpcf7-response-output\" aria-hidden=\"true\"><\/div>\n<\/form>\n<\/div>\n[\/vc_column][vc_column width=&#8221;1\/2&#8243;]<div class=\"side_icon_box normal  \"><span class=\"icon_feat \" style=\"\"><i class=\"icon icon-map-marker2\" style=\"\"><\/i><\/span><h3>Carretera C-155, km 1,5, 08213 Poliny\u00e1, Barcelona<\/h3><div class=\"side_icon_box_content\"><a href=\"https:\/\/www.google.com\/maps\/dir\/\/Restaurant+Can+Mauri,+C-155,+km+1,5,+08213+Sabadell,+Barcelona\/@41.570099,2.128654,15z\/data=!4m8!4m7!1m0!1m5!1m1!1s0x12a495464350381b:0x84b2792e3b141ed0!2m2!1d2.1286539!2d41.5700992?hl=es-ES\">C\u00f3mo llegar<\/a><\/div><\/div><div class=\"side_icon_box normal  \"><span class=\"icon_feat \" style=\"\"><i class=\"icon icon-phone3\" style=\"\"><\/i><\/span><h3>937 43 50 66<\/h3><div class=\"side_icon_box_content\">Solicita tu presupuesto<\/div><\/div><div class=\"side_icon_box normal  \"><span class=\"icon_feat \" style=\"\"><i class=\"icon icon-clock\" style=\"\"><\/i><\/span><h3>Horarios<\/h3><div class=\"side_icon_box_content\">Mi\u00e9rcoles a domingo 13h-16h.<br \/>\nViernes y s\u00e1bado 13h-16h \/ 20h-24h.<\/div><\/div><div class=\"side_icon_box normal  \"><span class=\"icon_feat \" style=\"\"><i class=\"icon icon-mail\" style=\"\"><\/i><\/span><h3><a href=\"mailto:info@restaurantcanmauri.com\" target=\"_self\">info@restaurantcanmauri.com<\/a><\/h3><div class=\"side_icon_box_content\"><\/div><\/div>[\/vc_column][\/vc_row]<\/p>\n<\/div>","protected":false},"excerpt":{"rendered":"<p>[vc_row full_width=&#8221;stretch_row&#8221; equal_height=&#8221;yes&#8221; content_placement=&#8221;middle&#8221; bg_type=&#8221;image&#8221; bg_image_new=&#8221;1125&#8243; bg_image_repeat=&#8221;no-repeat&#8221; css=&#8221;.vc_custom_1740396271943{margin-right: 5px !important;margin-left: 5px !important;}&#8221;][vc_column][vc_column_text css=&#8221;&#8221; el_class=&#8221;tituloMenu&#8221;] Masia a Poliny\u00e0 [\/vc_column_text][\/vc_column][\/vc_row][vc_row][vc_column][\/vc_column][\/vc_row][vc_row full_width=&#8221;stretch_row_content_no_spaces&#8221; equal_height=&#8221;yes&#8221; css=&#8221;.vc_custom_1740396287516{margin-right: 5px !important;margin-left: 5px !important;}&#8221;][vc_column width=&#8221;1\/2&#8243;][vc_column_text css=&#8221;.vc_custom_1776756392952{margin-right: 70px !important;margin-left: 80px !important;}&#8221; el_class=&#8221;tituloMenu3&#8243;] Masia a Poliny\u00e0: tradici\u00f3 i excel\u00b7l\u00e8ncia a Can Mauri A Can Mauri trobar\u00e0s una aut\u00e8ntica masia a Poliny\u00e0 on la tradici\u00f3 catalana es combina amb una experi\u00e8ncia gastron\u00f2mica<\/p>\n<div class=\"h10\"><\/div>\n<p><a class=\"more-link1\" href=\"https:\/\/canmauri.com\/ca\/masia-a-polinya\/\">Read more<\/a><\/p>\n","protected":false},"author":7,"featured_media":8480,"parent":0,"menu_order":0,"comment_status":"closed","ping_status":"closed","template":"","meta":{"_vp_format_video_url":"","_vp_image_focal_point":[],"footnotes":""},"class_list":["post-8464","page","type-page","status-publish","has-post-thumbnail","hentry"],"yoast_head":"<!-- This site is optimized with the Yoast SEO plugin v26.2 - https:\/\/yoast.com\/wordpress\/plugins\/seo\/ -->\n<title>Masia a Poliny\u00e0 | Can Mauri<\/title>\n<meta name=\"description\" content=\"Descobreix Can Mauri, una Masia en Poliny\u00e0 \u00fanica per a casaments, celebracions i gastronomia catalana de qualitat en un entorn natural.\" \/>\n<meta name=\"robots\" content=\"index, follow, max-snippet:-1, max-image-preview:large, max-video-preview:-1\" \/>\n<link rel=\"canonical\" href=\"https:\/\/canmauri.com\/ca\/masia-a-polinya\/\" \/>\n<meta property=\"og:locale\" content=\"ca_ES\" \/>\n<meta property=\"og:type\" content=\"article\" \/>\n<meta property=\"og:title\" content=\"Masia a Poliny\u00e0 | Can Mauri\" \/>\n<meta property=\"og:description\" content=\"Descobreix Can Mauri, una Masia en Poliny\u00e0 \u00fanica per a casaments, celebracions i gastronomia catalana de qualitat en un entorn natural.\" \/>\n<meta property=\"og:url\" content=\"https:\/\/canmauri.com\/ca\/masia-a-polinya\/\" \/>\n<meta property=\"og:site_name\" content=\"Can Mauri\" \/>\n<meta property=\"article:modified_time\" content=\"2026-04-21T07:26:54+00:00\" \/>\n<meta property=\"og:image\" content=\"https:\/\/canmauri.com\/wp-content\/uploads\/2026\/04\/Masia-en-Polinya.png\" \/>\n\t<meta property=\"og:image:width\" content=\"1200\" \/>\n\t<meta property=\"og:image:height\" content=\"750\" \/>\n\t<meta property=\"og:image:type\" content=\"image\/png\" \/>\n<meta name=\"twitter:card\" content=\"summary_large_image\" \/>\n<meta name=\"twitter:label1\" content=\"Temps estimat de lectura\" \/>\n\t<meta name=\"twitter:data1\" content=\"3 minuts\" \/>\n<script type=\"application\/ld+json\" class=\"yoast-schema-graph\">{\"@context\":\"https:\/\/schema.org\",\"@graph\":[{\"@type\":\"WebPage\",\"@id\":\"https:\/\/canmauri.com\/ca\/masia-a-polinya\/\",\"url\":\"https:\/\/canmauri.com\/ca\/masia-a-polinya\/\",\"name\":\"Masia a Poliny\u00e0 | Can Mauri\",\"isPartOf\":{\"@id\":\"https:\/\/canmauri.com\/#website\"},\"primaryImageOfPage\":{\"@id\":\"https:\/\/canmauri.com\/ca\/masia-a-polinya\/#primaryimage\"},\"image\":{\"@id\":\"https:\/\/canmauri.com\/ca\/masia-a-polinya\/#primaryimage\"},\"thumbnailUrl\":\"https:\/\/canmauri.com\/wp-content\/uploads\/2026\/04\/Masia-en-Polinya.png\",\"datePublished\":\"2026-04-16T07:12:32+00:00\",\"dateModified\":\"2026-04-21T07:26:54+00:00\",\"description\":\"Descobreix Can Mauri, una Masia en Poliny\u00e0 \u00fanica per a casaments, celebracions i gastronomia catalana de qualitat en un entorn natural.\",\"breadcrumb\":{\"@id\":\"https:\/\/canmauri.com\/ca\/masia-a-polinya\/#breadcrumb\"},\"inLanguage\":\"ca\",\"potentialAction\":[{\"@type\":\"ReadAction\",\"target\":[\"https:\/\/canmauri.com\/ca\/masia-a-polinya\/\"]}]},{\"@type\":\"ImageObject\",\"inLanguage\":\"ca\",\"@id\":\"https:\/\/canmauri.com\/ca\/masia-a-polinya\/#primaryimage\",\"url\":\"https:\/\/canmauri.com\/wp-content\/uploads\/2026\/04\/Masia-en-Polinya.png\",\"contentUrl\":\"https:\/\/canmauri.com\/wp-content\/uploads\/2026\/04\/Masia-en-Polinya.png\",\"width\":1200,\"height\":750,\"caption\":\"Banquete elegante en la Masia en Poliny\u00e0 Can Mauri con mesas vestidas para celebraci\u00f3n\"},{\"@type\":\"BreadcrumbList\",\"@id\":\"https:\/\/canmauri.com\/ca\/masia-a-polinya\/#breadcrumb\",\"itemListElement\":[{\"@type\":\"ListItem\",\"position\":1,\"name\":\"Portada\",\"item\":\"https:\/\/canmauri.com\/ca\/\"},{\"@type\":\"ListItem\",\"position\":2,\"name\":\"Masia a Poliny\u00e0\"}]},{\"@type\":\"WebSite\",\"@id\":\"https:\/\/canmauri.com\/#website\",\"url\":\"https:\/\/canmauri.com\/\",\"name\":\"Can Mauri\",\"description\":\"\",\"potentialAction\":[{\"@type\":\"SearchAction\",\"target\":{\"@type\":\"EntryPoint\",\"urlTemplate\":\"https:\/\/canmauri.com\/?s={search_term_string}\"},\"query-input\":{\"@type\":\"PropertyValueSpecification\",\"valueRequired\":true,\"valueName\":\"search_term_string\"}}],\"inLanguage\":\"ca\"}]}<\/script>\n<!-- \/ Yoast SEO plugin. -->","yoast_head_json":{"title":"Masia a Poliny\u00e0 | Can Mauri","description":"Descobreix Can Mauri, una Masia en Poliny\u00e0 \u00fanica per a casaments, celebracions i gastronomia catalana de qualitat en un entorn natural.","robots":{"index":"index","follow":"follow","max-snippet":"max-snippet:-1","max-image-preview":"max-image-preview:large","max-video-preview":"max-video-preview:-1"},"canonical":"https:\/\/canmauri.com\/ca\/masia-a-polinya\/","og_locale":"ca_ES","og_type":"article","og_title":"Masia a Poliny\u00e0 | Can Mauri","og_description":"Descobreix Can Mauri, una Masia en Poliny\u00e0 \u00fanica per a casaments, celebracions i gastronomia catalana de qualitat en un entorn natural.","og_url":"https:\/\/canmauri.com\/ca\/masia-a-polinya\/","og_site_name":"Can Mauri","article_modified_time":"2026-04-21T07:26:54+00:00","og_image":[{"width":1200,"height":750,"url":"https:\/\/canmauri.com\/wp-content\/uploads\/2026\/04\/Masia-en-Polinya.png","type":"image\/png"}],"twitter_card":"summary_large_image","twitter_misc":{"Temps estimat de lectura":"3 minuts"},"schema":{"@context":"https:\/\/schema.org","@graph":[{"@type":"WebPage","@id":"https:\/\/canmauri.com\/ca\/masia-a-polinya\/","url":"https:\/\/canmauri.com\/ca\/masia-a-polinya\/","name":"Masia a Poliny\u00e0 | Can Mauri","isPartOf":{"@id":"https:\/\/canmauri.com\/#website"},"primaryImageOfPage":{"@id":"https:\/\/canmauri.com\/ca\/masia-a-polinya\/#primaryimage"},"image":{"@id":"https:\/\/canmauri.com\/ca\/masia-a-polinya\/#primaryimage"},"thumbnailUrl":"https:\/\/canmauri.com\/wp-content\/uploads\/2026\/04\/Masia-en-Polinya.png","datePublished":"2026-04-16T07:12:32+00:00","dateModified":"2026-04-21T07:26:54+00:00","description":"Descobreix Can Mauri, una Masia en Poliny\u00e0 \u00fanica per a casaments, celebracions i gastronomia catalana de qualitat en un entorn natural.","breadcrumb":{"@id":"https:\/\/canmauri.com\/ca\/masia-a-polinya\/#breadcrumb"},"inLanguage":"ca","potentialAction":[{"@type":"ReadAction","target":["https:\/\/canmauri.com\/ca\/masia-a-polinya\/"]}]},{"@type":"ImageObject","inLanguage":"ca","@id":"https:\/\/canmauri.com\/ca\/masia-a-polinya\/#primaryimage","url":"https:\/\/canmauri.com\/wp-content\/uploads\/2026\/04\/Masia-en-Polinya.png","contentUrl":"https:\/\/canmauri.com\/wp-content\/uploads\/2026\/04\/Masia-en-Polinya.png","width":1200,"height":750,"caption":"Banquete elegante en la Masia en Poliny\u00e0 Can Mauri con mesas vestidas para celebraci\u00f3n"},{"@type":"BreadcrumbList","@id":"https:\/\/canmauri.com\/ca\/masia-a-polinya\/#breadcrumb","itemListElement":[{"@type":"ListItem","position":1,"name":"Portada","item":"https:\/\/canmauri.com\/ca\/"},{"@type":"ListItem","position":2,"name":"Masia a Poliny\u00e0"}]},{"@type":"WebSite","@id":"https:\/\/canmauri.com\/#website","url":"https:\/\/canmauri.com\/","name":"Can Mauri","description":"","potentialAction":[{"@type":"SearchAction","target":{"@type":"EntryPoint","urlTemplate":"https:\/\/canmauri.com\/?s={search_term_string}"},"query-input":{"@type":"PropertyValueSpecification","valueRequired":true,"valueName":"search_term_string"}}],"inLanguage":"ca"}]}},"_links":{"self":[{"href":"https:\/\/canmauri.com\/ca\/wp-json\/wp\/v2\/pages\/8464","targetHints":{"allow":["GET"]}}],"collection":[{"href":"https:\/\/canmauri.com\/ca\/wp-json\/wp\/v2\/pages"}],"about":[{"href":"https:\/\/canmauri.com\/ca\/wp-json\/wp\/v2\/types\/page"}],"author":[{"embeddable":true,"href":"https:\/\/canmauri.com\/ca\/wp-json\/wp\/v2\/users\/7"}],"replies":[{"embeddable":true,"href":"https:\/\/canmauri.com\/ca\/wp-json\/wp\/v2\/comments?post=8464"}],"version-history":[{"count":5,"href":"https:\/\/canmauri.com\/ca\/wp-json\/wp\/v2\/pages\/8464\/revisions"}],"predecessor-version":[{"id":8489,"href":"https:\/\/canmauri.com\/ca\/wp-json\/wp\/v2\/pages\/8464\/revisions\/8489"}],"wp:featuredmedia":[{"embeddable":true,"href":"https:\/\/canmauri.com\/ca\/wp-json\/wp\/v2\/media\/8480"}],"wp:attachment":[{"href":"https:\/\/canmauri.com\/ca\/wp-json\/wp\/v2\/media?parent=8464"}],"curies":[{"name":"wp","href":"https:\/\/api.w.org\/{rel}","templated":true}]}}