{"id":8443,"date":"2026-04-16T09:06:37","date_gmt":"2026-04-16T07:06:37","guid":{"rendered":"https:\/\/canmauri.com\/?page_id=8443"},"modified":"2026-04-21T09:12:13","modified_gmt":"2026-04-21T07:12:13","slug":"masia-a-sant-cugat","status":"publish","type":"page","link":"https:\/\/canmauri.com\/ca\/masia-a-sant-cugat\/","title":{"rendered":"Masia a Sant Cugat"},"content":{"rendered":"<div class=\"wpb-content-wrapper\"><p>[vc_row full_width=&#8221;stretch_row&#8221; equal_height=&#8221;yes&#8221; content_placement=&#8221;middle&#8221; bg_type=&#8221;image&#8221; bg_image_new=&#8221;1125&#8243; bg_image_repeat=&#8221;no-repeat&#8221; css=&#8221;.vc_custom_1740396271943{margin-right: 5px !important;margin-left: 5px !important;}&#8221;][vc_column]<div class=\"boc_spacing \" style=\"height: 300px\"><\/div>[vc_column_text css=&#8221;&#8221; el_class=&#8221;tituloMenu&#8221;]<\/p>\n<h1 style=\"text-align: center;\"><strong>Masia a Sant Cugat<\/strong><\/h1>\n<p>[\/vc_column_text]<div class=\"boc_spacing \" style=\"height: 150px\"><\/div>[\/vc_column][\/vc_row][vc_row][vc_column]<div class=\"boc_divider_holder\"><div class=\"boc_divider  \"  style=\"margin-top: 20px;margin-bottom: 20px;height: 3px;background: #ffffff;\"><\/div><\/div>[\/vc_column][\/vc_row][vc_row full_width=&#8221;stretch_row_content_no_spaces&#8221; equal_height=&#8221;yes&#8221; css=&#8221;.vc_custom_1740396287516{margin-right: 5px !important;margin-left: 5px !important;}&#8221;][vc_column width=&#8221;1\/2&#8243;]<div class=\"boc_spacing \" style=\"height: 75px\"><\/div>[vc_column_text css=&#8221;.vc_custom_1776755422549{margin-right: 70px !important;margin-left: 80px !important;}&#8221; el_class=&#8221;tituloMenu3&#8243;]<\/p>\n<h2 data-section-id=\"1kw6ynd\" data-start=\"71\" data-end=\"138\"><span role=\"text\"><strong data-start=\"74\" data-end=\"138\">Masia a Sant Cugat per a esdeveniments corporatius exclusius<\/strong><\/span><\/h2>\n<p data-start=\"140\" data-end=\"715\">Organitzar un esdeveniment en una <strong>masia a Sant Cugat<\/strong> permet a les empreses allunyar-se de l\u2019entorn urb\u00e0 i potenciar la creativitat i la connexi\u00f3 entre equips. Can Mauri ofereix espais vers\u00e0tils, tant interiors com exteriors, que s\u2019adapten a confer\u00e8ncies, incentius, sopars de gala o presentacions de producte.<br data-start=\"449\" data-end=\"452\" \/>A m\u00e9s, l\u2019entorn natural afavoreix una experi\u00e8ncia m\u00e9s relaxada i productiva, millorant la percepci\u00f3 de marca i la interacci\u00f3 entre assistents. La combinaci\u00f3 de privacitat, accessibilitat i servei integral converteix cada esdeveniment en una experi\u00e8ncia memorable.<\/p>\n<p data-start=\"717\" data-end=\"863\">El nostre equip s\u2019encarrega de la coordinaci\u00f3 completa, assegurant que cada fase de l\u2019esdeveniment es desenvolupi amb precisi\u00f3 i professionalitat.<\/p>\n<p>[\/vc_column_text]<div class=\"boc_spacing \" style=\"height: 75px\"><\/div>[\/vc_column][vc_column width=&#8221;1\/2&#8243; css=&#8221;.vc_custom_1776755473202{margin-right: 50px !important;background-image: url(https:\/\/canmauri.com\/wp-content\/uploads\/2026\/04\/Masia-en-Sant-Cugat-2.png?id=8445) !important;background-position: center !important;background-repeat: no-repeat !important;background-size: cover !important;}&#8221;]<div class=\"boc_spacing \" style=\"height: 500px\"><\/div>[\/vc_column][\/vc_row][vc_row][vc_column]<div class=\"boc_divider_holder\"><div class=\"boc_divider  \"  style=\"margin-top: 20px;margin-bottom: 20px;height: 3px;background: #ffffff;\"><\/div><\/div>[\/vc_column][\/vc_row][vc_row full_width=&#8221;stretch_row_content_no_spaces&#8221; equal_height=&#8221;yes&#8221;][vc_column width=&#8221;1\/2&#8243; css=&#8221;.vc_custom_1776755507625{margin-left: 50px !important;background-image: url(https:\/\/canmauri.com\/wp-content\/uploads\/2026\/04\/Masia-en-Sant-Cugat-4.png?id=8449) !important;background-position: center !important;background-repeat: no-repeat !important;background-size: cover !important;}&#8221;]<div class=\"boc_spacing \" style=\"height: 500px\"><\/div>[\/vc_column][vc_column width=&#8221;1\/2&#8243;]<div class=\"boc_spacing \" style=\"height: 75px\"><\/div>[vc_column_text css=&#8221;.vc_custom_1776755436636{margin-right: 70px !important;margin-left: 80px !important;}&#8221; el_class=&#8221;tituloMenu3&#8243;]<\/p>\n<h2 data-section-id=\"1lzdmuy\" data-start=\"870\" data-end=\"930\"><span role=\"text\"><strong data-start=\"873\" data-end=\"930\">Masia a Sant Cugat: gastronomia i servei d\u2019alt nivell<\/strong><\/span><\/h2>\n<p data-start=\"932\" data-end=\"1313\">L\u2019experi\u00e8ncia en una <strong>masia a Sant Cugat<\/strong> no estaria completa sense una proposta gastron\u00f2mica a l\u2019al\u00e7ada. A Can Mauri treballem amb cuina de proximitat, productes de temporada i una elaboraci\u00f3 acurada que fusiona tradici\u00f3 i modernitat.<br data-start=\"1165\" data-end=\"1168\" \/>Cada men\u00fa s\u2019adapta a les necessitats de l\u2019esdeveniment, oferint opcions personalitzades per a empreses que busquen sorprendre els seus convidats.<\/p>\n<p data-start=\"1315\" data-end=\"1590\">El servei integral inclou assessorament, planificaci\u00f3, muntatge i execuci\u00f3 de l\u2019esdeveniment, garantint una experi\u00e8ncia fluida i sense preocupacions. L\u2019objectiu \u00e9s que cada celebraci\u00f3 transmeti els valors de l\u2019empresa amfitriona i deixi una impressi\u00f3 duradora als assistents.<\/p>\n<p>[\/vc_column_text]<div class=\"boc_spacing \" style=\"height: 75px\"><\/div>[\/vc_column][\/vc_row][vc_row][vc_column]<div class=\"boc_divider_holder\"><div class=\"boc_divider  \"  style=\"margin-top: 20px;margin-bottom: 20px;height: 3px;background: #ffffff;\"><\/div><\/div>[\/vc_column][\/vc_row][vc_row full_width=&#8221;stretch_row_content_no_spaces&#8221; equal_height=&#8221;yes&#8221;][vc_column width=&#8221;1\/2&#8243;]<div class=\"boc_spacing \" style=\"height: 75px\"><\/div>[vc_column_text css=&#8221;.vc_custom_1776755451229{margin-right: 70px !important;margin-left: 80px !important;}&#8221; el_class=&#8221;tituloMenu3&#8243;]<\/p>\n<h2 data-section-id=\"dg9lzf\" data-start=\"1597\" data-end=\"1659\"><span role=\"text\"><strong data-start=\"1600\" data-end=\"1659\">Masia a Sant Cugat: l\u2019espai ideal per a la teva empresa<\/strong><\/span><\/h2>\n<p data-start=\"1661\" data-end=\"2049\">Escollir una <strong>masia a Sant Cugat<\/strong> com Can Mauri \u00e9s apostar per un entorn que combina hist\u00f2ria, natura i professionalitat. El nostre espai est\u00e0 dissenyat per a empreses que valoren l\u2019excel\u00b7l\u00e8ncia i busquen diferenciar-se en cada esdeveniment.<br data-start=\"1900\" data-end=\"1903\" \/>Ja sigui una jornada corporativa, una celebraci\u00f3 interna o un esdeveniment de networking, oferim solucions a mida que s\u2019adapten a cada necessitat.<\/p>\n<p data-start=\"2051\" data-end=\"2221\" data-is-last-node=\"\" data-is-only-node=\"\">La proximitat a Barcelona, juntament amb la tranquil\u00b7litat de l\u2019entorn, converteix Can Mauri en una ubicaci\u00f3 estrat\u00e8gica per a qualsevol tipus d\u2019esdeveniment empresarial.<\/p>\n<p>[\/vc_column_text]<div class=\"boc_spacing \" style=\"height: 75px\"><\/div>[\/vc_column][vc_column width=&#8221;1\/2&#8243; css=&#8221;.vc_custom_1776062624072{margin-right: 50px !important;background-image: url(https:\/\/canmauri.com\/wp-content\/uploads\/2026\/04\/Masia-para-celebraciones-en-Sabadell-4.png?id=8405) !important;background-position: center !important;background-repeat: no-repeat !important;background-size: cover !important;}&#8221;]<div class=\"boc_spacing \" style=\"height: 500px\"><\/div>[\/vc_column][\/vc_row][vc_row css=&#8221;.vc_custom_1740476851144{margin-top: 100px !important;margin-right: 5px !important;margin-bottom: 50px !important;margin-left: 5px !important;}&#8221;][vc_column width=&#8221;1\/2&#8243;]\n<div class=\"wpcf7 no-js\" id=\"wpcf7-f14-o1\" lang=\"es-ES\" dir=\"ltr\" data-wpcf7-id=\"14\">\n<div class=\"screen-reader-response\"><p role=\"status\" aria-live=\"polite\" aria-atomic=\"true\"><\/p> <ul><\/ul><\/div>\n<form action=\"\/ca\/wp-json\/wp\/v2\/pages\/8443#wpcf7-f14-o1\" method=\"post\" class=\"wpcf7-form init\" aria-label=\"Formulario de contacto\" novalidate=\"novalidate\" data-status=\"init\">\n<fieldset class=\"hidden-fields-container\"><input type=\"hidden\" name=\"_wpcf7\" value=\"14\" \/><input type=\"hidden\" name=\"_wpcf7_version\" value=\"6.1.3\" \/><input type=\"hidden\" name=\"_wpcf7_locale\" value=\"es_ES\" \/><input type=\"hidden\" name=\"_wpcf7_unit_tag\" value=\"wpcf7-f14-o1\" \/><input type=\"hidden\" name=\"_wpcf7_container_post\" value=\"0\" \/><input type=\"hidden\" name=\"_wpcf7_posted_data_hash\" value=\"\" \/><input type=\"hidden\" name=\"_wpcf7_recaptcha_response\" value=\"\" \/>\n<\/fieldset>\n<div class=\"row\">\n\t<div class=\"col-md-6\">\n\t\t<p><span class=\"wpcf7-form-control-wrap\" data-name=\"your-name\"><input size=\"40\" maxlength=\"400\" class=\"wpcf7-form-control wpcf7-text wpcf7-validates-as-required\" aria-required=\"true\" aria-invalid=\"false\" placeholder=\"Nombre y Apellidos*\" value=\"\" type=\"text\" name=\"your-name\" \/><\/span>\n\t\t<\/p>\n\t<\/div>\n\t<div class=\"col-md-6\">\n\t\t<p><span class=\"wpcf7-form-control-wrap\" data-name=\"your-email\"><input size=\"40\" maxlength=\"400\" class=\"wpcf7-form-control wpcf7-email wpcf7-validates-as-required wpcf7-text wpcf7-validates-as-email\" aria-required=\"true\" aria-invalid=\"false\" placeholder=\"Email*\" value=\"\" type=\"email\" name=\"your-email\" \/><\/span>\n\t\t<\/p>\n\t<\/div>\n<\/div>\n<div class=\"row\">\n\t<div class=\"col-md-6\">\n\t\t<p><span class=\"wpcf7-form-control-wrap\" data-name=\"text-114\"><input size=\"40\" maxlength=\"400\" class=\"wpcf7-form-control wpcf7-text wpcf7-validates-as-required\" aria-required=\"true\" aria-invalid=\"false\" placeholder=\"Tel\u00e9fono*\" value=\"\" type=\"text\" name=\"text-114\" \/><\/span>\n\t\t<\/p>\n\t<\/div>\n\t<div class=\"col-md-6\">\n\t\t<p><span class=\"wpcf7-form-control-wrap\" data-name=\"your-subject\"><input size=\"40\" maxlength=\"400\" class=\"wpcf7-form-control wpcf7-text\" aria-invalid=\"false\" placeholder=\"Asunto\" value=\"\" type=\"text\" name=\"your-subject\" \/><\/span>\n\t\t<\/p>\n\t<\/div>\n<\/div>\n<div class=\"row\">\n\t<div class=\"col-md-12\">\n\t\t<p><span class=\"wpcf7-form-control-wrap\" data-name=\"your-message\"><textarea cols=\"40\" rows=\"10\" maxlength=\"2000\" class=\"wpcf7-form-control wpcf7-textarea\" aria-invalid=\"false\" placeholder=\"Mensaje\" name=\"your-message\"><\/textarea><\/span>\n\t\t<\/p>\n\t<\/div>\n\t<div class=\"col-md-12\">\n\t\t<p><span class=\"wpcf7-form-control-wrap\" data-name=\"acceptance-185\"><span class=\"wpcf7-form-control wpcf7-acceptance\"><span class=\"wpcf7-list-item\"><label><input type=\"checkbox\" name=\"acceptance-185\" value=\"1\" aria-invalid=\"false\" \/><span class=\"wpcf7-list-item-label\">He le\u00eddo la <a href=\"\/politica-de-privacidad\/\">pol\u00edtica de privacidad<\/a> y acepto el env\u00edo de la informaci\u00f3n<\/span><\/label><\/span><\/span><\/span>\n\t\t<\/p>\n\t<\/div>\n<\/div>\n<p><input class=\"wpcf7-form-control wpcf7-submit has-spinner\" type=\"submit\" value=\"Enviar\" \/>\n<\/p><div class=\"wpcf7-response-output\" aria-hidden=\"true\"><\/div>\n<\/form>\n<\/div>\n[\/vc_column][vc_column width=&#8221;1\/2&#8243;]<div class=\"side_icon_box normal  \"><span class=\"icon_feat \" style=\"\"><i class=\"icon icon-map-marker2\" style=\"\"><\/i><\/span><h3>Carretera C-155, km 1,5, 08213 Poliny\u00e1, Barcelona<\/h3><div class=\"side_icon_box_content\"><a href=\"https:\/\/www.google.com\/maps\/dir\/\/Restaurant+Can+Mauri,+C-155,+km+1,5,+08213+Sabadell,+Barcelona\/@41.570099,2.128654,15z\/data=!4m8!4m7!1m0!1m5!1m1!1s0x12a495464350381b:0x84b2792e3b141ed0!2m2!1d2.1286539!2d41.5700992?hl=es-ES\">C\u00f3mo llegar<\/a><\/div><\/div><div class=\"side_icon_box normal  \"><span class=\"icon_feat \" style=\"\"><i class=\"icon icon-phone3\" style=\"\"><\/i><\/span><h3>937 43 50 66<\/h3><div class=\"side_icon_box_content\">Solicita tu presupuesto<\/div><\/div><div class=\"side_icon_box normal  \"><span class=\"icon_feat \" style=\"\"><i class=\"icon icon-clock\" style=\"\"><\/i><\/span><h3>Horarios<\/h3><div class=\"side_icon_box_content\">Mi\u00e9rcoles a domingo 13h-16h.<br \/>\nViernes y s\u00e1bado 13h-16h \/ 20h-24h.<\/div><\/div><div class=\"side_icon_box normal  \"><span class=\"icon_feat \" style=\"\"><i class=\"icon icon-mail\" style=\"\"><\/i><\/span><h3><a href=\"mailto:info@restaurantcanmauri.com\" target=\"_self\">info@restaurantcanmauri.com<\/a><\/h3><div class=\"side_icon_box_content\"><\/div><\/div>[\/vc_column][\/vc_row]<\/p>\n<\/div>","protected":false},"excerpt":{"rendered":"<p>[vc_row full_width=&#8221;stretch_row&#8221; equal_height=&#8221;yes&#8221; content_placement=&#8221;middle&#8221; bg_type=&#8221;image&#8221; bg_image_new=&#8221;1125&#8243; bg_image_repeat=&#8221;no-repeat&#8221; css=&#8221;.vc_custom_1740396271943{margin-right: 5px !important;margin-left: 5px !important;}&#8221;][vc_column][vc_column_text css=&#8221;&#8221; el_class=&#8221;tituloMenu&#8221;] Masia a Sant Cugat [\/vc_column_text][\/vc_column][\/vc_row][vc_row][vc_column][\/vc_column][\/vc_row][vc_row full_width=&#8221;stretch_row_content_no_spaces&#8221; equal_height=&#8221;yes&#8221; css=&#8221;.vc_custom_1740396287516{margin-right: 5px !important;margin-left: 5px !important;}&#8221;][vc_column width=&#8221;1\/2&#8243;][vc_column_text css=&#8221;.vc_custom_1776755422549{margin-right: 70px !important;margin-left: 80px !important;}&#8221; el_class=&#8221;tituloMenu3&#8243;] Masia a Sant Cugat per a esdeveniments corporatius exclusius Organitzar un esdeveniment en una masia a Sant Cugat permet a les empreses allunyar-se de l\u2019entorn urb\u00e0 i<\/p>\n<div class=\"h10\"><\/div>\n<p><a class=\"more-link1\" href=\"https:\/\/canmauri.com\/ca\/masia-a-sant-cugat\/\">Read more<\/a><\/p>\n","protected":false},"author":7,"featured_media":8459,"parent":0,"menu_order":0,"comment_status":"closed","ping_status":"closed","template":"","meta":{"_vp_format_video_url":"","_vp_image_focal_point":[],"footnotes":""},"class_list":["post-8443","page","type-page","status-publish","has-post-thumbnail","hentry"],"yoast_head":"<!-- This site is optimized with the Yoast SEO plugin v26.2 - https:\/\/yoast.com\/wordpress\/plugins\/seo\/ -->\n<title>Masia a Sant Cugat | Can Mauri<\/title>\n<meta name=\"description\" content=\"Descobreix la nostra Masia a Sant Cugat, un espai exclusiu per a esdeveniments corporatius, reunions i celebracions. Naturalesa gastron\u00f2mica.\" \/>\n<meta name=\"robots\" content=\"index, follow, max-snippet:-1, max-image-preview:large, max-video-preview:-1\" \/>\n<link rel=\"canonical\" href=\"https:\/\/canmauri.com\/ca\/masia-a-sant-cugat\/\" \/>\n<meta property=\"og:locale\" content=\"ca_ES\" \/>\n<meta property=\"og:type\" content=\"article\" \/>\n<meta property=\"og:title\" content=\"Masia a Sant Cugat | Can Mauri\" \/>\n<meta property=\"og:description\" content=\"Descobreix la nostra Masia a Sant Cugat, un espai exclusiu per a esdeveniments corporatius, reunions i celebracions. Naturalesa gastron\u00f2mica.\" \/>\n<meta property=\"og:url\" content=\"https:\/\/canmauri.com\/ca\/masia-a-sant-cugat\/\" \/>\n<meta property=\"og:site_name\" content=\"Can Mauri\" \/>\n<meta property=\"article:modified_time\" content=\"2026-04-21T07:12:13+00:00\" \/>\n<meta property=\"og:image\" content=\"https:\/\/canmauri.com\/wp-content\/uploads\/2026\/04\/Masia-en-Sant-Cugat.png\" \/>\n\t<meta property=\"og:image:width\" content=\"1200\" \/>\n\t<meta property=\"og:image:height\" content=\"750\" \/>\n\t<meta property=\"og:image:type\" content=\"image\/png\" \/>\n<meta name=\"twitter:card\" content=\"summary_large_image\" \/>\n<meta name=\"twitter:label1\" content=\"Temps estimat de lectura\" \/>\n\t<meta name=\"twitter:data1\" content=\"3 minuts\" \/>\n<script type=\"application\/ld+json\" class=\"yoast-schema-graph\">{\"@context\":\"https:\/\/schema.org\",\"@graph\":[{\"@type\":\"WebPage\",\"@id\":\"https:\/\/canmauri.com\/ca\/masia-a-sant-cugat\/\",\"url\":\"https:\/\/canmauri.com\/ca\/masia-a-sant-cugat\/\",\"name\":\"Masia a Sant Cugat | Can Mauri\",\"isPartOf\":{\"@id\":\"https:\/\/canmauri.com\/#website\"},\"primaryImageOfPage\":{\"@id\":\"https:\/\/canmauri.com\/ca\/masia-a-sant-cugat\/#primaryimage\"},\"image\":{\"@id\":\"https:\/\/canmauri.com\/ca\/masia-a-sant-cugat\/#primaryimage\"},\"thumbnailUrl\":\"https:\/\/canmauri.com\/wp-content\/uploads\/2026\/04\/Masia-en-Sant-Cugat.png\",\"datePublished\":\"2026-04-16T07:06:37+00:00\",\"dateModified\":\"2026-04-21T07:12:13+00:00\",\"description\":\"Descobreix la nostra Masia a Sant Cugat, un espai exclusiu per a esdeveniments corporatius, reunions i celebracions. Naturalesa gastron\u00f2mica.\",\"breadcrumb\":{\"@id\":\"https:\/\/canmauri.com\/ca\/masia-a-sant-cugat\/#breadcrumb\"},\"inLanguage\":\"ca\",\"potentialAction\":[{\"@type\":\"ReadAction\",\"target\":[\"https:\/\/canmauri.com\/ca\/masia-a-sant-cugat\/\"]}]},{\"@type\":\"ImageObject\",\"inLanguage\":\"ca\",\"@id\":\"https:\/\/canmauri.com\/ca\/masia-a-sant-cugat\/#primaryimage\",\"url\":\"https:\/\/canmauri.com\/wp-content\/uploads\/2026\/04\/Masia-en-Sant-Cugat.png\",\"contentUrl\":\"https:\/\/canmauri.com\/wp-content\/uploads\/2026\/04\/Masia-en-Sant-Cugat.png\",\"width\":1200,\"height\":750,\"caption\":\"Atardecer en la Mas\u00eda en Sant Cugat con ambiente preparado para celebraciones\"},{\"@type\":\"BreadcrumbList\",\"@id\":\"https:\/\/canmauri.com\/ca\/masia-a-sant-cugat\/#breadcrumb\",\"itemListElement\":[{\"@type\":\"ListItem\",\"position\":1,\"name\":\"Portada\",\"item\":\"https:\/\/canmauri.com\/ca\/\"},{\"@type\":\"ListItem\",\"position\":2,\"name\":\"Masia a Sant Cugat\"}]},{\"@type\":\"WebSite\",\"@id\":\"https:\/\/canmauri.com\/#website\",\"url\":\"https:\/\/canmauri.com\/\",\"name\":\"Can Mauri\",\"description\":\"\",\"potentialAction\":[{\"@type\":\"SearchAction\",\"target\":{\"@type\":\"EntryPoint\",\"urlTemplate\":\"https:\/\/canmauri.com\/?s={search_term_string}\"},\"query-input\":{\"@type\":\"PropertyValueSpecification\",\"valueRequired\":true,\"valueName\":\"search_term_string\"}}],\"inLanguage\":\"ca\"}]}<\/script>\n<!-- \/ Yoast SEO plugin. -->","yoast_head_json":{"title":"Masia a Sant Cugat | Can Mauri","description":"Descobreix la nostra Masia a Sant Cugat, un espai exclusiu per a esdeveniments corporatius, reunions i celebracions. Naturalesa gastron\u00f2mica.","robots":{"index":"index","follow":"follow","max-snippet":"max-snippet:-1","max-image-preview":"max-image-preview:large","max-video-preview":"max-video-preview:-1"},"canonical":"https:\/\/canmauri.com\/ca\/masia-a-sant-cugat\/","og_locale":"ca_ES","og_type":"article","og_title":"Masia a Sant Cugat | Can Mauri","og_description":"Descobreix la nostra Masia a Sant Cugat, un espai exclusiu per a esdeveniments corporatius, reunions i celebracions. Naturalesa gastron\u00f2mica.","og_url":"https:\/\/canmauri.com\/ca\/masia-a-sant-cugat\/","og_site_name":"Can Mauri","article_modified_time":"2026-04-21T07:12:13+00:00","og_image":[{"width":1200,"height":750,"url":"https:\/\/canmauri.com\/wp-content\/uploads\/2026\/04\/Masia-en-Sant-Cugat.png","type":"image\/png"}],"twitter_card":"summary_large_image","twitter_misc":{"Temps estimat de lectura":"3 minuts"},"schema":{"@context":"https:\/\/schema.org","@graph":[{"@type":"WebPage","@id":"https:\/\/canmauri.com\/ca\/masia-a-sant-cugat\/","url":"https:\/\/canmauri.com\/ca\/masia-a-sant-cugat\/","name":"Masia a Sant Cugat | Can Mauri","isPartOf":{"@id":"https:\/\/canmauri.com\/#website"},"primaryImageOfPage":{"@id":"https:\/\/canmauri.com\/ca\/masia-a-sant-cugat\/#primaryimage"},"image":{"@id":"https:\/\/canmauri.com\/ca\/masia-a-sant-cugat\/#primaryimage"},"thumbnailUrl":"https:\/\/canmauri.com\/wp-content\/uploads\/2026\/04\/Masia-en-Sant-Cugat.png","datePublished":"2026-04-16T07:06:37+00:00","dateModified":"2026-04-21T07:12:13+00:00","description":"Descobreix la nostra Masia a Sant Cugat, un espai exclusiu per a esdeveniments corporatius, reunions i celebracions. Naturalesa gastron\u00f2mica.","breadcrumb":{"@id":"https:\/\/canmauri.com\/ca\/masia-a-sant-cugat\/#breadcrumb"},"inLanguage":"ca","potentialAction":[{"@type":"ReadAction","target":["https:\/\/canmauri.com\/ca\/masia-a-sant-cugat\/"]}]},{"@type":"ImageObject","inLanguage":"ca","@id":"https:\/\/canmauri.com\/ca\/masia-a-sant-cugat\/#primaryimage","url":"https:\/\/canmauri.com\/wp-content\/uploads\/2026\/04\/Masia-en-Sant-Cugat.png","contentUrl":"https:\/\/canmauri.com\/wp-content\/uploads\/2026\/04\/Masia-en-Sant-Cugat.png","width":1200,"height":750,"caption":"Atardecer en la Mas\u00eda en Sant Cugat con ambiente preparado para celebraciones"},{"@type":"BreadcrumbList","@id":"https:\/\/canmauri.com\/ca\/masia-a-sant-cugat\/#breadcrumb","itemListElement":[{"@type":"ListItem","position":1,"name":"Portada","item":"https:\/\/canmauri.com\/ca\/"},{"@type":"ListItem","position":2,"name":"Masia a Sant Cugat"}]},{"@type":"WebSite","@id":"https:\/\/canmauri.com\/#website","url":"https:\/\/canmauri.com\/","name":"Can Mauri","description":"","potentialAction":[{"@type":"SearchAction","target":{"@type":"EntryPoint","urlTemplate":"https:\/\/canmauri.com\/?s={search_term_string}"},"query-input":{"@type":"PropertyValueSpecification","valueRequired":true,"valueName":"search_term_string"}}],"inLanguage":"ca"}]}},"_links":{"self":[{"href":"https:\/\/canmauri.com\/ca\/wp-json\/wp\/v2\/pages\/8443","targetHints":{"allow":["GET"]}}],"collection":[{"href":"https:\/\/canmauri.com\/ca\/wp-json\/wp\/v2\/pages"}],"about":[{"href":"https:\/\/canmauri.com\/ca\/wp-json\/wp\/v2\/types\/page"}],"author":[{"embeddable":true,"href":"https:\/\/canmauri.com\/ca\/wp-json\/wp\/v2\/users\/7"}],"replies":[{"embeddable":true,"href":"https:\/\/canmauri.com\/ca\/wp-json\/wp\/v2\/comments?post=8443"}],"version-history":[{"count":2,"href":"https:\/\/canmauri.com\/ca\/wp-json\/wp\/v2\/pages\/8443\/revisions"}],"predecessor-version":[{"id":8463,"href":"https:\/\/canmauri.com\/ca\/wp-json\/wp\/v2\/pages\/8443\/revisions\/8463"}],"wp:featuredmedia":[{"embeddable":true,"href":"https:\/\/canmauri.com\/ca\/wp-json\/wp\/v2\/media\/8459"}],"wp:attachment":[{"href":"https:\/\/canmauri.com\/ca\/wp-json\/wp\/v2\/media?parent=8443"}],"curies":[{"name":"wp","href":"https:\/\/api.w.org\/{rel}","templated":true}]}}