{"id":8376,"date":"2026-03-13T08:27:35","date_gmt":"2026-03-13T07:27:35","guid":{"rendered":"https:\/\/canmauri.com\/?page_id=8376"},"modified":"2026-04-13T08:47:13","modified_gmt":"2026-04-13T06:47:13","slug":"masia-per-a-esdeveniments-a-polinya","status":"publish","type":"page","link":"https:\/\/canmauri.com\/ca\/masia-per-a-esdeveniments-a-polinya\/","title":{"rendered":"Masia per a esdeveniments a Poliny\u00e0"},"content":{"rendered":"<div class=\"wpb-content-wrapper\"><p>[vc_row full_width=&#8221;stretch_row&#8221; equal_height=&#8221;yes&#8221; content_placement=&#8221;middle&#8221; bg_type=&#8221;image&#8221; bg_image_new=&#8221;1125&#8243; bg_image_repeat=&#8221;no-repeat&#8221; css=&#8221;.vc_custom_1740396271943{margin-right: 5px !important;margin-left: 5px !important;}&#8221;][vc_column]<div class=\"boc_spacing \" style=\"height: 300px\"><\/div>[vc_column_text css=&#8221;&#8221; el_class=&#8221;tituloMenu&#8221;]<\/p>\n<h1 style=\"text-align: center;\" data-start=\"44\" data-end=\"141\"><strong>Masia per a esdeveniments a Poliny\u00e0<\/strong><\/h1>\n<p>[\/vc_column_text]<div class=\"boc_spacing \" style=\"height: 150px\"><\/div>[\/vc_column][\/vc_row][vc_row][vc_column]<div class=\"boc_divider_holder\"><div class=\"boc_divider  \"  style=\"margin-top: 20px;margin-bottom: 20px;height: 3px;background: #ffffff;\"><\/div><\/div>[\/vc_column][\/vc_row][vc_row full_width=&#8221;stretch_row_content_no_spaces&#8221; equal_height=&#8221;yes&#8221; css=&#8221;.vc_custom_1740396287516{margin-right: 5px !important;margin-left: 5px !important;}&#8221;][vc_column width=&#8221;1\/2&#8243;]<div class=\"boc_spacing \" style=\"height: 75px\"><\/div>[vc_column_text css=&#8221;.vc_custom_1776062026197{margin-right: 70px !important;margin-left: 80px !important;}&#8221; el_class=&#8221;tituloMenu3&#8243;]<\/p>\n<h2 data-section-id=\"1y8al9d\" data-start=\"613\" data-end=\"684\"><strong>Masia per a esdeveniments a Poliny\u00e0: l\u2019espai ideal per a celebracions \u00faniques<\/strong><\/h2>\n<p data-start=\"0\" data-end=\"486\">Si est\u00e0s buscant una <strong>masia per a esdeveniments a Poliny\u00e0<\/strong> que combini tradici\u00f3, eleg\u00e0ncia i un entorn natural incomparable, Can Mauri \u00e9s l\u2019elecci\u00f3 perfecta. Situada en plena natura i amb segles d\u2019hist\u00f2ria, aquesta masia catalana ofereix l\u2019equilibri ideal entre encant r\u00fastic i comoditats modernes, creant l\u2019escenari perfecte per a esdeveniments corporatius, celebracions privades o trobades professionals.<\/p>\n<p data-start=\"488\" data-end=\"816\">Els seus amplis jardins, salons amb personalitat i espais exteriors permeten adaptar cada esdeveniment a mida, garantint una experi\u00e8ncia \u00fanica per a cada client. A m\u00e9s, la seva ubicaci\u00f3 estrat\u00e8gica facilita l\u2019acc\u00e9s per a convidats i empreses, convertint-la en una opci\u00f3 c\u00f2moda i exclusiva per a qualsevol tipus d\u2019esdeveniment.<\/p>\n<p>[\/vc_column_text]<div class=\"boc_spacing \" style=\"height: 75px\"><\/div>[\/vc_column][vc_column width=&#8221;1\/2&#8243; css=&#8221;.vc_custom_1776061650162{margin-right: 50px !important;background-image: url(https:\/\/canmauri.com\/wp-content\/uploads\/2026\/04\/Masia-para-eventos-en-Polinya-2.png?id=8379) !important;background-position: center !important;background-repeat: no-repeat !important;background-size: cover !important;}&#8221;]<div class=\"boc_spacing \" style=\"height: 500px\"><\/div>[\/vc_column][\/vc_row][vc_row][vc_column]<div class=\"boc_divider_holder\"><div class=\"boc_divider  \"  style=\"margin-top: 20px;margin-bottom: 20px;height: 3px;background: #ffffff;\"><\/div><\/div>[\/vc_column][\/vc_row][vc_row full_width=&#8221;stretch_row_content_no_spaces&#8221; equal_height=&#8221;yes&#8221;][vc_column width=&#8221;1\/2&#8243; css=&#8221;.vc_custom_1776061605704{margin-left: 50px !important;background-image: url(https:\/\/canmauri.com\/wp-content\/uploads\/2026\/04\/Masia-para-eventos-en-Polinya-3.png?id=8381) !important;background-position: center !important;background-repeat: no-repeat !important;background-size: cover !important;}&#8221;]<div class=\"boc_spacing \" style=\"height: 500px\"><\/div>[\/vc_column][vc_column width=&#8221;1\/2&#8243;]<div class=\"boc_spacing \" style=\"height: 75px\"><\/div>[vc_column_text css=&#8221;.vc_custom_1776062031642{margin-right: 70px !important;margin-left: 80px !important;}&#8221; el_class=&#8221;tituloMenu3&#8243;]<\/p>\n<h2 data-section-id=\"1lyhopg\" data-start=\"1452\" data-end=\"1512\"><strong>Masia per a esdeveniments a Poliny\u00e0 amb espais vers\u00e0tils i exclusius<\/strong><\/h2>\n<p data-start=\"818\" data-end=\"1294\">La <strong>masia per a esdeveniments a Poliny\u00e0<\/strong> que ofereix Can Mauri destaca per la seva versatilitat i capacitat d\u2019adaptaci\u00f3. Disposa de diferents salons interiors amb encant hist\u00f2ric, aix\u00ed com terrasses i zones enjardinades ideals per a esdeveniments a l\u2019aire lliure. Cada espai ha estat dissenyat per transmetre calidesa, eleg\u00e0ncia i autenticitat, mantenint l\u2019ess\u00e8ncia de l\u2019arquitectura tradicional catalana.<\/p>\n<p data-start=\"1296\" data-end=\"1580\">Des de reunions d\u2019empresa fins a grans celebracions, la masia compta amb instal\u00b7lacions que permeten organitzar esdeveniments de diferents dimensions. Els espais exteriors, envoltats de natura, aporten un valor diferencial, creant un ambient exclusiu i memorable per als assistents.<\/p>\n<p>[\/vc_column_text]<div class=\"boc_spacing \" style=\"height: 75px\"><\/div>[\/vc_column][\/vc_row][vc_row][vc_column]<div class=\"boc_divider_holder\"><div class=\"boc_divider  \"  style=\"margin-top: 20px;margin-bottom: 20px;height: 3px;background: #ffffff;\"><\/div><\/div>[\/vc_column][\/vc_row][vc_row full_width=&#8221;stretch_row_content_no_spaces&#8221; equal_height=&#8221;yes&#8221;][vc_column width=&#8221;1\/2&#8243;]<div class=\"boc_spacing \" style=\"height: 75px\"><\/div>[vc_column_text css=&#8221;.vc_custom_1776062036916{margin-right: 70px !important;margin-left: 80px !important;}&#8221; el_class=&#8221;tituloMenu3&#8243;]<\/p>\n<h2 data-section-id=\"bwfj3y\" data-start=\"2247\" data-end=\"2341\"><strong>Masia per a esdeveniments a Poliny\u00e0 amb servei integral i gastronomia de qualitat<\/strong><\/h2>\n<p data-start=\"1582\" data-end=\"1992\">Escollir una <strong>masia per a esdeveniments a Poliny\u00e0<\/strong> com Can Mauri significa comptar amb un servei integral que cobreix tots els aspectes de l\u2019esdeveniment. El seu equip professional s\u2019encarrega de la planificaci\u00f3, coordinaci\u00f3 i execuci\u00f3, assegurant que cada detall estigui cuidat per oferir una experi\u00e8ncia sense preocupacions.<\/p>\n<p data-start=\"1994\" data-end=\"2294\">Un dels seus grans valors \u00e9s la seva proposta gastron\u00f2mica, basada en productes de proximitat i men\u00fas personalitzats adaptats a cada tipus d\u2019esdeveniment. La combinaci\u00f3 de cuina tradicional catalana amb un enfocament actual garanteix una experi\u00e8ncia culin\u00e0ria d\u2019alt nivell per a tots els convidats.<\/p>\n<p data-start=\"2296\" data-end=\"2485\" data-is-last-node=\"\" data-is-only-node=\"\">A m\u00e9s, la possibilitat de personalitzar tant el men\u00fa com l\u2019ambientaci\u00f3 converteix cada celebraci\u00f3 en un esdeveniment \u00fanic i a mida, en un entorn natural que aporta exclusivitat i distinci\u00f3.<\/p>\n<p>[\/vc_column_text]<div class=\"boc_spacing \" style=\"height: 75px\"><\/div>[\/vc_column][vc_column width=&#8221;1\/2&#8243; css=&#8221;.vc_custom_1776061623634{margin-right: 50px !important;background-image: url(https:\/\/canmauri.com\/wp-content\/uploads\/2026\/04\/Masia-para-eventos-en-Polinya-4.png?id=8383) !important;background-position: center !important;background-repeat: no-repeat !important;background-size: cover !important;}&#8221;]<div class=\"boc_spacing \" style=\"height: 500px\"><\/div>[\/vc_column][\/vc_row][vc_row css=&#8221;.vc_custom_1740476851144{margin-top: 100px !important;margin-right: 5px !important;margin-bottom: 50px !important;margin-left: 5px !important;}&#8221;][vc_column width=&#8221;1\/2&#8243;]\n<div class=\"wpcf7 no-js\" id=\"wpcf7-f14-o1\" lang=\"es-ES\" dir=\"ltr\" data-wpcf7-id=\"14\">\n<div class=\"screen-reader-response\"><p role=\"status\" aria-live=\"polite\" aria-atomic=\"true\"><\/p> <ul><\/ul><\/div>\n<form action=\"\/ca\/wp-json\/wp\/v2\/pages\/8376#wpcf7-f14-o1\" method=\"post\" class=\"wpcf7-form init\" aria-label=\"Formulario de contacto\" novalidate=\"novalidate\" data-status=\"init\">\n<fieldset class=\"hidden-fields-container\"><input type=\"hidden\" name=\"_wpcf7\" value=\"14\" \/><input type=\"hidden\" name=\"_wpcf7_version\" value=\"6.1.3\" \/><input type=\"hidden\" name=\"_wpcf7_locale\" value=\"es_ES\" \/><input type=\"hidden\" name=\"_wpcf7_unit_tag\" value=\"wpcf7-f14-o1\" \/><input type=\"hidden\" name=\"_wpcf7_container_post\" value=\"0\" \/><input type=\"hidden\" name=\"_wpcf7_posted_data_hash\" value=\"\" \/><input type=\"hidden\" name=\"_wpcf7_recaptcha_response\" value=\"\" \/>\n<\/fieldset>\n<div class=\"row\">\n\t<div class=\"col-md-6\">\n\t\t<p><span class=\"wpcf7-form-control-wrap\" data-name=\"your-name\"><input size=\"40\" maxlength=\"400\" class=\"wpcf7-form-control wpcf7-text wpcf7-validates-as-required\" aria-required=\"true\" aria-invalid=\"false\" placeholder=\"Nombre y Apellidos*\" value=\"\" type=\"text\" name=\"your-name\" \/><\/span>\n\t\t<\/p>\n\t<\/div>\n\t<div class=\"col-md-6\">\n\t\t<p><span class=\"wpcf7-form-control-wrap\" data-name=\"your-email\"><input size=\"40\" maxlength=\"400\" class=\"wpcf7-form-control wpcf7-email wpcf7-validates-as-required wpcf7-text wpcf7-validates-as-email\" aria-required=\"true\" aria-invalid=\"false\" placeholder=\"Email*\" value=\"\" type=\"email\" name=\"your-email\" \/><\/span>\n\t\t<\/p>\n\t<\/div>\n<\/div>\n<div class=\"row\">\n\t<div class=\"col-md-6\">\n\t\t<p><span class=\"wpcf7-form-control-wrap\" data-name=\"text-114\"><input size=\"40\" maxlength=\"400\" class=\"wpcf7-form-control wpcf7-text wpcf7-validates-as-required\" aria-required=\"true\" aria-invalid=\"false\" placeholder=\"Tel\u00e9fono*\" value=\"\" type=\"text\" name=\"text-114\" \/><\/span>\n\t\t<\/p>\n\t<\/div>\n\t<div class=\"col-md-6\">\n\t\t<p><span class=\"wpcf7-form-control-wrap\" data-name=\"your-subject\"><input size=\"40\" maxlength=\"400\" class=\"wpcf7-form-control wpcf7-text\" aria-invalid=\"false\" placeholder=\"Asunto\" value=\"\" type=\"text\" name=\"your-subject\" \/><\/span>\n\t\t<\/p>\n\t<\/div>\n<\/div>\n<div class=\"row\">\n\t<div class=\"col-md-12\">\n\t\t<p><span class=\"wpcf7-form-control-wrap\" data-name=\"your-message\"><textarea cols=\"40\" rows=\"10\" maxlength=\"2000\" class=\"wpcf7-form-control wpcf7-textarea\" aria-invalid=\"false\" placeholder=\"Mensaje\" name=\"your-message\"><\/textarea><\/span>\n\t\t<\/p>\n\t<\/div>\n\t<div class=\"col-md-12\">\n\t\t<p><span class=\"wpcf7-form-control-wrap\" data-name=\"acceptance-185\"><span class=\"wpcf7-form-control wpcf7-acceptance\"><span class=\"wpcf7-list-item\"><label><input type=\"checkbox\" name=\"acceptance-185\" value=\"1\" aria-invalid=\"false\" \/><span class=\"wpcf7-list-item-label\">He le\u00eddo la <a href=\"\/politica-de-privacidad\/\">pol\u00edtica de privacidad<\/a> y acepto el env\u00edo de la informaci\u00f3n<\/span><\/label><\/span><\/span><\/span>\n\t\t<\/p>\n\t<\/div>\n<\/div>\n<p><input class=\"wpcf7-form-control wpcf7-submit has-spinner\" type=\"submit\" value=\"Enviar\" \/>\n<\/p><div class=\"wpcf7-response-output\" aria-hidden=\"true\"><\/div>\n<\/form>\n<\/div>\n[\/vc_column][vc_column width=&#8221;1\/2&#8243;]<div class=\"side_icon_box normal  \"><span class=\"icon_feat \" style=\"\"><i class=\"icon icon-map-marker2\" style=\"\"><\/i><\/span><h3>Carretera C-155, km 1,5, 08213 Poliny\u00e1, Barcelona<\/h3><div class=\"side_icon_box_content\"><a href=\"https:\/\/www.google.com\/maps\/dir\/\/Restaurant+Can+Mauri,+C-155,+km+1,5,+08213+Sabadell,+Barcelona\/@41.570099,2.128654,15z\/data=!4m8!4m7!1m0!1m5!1m1!1s0x12a495464350381b:0x84b2792e3b141ed0!2m2!1d2.1286539!2d41.5700992?hl=es-ES\">C\u00f3mo llegar<\/a><\/div><\/div><div class=\"side_icon_box normal  \"><span class=\"icon_feat \" style=\"\"><i class=\"icon icon-phone3\" style=\"\"><\/i><\/span><h3>937 43 50 66<\/h3><div class=\"side_icon_box_content\">Solicita tu presupuesto<\/div><\/div><div class=\"side_icon_box normal  \"><span class=\"icon_feat \" style=\"\"><i class=\"icon icon-clock\" style=\"\"><\/i><\/span><h3>Horarios<\/h3><div class=\"side_icon_box_content\">Mi\u00e9rcoles a domingo 13h-16h.<br \/>\nViernes y s\u00e1bado 13h-16h \/ 20h-24h.<\/div><\/div><div class=\"side_icon_box normal  \"><span class=\"icon_feat \" style=\"\"><i class=\"icon icon-mail\" style=\"\"><\/i><\/span><h3><a href=\"mailto:info@restaurantcanmauri.com\" target=\"_self\">info@restaurantcanmauri.com<\/a><\/h3><div class=\"side_icon_box_content\"><\/div><\/div>[\/vc_column][\/vc_row]<\/p>\n<\/div>","protected":false},"excerpt":{"rendered":"<p>[vc_row full_width=&#8221;stretch_row&#8221; equal_height=&#8221;yes&#8221; content_placement=&#8221;middle&#8221; bg_type=&#8221;image&#8221; bg_image_new=&#8221;1125&#8243; bg_image_repeat=&#8221;no-repeat&#8221; css=&#8221;.vc_custom_1740396271943{margin-right: 5px !important;margin-left: 5px !important;}&#8221;][vc_column][vc_column_text css=&#8221;&#8221; el_class=&#8221;tituloMenu&#8221;] Masia per a esdeveniments a Poliny\u00e0 [\/vc_column_text][\/vc_column][\/vc_row][vc_row][vc_column][\/vc_column][\/vc_row][vc_row full_width=&#8221;stretch_row_content_no_spaces&#8221; equal_height=&#8221;yes&#8221; css=&#8221;.vc_custom_1740396287516{margin-right: 5px !important;margin-left: 5px !important;}&#8221;][vc_column width=&#8221;1\/2&#8243;][vc_column_text css=&#8221;.vc_custom_1776062026197{margin-right: 70px !important;margin-left: 80px !important;}&#8221; el_class=&#8221;tituloMenu3&#8243;] Masia per a esdeveniments a Poliny\u00e0: l\u2019espai ideal per a celebracions \u00faniques Si est\u00e0s buscant una masia per a esdeveniments a Poliny\u00e0 que combini tradici\u00f3,<\/p>\n<div class=\"h10\"><\/div>\n<p><a class=\"more-link1\" href=\"https:\/\/canmauri.com\/ca\/masia-per-a-esdeveniments-a-polinya\/\">Read more<\/a><\/p>\n","protected":false},"author":7,"featured_media":8391,"parent":0,"menu_order":0,"comment_status":"closed","ping_status":"closed","template":"","meta":{"_vp_format_video_url":"","_vp_image_focal_point":[],"footnotes":""},"class_list":["post-8376","page","type-page","status-publish","has-post-thumbnail","hentry"],"yoast_head":"<!-- This site is optimized with the Yoast SEO plugin v26.2 - https:\/\/yoast.com\/wordpress\/plugins\/seo\/ -->\n<title>Masia per a esdeveniments a Poliny\u00e0 | Can Mauri<\/title>\n<meta name=\"description\" content=\"Descobreix la millor masia per a esdeveniments a Poliny\u00e0 a Can Mauri. Gastronomia catalana de qualitat per a qualsevol tipus d&#039;esvenediment.\" \/>\n<meta name=\"robots\" content=\"index, follow, max-snippet:-1, max-image-preview:large, max-video-preview:-1\" \/>\n<link rel=\"canonical\" href=\"https:\/\/canmauri.com\/ca\/masia-per-a-esdeveniments-a-polinya\/\" \/>\n<meta property=\"og:locale\" content=\"ca_ES\" \/>\n<meta property=\"og:type\" content=\"article\" \/>\n<meta property=\"og:title\" content=\"Masia per a esdeveniments a Poliny\u00e0 | Can Mauri\" \/>\n<meta property=\"og:description\" content=\"Descobreix la millor masia per a esdeveniments a Poliny\u00e0 a Can Mauri. Gastronomia catalana de qualitat per a qualsevol tipus d&#039;esvenediment.\" \/>\n<meta property=\"og:url\" content=\"https:\/\/canmauri.com\/ca\/masia-per-a-esdeveniments-a-polinya\/\" \/>\n<meta property=\"og:site_name\" content=\"Can Mauri\" \/>\n<meta property=\"article:modified_time\" content=\"2026-04-13T06:47:13+00:00\" \/>\n<meta property=\"og:image\" content=\"https:\/\/canmauri.com\/wp-content\/uploads\/2026\/04\/Masia-para-eventos-en-Polinya.png\" \/>\n\t<meta property=\"og:image:width\" content=\"1200\" \/>\n\t<meta property=\"og:image:height\" content=\"750\" \/>\n\t<meta property=\"og:image:type\" content=\"image\/png\" \/>\n<meta name=\"twitter:card\" content=\"summary_large_image\" \/>\n<meta name=\"twitter:label1\" content=\"Temps estimat de lectura\" \/>\n\t<meta name=\"twitter:data1\" content=\"3 minuts\" \/>\n<script type=\"application\/ld+json\" class=\"yoast-schema-graph\">{\"@context\":\"https:\/\/schema.org\",\"@graph\":[{\"@type\":\"WebPage\",\"@id\":\"https:\/\/canmauri.com\/ca\/masia-per-a-esdeveniments-a-polinya\/\",\"url\":\"https:\/\/canmauri.com\/ca\/masia-per-a-esdeveniments-a-polinya\/\",\"name\":\"Masia per a esdeveniments a Poliny\u00e0 | Can Mauri\",\"isPartOf\":{\"@id\":\"https:\/\/canmauri.com\/#website\"},\"primaryImageOfPage\":{\"@id\":\"https:\/\/canmauri.com\/ca\/masia-per-a-esdeveniments-a-polinya\/#primaryimage\"},\"image\":{\"@id\":\"https:\/\/canmauri.com\/ca\/masia-per-a-esdeveniments-a-polinya\/#primaryimage\"},\"thumbnailUrl\":\"https:\/\/canmauri.com\/wp-content\/uploads\/2026\/04\/Masia-para-eventos-en-Polinya.png\",\"datePublished\":\"2026-03-13T07:27:35+00:00\",\"dateModified\":\"2026-04-13T06:47:13+00:00\",\"description\":\"Descobreix la millor masia per a esdeveniments a Poliny\u00e0 a Can Mauri. Gastronomia catalana de qualitat per a qualsevol tipus d'esvenediment.\",\"breadcrumb\":{\"@id\":\"https:\/\/canmauri.com\/ca\/masia-per-a-esdeveniments-a-polinya\/#breadcrumb\"},\"inLanguage\":\"ca\",\"potentialAction\":[{\"@type\":\"ReadAction\",\"target\":[\"https:\/\/canmauri.com\/ca\/masia-per-a-esdeveniments-a-polinya\/\"]}]},{\"@type\":\"ImageObject\",\"inLanguage\":\"ca\",\"@id\":\"https:\/\/canmauri.com\/ca\/masia-per-a-esdeveniments-a-polinya\/#primaryimage\",\"url\":\"https:\/\/canmauri.com\/wp-content\/uploads\/2026\/04\/Masia-para-eventos-en-Polinya.png\",\"contentUrl\":\"https:\/\/canmauri.com\/wp-content\/uploads\/2026\/04\/Masia-para-eventos-en-Polinya.png\",\"width\":1200,\"height\":750,\"caption\":\"Ambiente festivo en mas\u00eda para celebraciones en Poliny\u00e0\"},{\"@type\":\"BreadcrumbList\",\"@id\":\"https:\/\/canmauri.com\/ca\/masia-per-a-esdeveniments-a-polinya\/#breadcrumb\",\"itemListElement\":[{\"@type\":\"ListItem\",\"position\":1,\"name\":\"Portada\",\"item\":\"https:\/\/canmauri.com\/ca\/\"},{\"@type\":\"ListItem\",\"position\":2,\"name\":\"Masia per a esdeveniments a Poliny\u00e0\"}]},{\"@type\":\"WebSite\",\"@id\":\"https:\/\/canmauri.com\/#website\",\"url\":\"https:\/\/canmauri.com\/\",\"name\":\"Can Mauri\",\"description\":\"\",\"potentialAction\":[{\"@type\":\"SearchAction\",\"target\":{\"@type\":\"EntryPoint\",\"urlTemplate\":\"https:\/\/canmauri.com\/?s={search_term_string}\"},\"query-input\":{\"@type\":\"PropertyValueSpecification\",\"valueRequired\":true,\"valueName\":\"search_term_string\"}}],\"inLanguage\":\"ca\"}]}<\/script>\n<!-- \/ Yoast SEO plugin. -->","yoast_head_json":{"title":"Masia per a esdeveniments a Poliny\u00e0 | Can Mauri","description":"Descobreix la millor masia per a esdeveniments a Poliny\u00e0 a Can Mauri. Gastronomia catalana de qualitat per a qualsevol tipus d'esvenediment.","robots":{"index":"index","follow":"follow","max-snippet":"max-snippet:-1","max-image-preview":"max-image-preview:large","max-video-preview":"max-video-preview:-1"},"canonical":"https:\/\/canmauri.com\/ca\/masia-per-a-esdeveniments-a-polinya\/","og_locale":"ca_ES","og_type":"article","og_title":"Masia per a esdeveniments a Poliny\u00e0 | Can Mauri","og_description":"Descobreix la millor masia per a esdeveniments a Poliny\u00e0 a Can Mauri. Gastronomia catalana de qualitat per a qualsevol tipus d'esvenediment.","og_url":"https:\/\/canmauri.com\/ca\/masia-per-a-esdeveniments-a-polinya\/","og_site_name":"Can Mauri","article_modified_time":"2026-04-13T06:47:13+00:00","og_image":[{"width":1200,"height":750,"url":"https:\/\/canmauri.com\/wp-content\/uploads\/2026\/04\/Masia-para-eventos-en-Polinya.png","type":"image\/png"}],"twitter_card":"summary_large_image","twitter_misc":{"Temps estimat de lectura":"3 minuts"},"schema":{"@context":"https:\/\/schema.org","@graph":[{"@type":"WebPage","@id":"https:\/\/canmauri.com\/ca\/masia-per-a-esdeveniments-a-polinya\/","url":"https:\/\/canmauri.com\/ca\/masia-per-a-esdeveniments-a-polinya\/","name":"Masia per a esdeveniments a Poliny\u00e0 | Can Mauri","isPartOf":{"@id":"https:\/\/canmauri.com\/#website"},"primaryImageOfPage":{"@id":"https:\/\/canmauri.com\/ca\/masia-per-a-esdeveniments-a-polinya\/#primaryimage"},"image":{"@id":"https:\/\/canmauri.com\/ca\/masia-per-a-esdeveniments-a-polinya\/#primaryimage"},"thumbnailUrl":"https:\/\/canmauri.com\/wp-content\/uploads\/2026\/04\/Masia-para-eventos-en-Polinya.png","datePublished":"2026-03-13T07:27:35+00:00","dateModified":"2026-04-13T06:47:13+00:00","description":"Descobreix la millor masia per a esdeveniments a Poliny\u00e0 a Can Mauri. Gastronomia catalana de qualitat per a qualsevol tipus d'esvenediment.","breadcrumb":{"@id":"https:\/\/canmauri.com\/ca\/masia-per-a-esdeveniments-a-polinya\/#breadcrumb"},"inLanguage":"ca","potentialAction":[{"@type":"ReadAction","target":["https:\/\/canmauri.com\/ca\/masia-per-a-esdeveniments-a-polinya\/"]}]},{"@type":"ImageObject","inLanguage":"ca","@id":"https:\/\/canmauri.com\/ca\/masia-per-a-esdeveniments-a-polinya\/#primaryimage","url":"https:\/\/canmauri.com\/wp-content\/uploads\/2026\/04\/Masia-para-eventos-en-Polinya.png","contentUrl":"https:\/\/canmauri.com\/wp-content\/uploads\/2026\/04\/Masia-para-eventos-en-Polinya.png","width":1200,"height":750,"caption":"Ambiente festivo en mas\u00eda para celebraciones en Poliny\u00e0"},{"@type":"BreadcrumbList","@id":"https:\/\/canmauri.com\/ca\/masia-per-a-esdeveniments-a-polinya\/#breadcrumb","itemListElement":[{"@type":"ListItem","position":1,"name":"Portada","item":"https:\/\/canmauri.com\/ca\/"},{"@type":"ListItem","position":2,"name":"Masia per a esdeveniments a Poliny\u00e0"}]},{"@type":"WebSite","@id":"https:\/\/canmauri.com\/#website","url":"https:\/\/canmauri.com\/","name":"Can Mauri","description":"","potentialAction":[{"@type":"SearchAction","target":{"@type":"EntryPoint","urlTemplate":"https:\/\/canmauri.com\/?s={search_term_string}"},"query-input":{"@type":"PropertyValueSpecification","valueRequired":true,"valueName":"search_term_string"}}],"inLanguage":"ca"}]}},"_links":{"self":[{"href":"https:\/\/canmauri.com\/ca\/wp-json\/wp\/v2\/pages\/8376","targetHints":{"allow":["GET"]}}],"collection":[{"href":"https:\/\/canmauri.com\/ca\/wp-json\/wp\/v2\/pages"}],"about":[{"href":"https:\/\/canmauri.com\/ca\/wp-json\/wp\/v2\/types\/page"}],"author":[{"embeddable":true,"href":"https:\/\/canmauri.com\/ca\/wp-json\/wp\/v2\/users\/7"}],"replies":[{"embeddable":true,"href":"https:\/\/canmauri.com\/ca\/wp-json\/wp\/v2\/comments?post=8376"}],"version-history":[{"count":2,"href":"https:\/\/canmauri.com\/ca\/wp-json\/wp\/v2\/pages\/8376\/revisions"}],"predecessor-version":[{"id":8399,"href":"https:\/\/canmauri.com\/ca\/wp-json\/wp\/v2\/pages\/8376\/revisions\/8399"}],"wp:featuredmedia":[{"embeddable":true,"href":"https:\/\/canmauri.com\/ca\/wp-json\/wp\/v2\/media\/8391"}],"wp:attachment":[{"href":"https:\/\/canmauri.com\/ca\/wp-json\/wp\/v2\/media?parent=8376"}],"curies":[{"name":"wp","href":"https:\/\/api.w.org\/{rel}","templated":true}]}}