{"id":831,"date":"2022-03-01T10:11:25","date_gmt":"2022-03-01T10:11:25","guid":{"rendered":"https:\/\/new.canmauri.com\/?page_id=831"},"modified":"2024-09-23T12:20:59","modified_gmt":"2024-09-23T10:20:59","slug":"menu-noces-intimes","status":"publish","type":"page","link":"https:\/\/canmauri.com\/ca\/menu-noces-intimes\/","title":{"rendered":"Men\u00fa noces \u00edntimes"},"content":{"rendered":"<div class=\"wpb-content-wrapper\"><p>[vc_row full_width=&#8221;stretch_row&#8221; bg_type=&#8221;image&#8221; bg_image_new=&#8221;1116&#8243; bg_image_repeat=&#8221;no-repeat&#8221;][vc_column]<div class=\"boc_spacing \" style=\"height: 200px\"><\/div>[vc_column_text el_class=&#8221;tituloMenu&#8221;]<\/p>\n<h1 style=\"text-align: center;\">Men\u00fa noces \u00edntimes<\/h1>\n<p>[\/vc_column_text]<div class=\"boc_spacing \" style=\"height: 20px\"><\/div>[vc_column_text el_class=&#8221;subtituloMenu&#8221;]<\/p>\n<p style=\"text-align: center;\">Delecta el teu paladar amb un dels nostres deliciosos men\u00fas<\/p>\n<p>[\/vc_column_text]<div class=\"boc_spacing \" style=\"height: 100px\"><\/div>[\/vc_column][\/vc_row][vc_row][vc_column]<div class=\"boc_spacing \" style=\"height: 50px\"><\/div>[vc_row_inner gap=&#8221;35&#8243; css=&#8221;.vc_custom_1639384734539{margin-bottom: 0px !important;}&#8221;][vc_column_inner width=&#8221;2\/3&#8243;]<h2 class=\"boc_heading  al_left  \"  style=\"margin-bottom: 20px;margin-top: 0px;color: #ceb04e;\"><span>EL NOSTRE MEN\u00da<\/span><\/h2>[vc_column_text el_class=&#8221;texto&#8221;]<\/p>\n<h3 class=\"tituloHome\">Men\u00fa de noces \u00edntimes<\/h3>\n<p style=\"text-align: justify;\">A Can Mauri ens adaptem a totes les situacions i oferim diversos men\u00fas, en els quals \u00e9s possible triar entre diverses propostes culin\u00e0ries, per a aconseguir delectar a tots els paladars en un espai \u00fanic.<\/p>\n<p>Sabem que per a vosaltres \u00e9s important celebrar-ho amb el vostre entorn m\u00e9s pr\u00f2xim, i hem elaborat un men\u00fa especial per a l&#8217;ocasi\u00f3, que t\u00e9 en compte tots els detalls perqu\u00e8 gaudiu junts del vostre dia i el pugueu compartir amb les persones que us acompanyin en aquest moment tan especial.<\/p>\n<p>[\/vc_column_text]<a\thref=\"\/wp-content\/uploads\/2024\/09\/CASAMENT-INTIM.pdf\" \n\t\t\t\tclass=\"button btn_medium btn_theme_color btn_squared btn_normal_style    \"  target='_blank'><span>DESCARREGAR MEN\u00da<\/span><\/a>[\/vc_column_inner][vc_column_inner width=&#8221;1\/3&#8243; offset=&#8221;vc_hidden-sm vc_hidden-xs&#8221;]<div class=\"boc_spacing \" style=\"height: 40px\"><\/div>[vc_single_image img_size=&#8221;boc_medium&#8221; alignment=&#8221;center&#8221; image=&#8221;314&#8243;][\/vc_column_inner][\/vc_row_inner][\/vc_column][\/vc_row]<\/p>\n<\/div>","protected":false},"excerpt":{"rendered":"<p>[vc_row full_width=&#8221;stretch_row&#8221; bg_type=&#8221;image&#8221; bg_image_new=&#8221;1116&#8243; bg_image_repeat=&#8221;no-repeat&#8221;][vc_column][vc_column_text el_class=&#8221;tituloMenu&#8221;] Men\u00fa noces \u00edntimes [\/vc_column_text][vc_column_text el_class=&#8221;subtituloMenu&#8221;] Delecta el teu paladar amb un dels nostres deliciosos men\u00fas [\/vc_column_text][\/vc_column][\/vc_row][vc_row][vc_column][vc_row_inner gap=&#8221;35&#8243; css=&#8221;.vc_custom_1639384734539{margin-bottom: 0px !important;}&#8221;][vc_column_inner width=&#8221;2\/3&#8243;][vc_column_text el_class=&#8221;texto&#8221;] Men\u00fa de noces \u00edntimes A Can Mauri ens adaptem a totes les situacions i oferim diversos men\u00fas, en els quals \u00e9s possible triar entre diverses propostes culin\u00e0ries, per a aconseguir delectar a<\/p>\n<div class=\"h10\"><\/div>\n<p><a class=\"more-link1\" href=\"https:\/\/canmauri.com\/ca\/menu-noces-intimes\/\">Read more<\/a><\/p>\n","protected":false},"author":1,"featured_media":0,"parent":0,"menu_order":0,"comment_status":"closed","ping_status":"closed","template":"","meta":{"_vp_format_video_url":"","_vp_image_focal_point":[],"footnotes":""},"class_list":["post-831","page","type-page","status-publish","hentry"],"yoast_head":"<!-- This site is optimized with the Yoast SEO plugin v26.2 - https:\/\/yoast.com\/wordpress\/plugins\/seo\/ -->\n<title>Men\u00fa noces \u00edntimes - Can Mauri<\/title>\n<meta name=\"robots\" content=\"index, follow, max-snippet:-1, max-image-preview:large, max-video-preview:-1\" \/>\n<link rel=\"canonical\" href=\"https:\/\/canmauri.com\/ca\/menu-noces-intimes\/\" \/>\n<meta property=\"og:locale\" content=\"ca_ES\" \/>\n<meta property=\"og:type\" content=\"article\" \/>\n<meta property=\"og:title\" content=\"Men\u00fa noces \u00edntimes - Can Mauri\" \/>\n<meta property=\"og:description\" content=\"[vc_row full_width=&#8221;stretch_row&#8221; bg_type=&#8221;image&#8221; bg_image_new=&#8221;1116&#8243; bg_image_repeat=&#8221;no-repeat&#8221;][vc_column][vc_column_text el_class=&#8221;tituloMenu&#8221;] Men\u00fa noces \u00edntimes [\/vc_column_text][vc_column_text el_class=&#8221;subtituloMenu&#8221;] Delecta el teu paladar amb un dels nostres deliciosos men\u00fas [\/vc_column_text][\/vc_column][\/vc_row][vc_row][vc_column][vc_row_inner gap=&#8221;35&#8243; css=&#8221;.vc_custom_1639384734539{margin-bottom: 0px !important;}&#8221;][vc_column_inner width=&#8221;2\/3&#8243;][vc_column_text el_class=&#8221;texto&#8221;] Men\u00fa de noces \u00edntimes A Can Mauri ens adaptem a totes les situacions i oferim diversos men\u00fas, en els quals \u00e9s possible triar entre diverses propostes culin\u00e0ries, per a aconseguir delectar aRead more\" \/>\n<meta property=\"og:url\" content=\"https:\/\/canmauri.com\/ca\/menu-noces-intimes\/\" \/>\n<meta property=\"og:site_name\" content=\"Can Mauri\" \/>\n<meta property=\"article:modified_time\" content=\"2024-09-23T10:20:59+00:00\" \/>\n<meta name=\"twitter:card\" content=\"summary_large_image\" \/>\n<meta name=\"twitter:label1\" content=\"Temps estimat de lectura\" \/>\n\t<meta name=\"twitter:data1\" content=\"1 minut\" \/>\n<script type=\"application\/ld+json\" class=\"yoast-schema-graph\">{\"@context\":\"https:\/\/schema.org\",\"@graph\":[{\"@type\":\"WebPage\",\"@id\":\"https:\/\/canmauri.com\/ca\/menu-noces-intimes\/\",\"url\":\"https:\/\/canmauri.com\/ca\/menu-noces-intimes\/\",\"name\":\"Men\u00fa noces \u00edntimes - Can Mauri\",\"isPartOf\":{\"@id\":\"https:\/\/canmauri.com\/#website\"},\"datePublished\":\"2022-03-01T10:11:25+00:00\",\"dateModified\":\"2024-09-23T10:20:59+00:00\",\"breadcrumb\":{\"@id\":\"https:\/\/canmauri.com\/ca\/menu-noces-intimes\/#breadcrumb\"},\"inLanguage\":\"ca\",\"potentialAction\":[{\"@type\":\"ReadAction\",\"target\":[\"https:\/\/canmauri.com\/ca\/menu-noces-intimes\/\"]}]},{\"@type\":\"BreadcrumbList\",\"@id\":\"https:\/\/canmauri.com\/ca\/menu-noces-intimes\/#breadcrumb\",\"itemListElement\":[{\"@type\":\"ListItem\",\"position\":1,\"name\":\"Portada\",\"item\":\"https:\/\/canmauri.com\/ca\/\"},{\"@type\":\"ListItem\",\"position\":2,\"name\":\"Men\u00fa noces \u00edntimes\"}]},{\"@type\":\"WebSite\",\"@id\":\"https:\/\/canmauri.com\/#website\",\"url\":\"https:\/\/canmauri.com\/\",\"name\":\"Can Mauri\",\"description\":\"\",\"potentialAction\":[{\"@type\":\"SearchAction\",\"target\":{\"@type\":\"EntryPoint\",\"urlTemplate\":\"https:\/\/canmauri.com\/?s={search_term_string}\"},\"query-input\":{\"@type\":\"PropertyValueSpecification\",\"valueRequired\":true,\"valueName\":\"search_term_string\"}}],\"inLanguage\":\"ca\"}]}<\/script>\n<!-- \/ Yoast SEO plugin. -->","yoast_head_json":{"title":"Men\u00fa noces \u00edntimes - Can Mauri","robots":{"index":"index","follow":"follow","max-snippet":"max-snippet:-1","max-image-preview":"max-image-preview:large","max-video-preview":"max-video-preview:-1"},"canonical":"https:\/\/canmauri.com\/ca\/menu-noces-intimes\/","og_locale":"ca_ES","og_type":"article","og_title":"Men\u00fa noces \u00edntimes - Can Mauri","og_description":"[vc_row full_width=&#8221;stretch_row&#8221; bg_type=&#8221;image&#8221; bg_image_new=&#8221;1116&#8243; bg_image_repeat=&#8221;no-repeat&#8221;][vc_column][vc_column_text el_class=&#8221;tituloMenu&#8221;] Men\u00fa noces \u00edntimes [\/vc_column_text][vc_column_text el_class=&#8221;subtituloMenu&#8221;] Delecta el teu paladar amb un dels nostres deliciosos men\u00fas [\/vc_column_text][\/vc_column][\/vc_row][vc_row][vc_column][vc_row_inner gap=&#8221;35&#8243; css=&#8221;.vc_custom_1639384734539{margin-bottom: 0px !important;}&#8221;][vc_column_inner width=&#8221;2\/3&#8243;][vc_column_text el_class=&#8221;texto&#8221;] Men\u00fa de noces \u00edntimes A Can Mauri ens adaptem a totes les situacions i oferim diversos men\u00fas, en els quals \u00e9s possible triar entre diverses propostes culin\u00e0ries, per a aconseguir delectar aRead more","og_url":"https:\/\/canmauri.com\/ca\/menu-noces-intimes\/","og_site_name":"Can Mauri","article_modified_time":"2024-09-23T10:20:59+00:00","twitter_card":"summary_large_image","twitter_misc":{"Temps estimat de lectura":"1 minut"},"schema":{"@context":"https:\/\/schema.org","@graph":[{"@type":"WebPage","@id":"https:\/\/canmauri.com\/ca\/menu-noces-intimes\/","url":"https:\/\/canmauri.com\/ca\/menu-noces-intimes\/","name":"Men\u00fa noces \u00edntimes - Can Mauri","isPartOf":{"@id":"https:\/\/canmauri.com\/#website"},"datePublished":"2022-03-01T10:11:25+00:00","dateModified":"2024-09-23T10:20:59+00:00","breadcrumb":{"@id":"https:\/\/canmauri.com\/ca\/menu-noces-intimes\/#breadcrumb"},"inLanguage":"ca","potentialAction":[{"@type":"ReadAction","target":["https:\/\/canmauri.com\/ca\/menu-noces-intimes\/"]}]},{"@type":"BreadcrumbList","@id":"https:\/\/canmauri.com\/ca\/menu-noces-intimes\/#breadcrumb","itemListElement":[{"@type":"ListItem","position":1,"name":"Portada","item":"https:\/\/canmauri.com\/ca\/"},{"@type":"ListItem","position":2,"name":"Men\u00fa noces \u00edntimes"}]},{"@type":"WebSite","@id":"https:\/\/canmauri.com\/#website","url":"https:\/\/canmauri.com\/","name":"Can Mauri","description":"","potentialAction":[{"@type":"SearchAction","target":{"@type":"EntryPoint","urlTemplate":"https:\/\/canmauri.com\/?s={search_term_string}"},"query-input":{"@type":"PropertyValueSpecification","valueRequired":true,"valueName":"search_term_string"}}],"inLanguage":"ca"}]}},"_links":{"self":[{"href":"https:\/\/canmauri.com\/ca\/wp-json\/wp\/v2\/pages\/831","targetHints":{"allow":["GET"]}}],"collection":[{"href":"https:\/\/canmauri.com\/ca\/wp-json\/wp\/v2\/pages"}],"about":[{"href":"https:\/\/canmauri.com\/ca\/wp-json\/wp\/v2\/types\/page"}],"author":[{"embeddable":true,"href":"https:\/\/canmauri.com\/ca\/wp-json\/wp\/v2\/users\/1"}],"replies":[{"embeddable":true,"href":"https:\/\/canmauri.com\/ca\/wp-json\/wp\/v2\/comments?post=831"}],"version-history":[{"count":8,"href":"https:\/\/canmauri.com\/ca\/wp-json\/wp\/v2\/pages\/831\/revisions"}],"predecessor-version":[{"id":6913,"href":"https:\/\/canmauri.com\/ca\/wp-json\/wp\/v2\/pages\/831\/revisions\/6913"}],"wp:attachment":[{"href":"https:\/\/canmauri.com\/ca\/wp-json\/wp\/v2\/media?parent=831"}],"curies":[{"name":"wp","href":"https:\/\/api.w.org\/{rel}","templated":true}]}}