{"id":8281,"date":"2026-02-10T09:34:37","date_gmt":"2026-02-10T08:34:37","guid":{"rendered":"https:\/\/canmauri.com\/?page_id=8281"},"modified":"2026-03-10T09:38:34","modified_gmt":"2026-03-10T08:38:34","slug":"menu-per-sopar-dempresa-a-sabadell","status":"publish","type":"page","link":"https:\/\/canmauri.com\/ca\/menu-per-sopar-dempresa-a-sabadell\/","title":{"rendered":"Men\u00fa per sopar d\u2019empresa a Sabadell"},"content":{"rendered":"<div class=\"wpb-content-wrapper\"><p>[vc_row full_width=&#8221;stretch_row&#8221; equal_height=&#8221;yes&#8221; content_placement=&#8221;middle&#8221; bg_type=&#8221;image&#8221; bg_image_new=&#8221;1125&#8243; bg_image_repeat=&#8221;no-repeat&#8221; css=&#8221;.vc_custom_1740396271943{margin-right: 5px !important;margin-left: 5px !important;}&#8221;][vc_column]<div class=\"boc_spacing \" style=\"height: 300px\"><\/div>[vc_column_text css=&#8221;&#8221; el_class=&#8221;tituloMenu&#8221;]<\/p>\n<h1 style=\"text-align: center;\" data-start=\"44\" data-end=\"141\">Men\u00fa per sopar d\u2019empresa a Sabadell: qualitat i professionalitat<\/h1>\n<p>[\/vc_column_text]<div class=\"boc_spacing \" style=\"height: 150px\"><\/div>[\/vc_column][\/vc_row][vc_row][vc_column]<div class=\"boc_divider_holder\"><div class=\"boc_divider  \"  style=\"margin-top: 20px;margin-bottom: 20px;height: 3px;background: #ffffff;\"><\/div><\/div>[\/vc_column][\/vc_row][vc_row full_width=&#8221;stretch_row_content_no_spaces&#8221; equal_height=&#8221;yes&#8221; css=&#8221;.vc_custom_1740396287516{margin-right: 5px !important;margin-left: 5px !important;}&#8221;][vc_column width=&#8221;1\/2&#8243;]<div class=\"boc_spacing \" style=\"height: 75px\"><\/div>[vc_column_text css=&#8221;.vc_custom_1773131602359{margin-right: 70px !important;margin-left: 80px !important;}&#8221; el_class=&#8221;tituloMenu3&#8243;]<\/p>\n<h2 data-section-id=\"1y8al9d\" data-start=\"613\" data-end=\"684\"><strong data-start=\"616\" data-end=\"684\">Men\u00fa per sopar d\u2019empresa a Sabadell: qualitat i professionalitat<\/strong><\/h2>\n<p data-start=\"686\" data-end=\"1008\">A Can Mauri sabem que un <strong data-start=\"711\" data-end=\"730\">sopar d\u2019empresa<\/strong> no \u00e9s nom\u00e9s un \u00e0pat, sin\u00f3 una oportunitat per refor\u00e7ar relacions professionals i celebrar \u00e8xits. Per aix\u00f2 dissenyem un <strong data-start=\"850\" data-end=\"889\">men\u00fa per sopar d\u2019empresa a Sabadell<\/strong> que combina productes de temporada, cuina tradicional catalana i presentacions elegants que sorprenen a cada convidat.<\/p>\n<p data-start=\"1010\" data-end=\"1264\">Cada plat es prepara amb cura i es serveix amb un servei atent i professional, assegurant que els comensals gaudeixin d\u2019una experi\u00e8ncia completa. Des dels entrants fins als plats principals m\u00e9s elaborats, el nostre men\u00fa satisf\u00e0 els paladars m\u00e9s exigents.<\/p>\n<p data-start=\"1266\" data-end=\"1450\">L\u2019entorn de Can Mauri aporta un toc especial: espais amplis, c\u00f2modes i adaptats per a reunions corporatives, amb la privacitat i ambientaci\u00f3 ideals per a qualsevol ocasi\u00f3 professional.<\/p>\n<p>[\/vc_column_text]<div class=\"boc_spacing \" style=\"height: 75px\"><\/div>[\/vc_column][vc_column width=&#8221;1\/2&#8243; css=&#8221;.vc_custom_1773131704947{margin-right: 50px !important;background-image: url(https:\/\/canmauri.com\/wp-content\/uploads\/2026\/03\/Menu-para-cena-de-empresa-4.png?id=8288) !important;background-position: center !important;background-repeat: no-repeat !important;background-size: cover !important;}&#8221;]<div class=\"boc_spacing \" style=\"height: 500px\"><\/div>[\/vc_column][\/vc_row][vc_row][vc_column]<div class=\"boc_divider_holder\"><div class=\"boc_divider  \"  style=\"margin-top: 20px;margin-bottom: 20px;height: 3px;background: #ffffff;\"><\/div><\/div>[\/vc_column][\/vc_row][vc_row full_width=&#8221;stretch_row_content_no_spaces&#8221; equal_height=&#8221;yes&#8221;][vc_column width=&#8221;1\/2&#8243; css=&#8221;.vc_custom_1773131718052{margin-left: 50px !important;background-image: url(https:\/\/canmauri.com\/wp-content\/uploads\/2026\/03\/Menu-para-cena-de-empresa-5.png?id=8290) !important;background-position: center !important;background-repeat: no-repeat !important;background-size: cover !important;}&#8221;]<div class=\"boc_spacing \" style=\"height: 500px\"><\/div>[\/vc_column][vc_column width=&#8221;1\/2&#8243;]<div class=\"boc_spacing \" style=\"height: 75px\"><\/div>[vc_column_text css=&#8221;.vc_custom_1773131616997{margin-right: 70px !important;margin-left: 80px !important;}&#8221; el_class=&#8221;tituloMenu3&#8243;]<\/p>\n<h2 data-section-id=\"1lyhopg\" data-start=\"1452\" data-end=\"1512\"><strong data-start=\"1455\" data-end=\"1512\">On gaudir del teu men\u00fa per sopar d\u2019empresa a Sabadell<\/strong><\/h2>\n<p data-start=\"1514\" data-end=\"1824\">Escollir el lloc adequat \u00e9s fonamental per assegurar l\u2019\u00e8xit d\u2019un sopar corporatiu. A Can Mauri oferim un espai exclusiu per gaudir d\u2019un <strong data-start=\"1650\" data-end=\"1689\">men\u00fa per sopar d\u2019empresa a Sabadell<\/strong> amb total tranquil\u00b7litat, on cada detall, des de la il\u00b7luminaci\u00f3 fins a la disposici\u00f3 de les taules, s\u2019adapta a les teves necessitats.<\/p>\n<p data-start=\"1826\" data-end=\"2102\">El nostre equip s\u2019encarrega de tot perqu\u00e8 els organitzadors nom\u00e9s hagin de concentrar-se en els convidats. Els men\u00fas inclouen opcions variades d\u2019entrants, plats principals i postres casolanes que combinen tradici\u00f3 i modernitat, garantint una experi\u00e8ncia gastron\u00f2mica completa.<\/p>\n<p data-start=\"2104\" data-end=\"2245\">A m\u00e9s, comptem amb experi\u00e8ncia en sopars per a empreses de diferents mides, assegurant que cada esdeveniment sigui personalitzat i memorable.<\/p>\n<p>[\/vc_column_text]<div class=\"boc_spacing \" style=\"height: 75px\"><\/div>[\/vc_column][\/vc_row][vc_row][vc_column]<div class=\"boc_divider_holder\"><div class=\"boc_divider  \"  style=\"margin-top: 20px;margin-bottom: 20px;height: 3px;background: #ffffff;\"><\/div><\/div>[\/vc_column][\/vc_row][vc_row full_width=&#8221;stretch_row_content_no_spaces&#8221; equal_height=&#8221;yes&#8221;][vc_column width=&#8221;1\/2&#8243;]<div class=\"boc_spacing \" style=\"height: 75px\"><\/div>[vc_column_text css=&#8221;.vc_custom_1773131623766{margin-right: 70px !important;margin-left: 80px !important;}&#8221; el_class=&#8221;tituloMenu3&#8243;]<\/p>\n<h2 data-section-id=\"bwfj3y\" data-start=\"2247\" data-end=\"2341\"><strong data-start=\"2250\" data-end=\"2341\">Viu la millor experi\u00e8ncia corporativa amb el nostre men\u00fa per sopar d\u2019empresa a Sabadell<\/strong><\/h2>\n<p data-start=\"2343\" data-end=\"2588\">A Can Mauri sabem que un <strong data-start=\"2368\" data-end=\"2398\">sopar d\u2019empresa a Sabadell<\/strong> \u00e9s una oportunitat per crear moments \u00fanics. Per aix\u00f2 cuidem cada detall, des de la selecci\u00f3 del producte fins al servei final, garantint una experi\u00e8ncia impecable per a tots els assistents.<\/p>\n<p data-start=\"2590\" data-end=\"2887\">El nostre restaurant \u00e9s el lloc ideal per sopars d\u2019empresa, presentacions corporatives o celebracions professionals durant tot l\u2019any. Gr\u00e0cies a la nostra experi\u00e8ncia i dedicaci\u00f3, assegurem un esdeveniment que combina gastronomia, confort i professionalitat, convertint cada sopar en un \u00e8xit segur.<\/p>\n<p>[\/vc_column_text]<div class=\"boc_spacing \" style=\"height: 75px\"><\/div>[\/vc_column][vc_column width=&#8221;1\/2&#8243; css=&#8221;.vc_custom_1773131728868{margin-right: 50px !important;background-image: url(https:\/\/canmauri.com\/wp-content\/uploads\/2026\/03\/Menu-para-cena-de-empresa-2.png?id=8284) !important;background-position: center !important;background-repeat: no-repeat !important;background-size: cover !important;}&#8221;]<div class=\"boc_spacing \" style=\"height: 500px\"><\/div>[\/vc_column][\/vc_row][vc_row css=&#8221;.vc_custom_1740476851144{margin-top: 100px !important;margin-right: 5px !important;margin-bottom: 50px !important;margin-left: 5px !important;}&#8221;][vc_column width=&#8221;1\/2&#8243;]\n<div class=\"wpcf7 no-js\" id=\"wpcf7-f14-o1\" lang=\"es-ES\" dir=\"ltr\" data-wpcf7-id=\"14\">\n<div class=\"screen-reader-response\"><p role=\"status\" aria-live=\"polite\" aria-atomic=\"true\"><\/p> <ul><\/ul><\/div>\n<form action=\"\/ca\/wp-json\/wp\/v2\/pages\/8281#wpcf7-f14-o1\" method=\"post\" class=\"wpcf7-form init\" aria-label=\"Formulario de contacto\" novalidate=\"novalidate\" data-status=\"init\">\n<fieldset class=\"hidden-fields-container\"><input type=\"hidden\" name=\"_wpcf7\" value=\"14\" \/><input type=\"hidden\" name=\"_wpcf7_version\" value=\"6.1.3\" \/><input type=\"hidden\" name=\"_wpcf7_locale\" value=\"es_ES\" \/><input type=\"hidden\" name=\"_wpcf7_unit_tag\" value=\"wpcf7-f14-o1\" \/><input type=\"hidden\" name=\"_wpcf7_container_post\" value=\"0\" \/><input type=\"hidden\" name=\"_wpcf7_posted_data_hash\" value=\"\" \/><input type=\"hidden\" name=\"_wpcf7_recaptcha_response\" value=\"\" \/>\n<\/fieldset>\n<div class=\"row\">\n\t<div class=\"col-md-6\">\n\t\t<p><span class=\"wpcf7-form-control-wrap\" data-name=\"your-name\"><input size=\"40\" maxlength=\"400\" class=\"wpcf7-form-control wpcf7-text wpcf7-validates-as-required\" aria-required=\"true\" aria-invalid=\"false\" placeholder=\"Nombre y Apellidos*\" value=\"\" type=\"text\" name=\"your-name\" \/><\/span>\n\t\t<\/p>\n\t<\/div>\n\t<div class=\"col-md-6\">\n\t\t<p><span class=\"wpcf7-form-control-wrap\" data-name=\"your-email\"><input size=\"40\" maxlength=\"400\" class=\"wpcf7-form-control wpcf7-email wpcf7-validates-as-required wpcf7-text wpcf7-validates-as-email\" aria-required=\"true\" aria-invalid=\"false\" placeholder=\"Email*\" value=\"\" type=\"email\" name=\"your-email\" \/><\/span>\n\t\t<\/p>\n\t<\/div>\n<\/div>\n<div class=\"row\">\n\t<div class=\"col-md-6\">\n\t\t<p><span class=\"wpcf7-form-control-wrap\" data-name=\"text-114\"><input size=\"40\" maxlength=\"400\" class=\"wpcf7-form-control wpcf7-text wpcf7-validates-as-required\" aria-required=\"true\" aria-invalid=\"false\" placeholder=\"Tel\u00e9fono*\" value=\"\" type=\"text\" name=\"text-114\" \/><\/span>\n\t\t<\/p>\n\t<\/div>\n\t<div class=\"col-md-6\">\n\t\t<p><span class=\"wpcf7-form-control-wrap\" data-name=\"your-subject\"><input size=\"40\" maxlength=\"400\" class=\"wpcf7-form-control wpcf7-text\" aria-invalid=\"false\" placeholder=\"Asunto\" value=\"\" type=\"text\" name=\"your-subject\" \/><\/span>\n\t\t<\/p>\n\t<\/div>\n<\/div>\n<div class=\"row\">\n\t<div class=\"col-md-12\">\n\t\t<p><span class=\"wpcf7-form-control-wrap\" data-name=\"your-message\"><textarea cols=\"40\" rows=\"10\" maxlength=\"2000\" class=\"wpcf7-form-control wpcf7-textarea\" aria-invalid=\"false\" placeholder=\"Mensaje\" name=\"your-message\"><\/textarea><\/span>\n\t\t<\/p>\n\t<\/div>\n\t<div class=\"col-md-12\">\n\t\t<p><span class=\"wpcf7-form-control-wrap\" data-name=\"acceptance-185\"><span class=\"wpcf7-form-control wpcf7-acceptance\"><span class=\"wpcf7-list-item\"><label><input type=\"checkbox\" name=\"acceptance-185\" value=\"1\" aria-invalid=\"false\" \/><span class=\"wpcf7-list-item-label\">He le\u00eddo la <a href=\"\/politica-de-privacidad\/\">pol\u00edtica de privacidad<\/a> y acepto el env\u00edo de la informaci\u00f3n<\/span><\/label><\/span><\/span><\/span>\n\t\t<\/p>\n\t<\/div>\n<\/div>\n<p><input class=\"wpcf7-form-control wpcf7-submit has-spinner\" type=\"submit\" value=\"Enviar\" \/>\n<\/p><div class=\"wpcf7-response-output\" aria-hidden=\"true\"><\/div>\n<\/form>\n<\/div>\n[\/vc_column][vc_column width=&#8221;1\/2&#8243;]<div class=\"side_icon_box normal  \"><span class=\"icon_feat \" style=\"\"><i class=\"icon icon-map-marker2\" style=\"\"><\/i><\/span><h3>Carretera C-155, km 1,5, 08213 Poliny\u00e1, Barcelona<\/h3><div class=\"side_icon_box_content\"><a href=\"https:\/\/www.google.com\/maps\/dir\/\/Restaurant+Can+Mauri,+C-155,+km+1,5,+08213+Sabadell,+Barcelona\/@41.570099,2.128654,15z\/data=!4m8!4m7!1m0!1m5!1m1!1s0x12a495464350381b:0x84b2792e3b141ed0!2m2!1d2.1286539!2d41.5700992?hl=es-ES\">C\u00f3mo llegar<\/a><\/div><\/div><div class=\"side_icon_box normal  \"><span class=\"icon_feat \" style=\"\"><i class=\"icon icon-phone3\" style=\"\"><\/i><\/span><h3>937 43 50 66<\/h3><div class=\"side_icon_box_content\">Solicita tu presupuesto<\/div><\/div><div class=\"side_icon_box normal  \"><span class=\"icon_feat \" style=\"\"><i class=\"icon icon-clock\" style=\"\"><\/i><\/span><h3>Horarios<\/h3><div class=\"side_icon_box_content\">Mi\u00e9rcoles a domingo 13h-16h.<br \/>\nViernes y s\u00e1bado 13h-16h \/ 20h-24h.<\/div><\/div><div class=\"side_icon_box normal  \"><span class=\"icon_feat \" style=\"\"><i class=\"icon icon-mail\" style=\"\"><\/i><\/span><h3><a href=\"mailto:info@restaurantcanmauri.com\" target=\"_self\">info@restaurantcanmauri.com<\/a><\/h3><div class=\"side_icon_box_content\"><\/div><\/div>[\/vc_column][\/vc_row]<\/p>\n<\/div>","protected":false},"excerpt":{"rendered":"<p>[vc_row full_width=&#8221;stretch_row&#8221; equal_height=&#8221;yes&#8221; content_placement=&#8221;middle&#8221; bg_type=&#8221;image&#8221; bg_image_new=&#8221;1125&#8243; bg_image_repeat=&#8221;no-repeat&#8221; css=&#8221;.vc_custom_1740396271943{margin-right: 5px !important;margin-left: 5px !important;}&#8221;][vc_column][vc_column_text css=&#8221;&#8221; el_class=&#8221;tituloMenu&#8221;] Men\u00fa per sopar d\u2019empresa a Sabadell: qualitat i professionalitat [\/vc_column_text][\/vc_column][\/vc_row][vc_row][vc_column][\/vc_column][\/vc_row][vc_row full_width=&#8221;stretch_row_content_no_spaces&#8221; equal_height=&#8221;yes&#8221; css=&#8221;.vc_custom_1740396287516{margin-right: 5px !important;margin-left: 5px !important;}&#8221;][vc_column width=&#8221;1\/2&#8243;][vc_column_text css=&#8221;.vc_custom_1773131602359{margin-right: 70px !important;margin-left: 80px !important;}&#8221; el_class=&#8221;tituloMenu3&#8243;] Men\u00fa per sopar d\u2019empresa a Sabadell: qualitat i professionalitat A Can Mauri sabem que un sopar d\u2019empresa no \u00e9s nom\u00e9s un \u00e0pat,<\/p>\n<div class=\"h10\"><\/div>\n<p><a class=\"more-link1\" href=\"https:\/\/canmauri.com\/ca\/menu-per-sopar-dempresa-a-sabadell\/\">Read more<\/a><\/p>\n","protected":false},"author":7,"featured_media":0,"parent":0,"menu_order":0,"comment_status":"closed","ping_status":"closed","template":"","meta":{"_vp_format_video_url":"","_vp_image_focal_point":[],"footnotes":""},"class_list":["post-8281","page","type-page","status-publish","hentry"],"yoast_head":"<!-- This site is optimized with the Yoast SEO plugin v26.2 - https:\/\/yoast.com\/wordpress\/plugins\/seo\/ -->\n<title>Men\u00fa per sopar d\u2019empresa a Sabadell | Can Mauri<\/title>\n<meta name=\"description\" content=\"Descobreix el millor men\u00fa per sopar d\u2019empresa a Sabadell a Can Mauri. Gastronomia catalana de qualitat per a esdeveniments corporatius.\" \/>\n<meta name=\"robots\" content=\"index, follow, max-snippet:-1, max-image-preview:large, max-video-preview:-1\" \/>\n<link rel=\"canonical\" href=\"https:\/\/canmauri.com\/ca\/menu-per-sopar-dempresa-a-sabadell\/\" \/>\n<meta property=\"og:locale\" content=\"ca_ES\" \/>\n<meta property=\"og:type\" content=\"article\" \/>\n<meta property=\"og:title\" content=\"Men\u00fa per sopar d\u2019empresa a Sabadell | Can Mauri\" \/>\n<meta property=\"og:description\" content=\"Descobreix el millor men\u00fa per sopar d\u2019empresa a Sabadell a Can Mauri. Gastronomia catalana de qualitat per a esdeveniments corporatius.\" \/>\n<meta property=\"og:url\" content=\"https:\/\/canmauri.com\/ca\/menu-per-sopar-dempresa-a-sabadell\/\" \/>\n<meta property=\"og:site_name\" content=\"Can Mauri\" \/>\n<meta property=\"article:modified_time\" content=\"2026-03-10T08:38:34+00:00\" \/>\n<meta name=\"twitter:card\" content=\"summary_large_image\" \/>\n<meta name=\"twitter:label1\" content=\"Temps estimat de lectura\" \/>\n\t<meta name=\"twitter:data1\" content=\"3 minuts\" \/>\n<script type=\"application\/ld+json\" class=\"yoast-schema-graph\">{\"@context\":\"https:\/\/schema.org\",\"@graph\":[{\"@type\":\"WebPage\",\"@id\":\"https:\/\/canmauri.com\/ca\/menu-per-sopar-dempresa-a-sabadell\/\",\"url\":\"https:\/\/canmauri.com\/ca\/menu-per-sopar-dempresa-a-sabadell\/\",\"name\":\"Men\u00fa per sopar d\u2019empresa a Sabadell | Can Mauri\",\"isPartOf\":{\"@id\":\"https:\/\/canmauri.com\/#website\"},\"datePublished\":\"2026-02-10T08:34:37+00:00\",\"dateModified\":\"2026-03-10T08:38:34+00:00\",\"description\":\"Descobreix el millor men\u00fa per sopar d\u2019empresa a Sabadell a Can Mauri. Gastronomia catalana de qualitat per a esdeveniments corporatius.\",\"breadcrumb\":{\"@id\":\"https:\/\/canmauri.com\/ca\/menu-per-sopar-dempresa-a-sabadell\/#breadcrumb\"},\"inLanguage\":\"ca\",\"potentialAction\":[{\"@type\":\"ReadAction\",\"target\":[\"https:\/\/canmauri.com\/ca\/menu-per-sopar-dempresa-a-sabadell\/\"]}]},{\"@type\":\"BreadcrumbList\",\"@id\":\"https:\/\/canmauri.com\/ca\/menu-per-sopar-dempresa-a-sabadell\/#breadcrumb\",\"itemListElement\":[{\"@type\":\"ListItem\",\"position\":1,\"name\":\"Portada\",\"item\":\"https:\/\/canmauri.com\/ca\/\"},{\"@type\":\"ListItem\",\"position\":2,\"name\":\"Men\u00fa per sopar d\u2019empresa a Sabadell\"}]},{\"@type\":\"WebSite\",\"@id\":\"https:\/\/canmauri.com\/#website\",\"url\":\"https:\/\/canmauri.com\/\",\"name\":\"Can Mauri\",\"description\":\"\",\"potentialAction\":[{\"@type\":\"SearchAction\",\"target\":{\"@type\":\"EntryPoint\",\"urlTemplate\":\"https:\/\/canmauri.com\/?s={search_term_string}\"},\"query-input\":{\"@type\":\"PropertyValueSpecification\",\"valueRequired\":true,\"valueName\":\"search_term_string\"}}],\"inLanguage\":\"ca\"}]}<\/script>\n<!-- \/ Yoast SEO plugin. -->","yoast_head_json":{"title":"Men\u00fa per sopar d\u2019empresa a Sabadell | Can Mauri","description":"Descobreix el millor men\u00fa per sopar d\u2019empresa a Sabadell a Can Mauri. Gastronomia catalana de qualitat per a esdeveniments corporatius.","robots":{"index":"index","follow":"follow","max-snippet":"max-snippet:-1","max-image-preview":"max-image-preview:large","max-video-preview":"max-video-preview:-1"},"canonical":"https:\/\/canmauri.com\/ca\/menu-per-sopar-dempresa-a-sabadell\/","og_locale":"ca_ES","og_type":"article","og_title":"Men\u00fa per sopar d\u2019empresa a Sabadell | Can Mauri","og_description":"Descobreix el millor men\u00fa per sopar d\u2019empresa a Sabadell a Can Mauri. Gastronomia catalana de qualitat per a esdeveniments corporatius.","og_url":"https:\/\/canmauri.com\/ca\/menu-per-sopar-dempresa-a-sabadell\/","og_site_name":"Can Mauri","article_modified_time":"2026-03-10T08:38:34+00:00","twitter_card":"summary_large_image","twitter_misc":{"Temps estimat de lectura":"3 minuts"},"schema":{"@context":"https:\/\/schema.org","@graph":[{"@type":"WebPage","@id":"https:\/\/canmauri.com\/ca\/menu-per-sopar-dempresa-a-sabadell\/","url":"https:\/\/canmauri.com\/ca\/menu-per-sopar-dempresa-a-sabadell\/","name":"Men\u00fa per sopar d\u2019empresa a Sabadell | Can Mauri","isPartOf":{"@id":"https:\/\/canmauri.com\/#website"},"datePublished":"2026-02-10T08:34:37+00:00","dateModified":"2026-03-10T08:38:34+00:00","description":"Descobreix el millor men\u00fa per sopar d\u2019empresa a Sabadell a Can Mauri. Gastronomia catalana de qualitat per a esdeveniments corporatius.","breadcrumb":{"@id":"https:\/\/canmauri.com\/ca\/menu-per-sopar-dempresa-a-sabadell\/#breadcrumb"},"inLanguage":"ca","potentialAction":[{"@type":"ReadAction","target":["https:\/\/canmauri.com\/ca\/menu-per-sopar-dempresa-a-sabadell\/"]}]},{"@type":"BreadcrumbList","@id":"https:\/\/canmauri.com\/ca\/menu-per-sopar-dempresa-a-sabadell\/#breadcrumb","itemListElement":[{"@type":"ListItem","position":1,"name":"Portada","item":"https:\/\/canmauri.com\/ca\/"},{"@type":"ListItem","position":2,"name":"Men\u00fa per sopar d\u2019empresa a Sabadell"}]},{"@type":"WebSite","@id":"https:\/\/canmauri.com\/#website","url":"https:\/\/canmauri.com\/","name":"Can Mauri","description":"","potentialAction":[{"@type":"SearchAction","target":{"@type":"EntryPoint","urlTemplate":"https:\/\/canmauri.com\/?s={search_term_string}"},"query-input":{"@type":"PropertyValueSpecification","valueRequired":true,"valueName":"search_term_string"}}],"inLanguage":"ca"}]}},"_links":{"self":[{"href":"https:\/\/canmauri.com\/ca\/wp-json\/wp\/v2\/pages\/8281","targetHints":{"allow":["GET"]}}],"collection":[{"href":"https:\/\/canmauri.com\/ca\/wp-json\/wp\/v2\/pages"}],"about":[{"href":"https:\/\/canmauri.com\/ca\/wp-json\/wp\/v2\/types\/page"}],"author":[{"embeddable":true,"href":"https:\/\/canmauri.com\/ca\/wp-json\/wp\/v2\/users\/7"}],"replies":[{"embeddable":true,"href":"https:\/\/canmauri.com\/ca\/wp-json\/wp\/v2\/comments?post=8281"}],"version-history":[{"count":2,"href":"https:\/\/canmauri.com\/ca\/wp-json\/wp\/v2\/pages\/8281\/revisions"}],"predecessor-version":[{"id":8295,"href":"https:\/\/canmauri.com\/ca\/wp-json\/wp\/v2\/pages\/8281\/revisions\/8295"}],"wp:attachment":[{"href":"https:\/\/canmauri.com\/ca\/wp-json\/wp\/v2\/media?parent=8281"}],"curies":[{"name":"wp","href":"https:\/\/api.w.org\/{rel}","templated":true}]}}