{"id":8070,"date":"2025-11-24T09:32:10","date_gmt":"2025-11-24T08:32:10","guid":{"rendered":"https:\/\/canmauri.com\/?page_id=8070"},"modified":"2025-11-26T12:52:36","modified_gmt":"2025-11-26T11:52:36","slug":"restaurant-a-sabadell-per-a-cap-dany","status":"publish","type":"page","link":"https:\/\/canmauri.com\/ca\/restaurant-a-sabadell-per-a-cap-dany\/","title":{"rendered":"Restaurant a Sabadell per a Cap d\u2019Any"},"content":{"rendered":"<div class=\"wpb-content-wrapper\"><p>[vc_row full_width=&#8221;stretch_row&#8221; equal_height=&#8221;yes&#8221; content_placement=&#8221;middle&#8221; bg_type=&#8221;image&#8221; bg_image_new=&#8221;1125&#8243; bg_image_repeat=&#8221;no-repeat&#8221; css=&#8221;.vc_custom_1740396271943{margin-right: 5px !important;margin-left: 5px !important;}&#8221;][vc_column]<div class=\"boc_spacing \" style=\"height: 300px\"><\/div>[vc_column_text css=&#8221;&#8221; el_class=&#8221;tituloMenu&#8221;]<\/p>\n<h1 style=\"text-align: center;\">Restaurant a Sabadell per a Cap d\u2019Any<\/h1>\n<p>[\/vc_column_text]<div class=\"boc_spacing \" style=\"height: 150px\"><\/div>[\/vc_column][\/vc_row][vc_row][vc_column]<div class=\"boc_divider_holder\"><div class=\"boc_divider  \"  style=\"margin-top: 20px;margin-bottom: 20px;height: 3px;background: #ffffff;\"><\/div><\/div>[\/vc_column][\/vc_row][vc_row full_width=&#8221;stretch_row_content_no_spaces&#8221; equal_height=&#8221;yes&#8221; css=&#8221;.vc_custom_1740396287516{margin-right: 5px !important;margin-left: 5px !important;}&#8221;][vc_column width=&#8221;1\/2&#8243;]<div class=\"boc_spacing \" style=\"height: 75px\"><\/div>[vc_column_text css=&#8221;.vc_custom_1764157918736{margin-right: 70px !important;margin-left: 80px !important;}&#8221; el_class=&#8221;tituloMenu3&#8243;]<\/p>\n<h3>Restaurant a Sabadell per Cap d\u2019Any: Una experi\u00e8ncia gastron\u00f2mica inoblidable<\/h3>\n<p style=\"text-align: justify;\">La Nit de Cap d\u2019Any \u00e9s una ocasi\u00f3 especial per compartir amb familiars i amics, i triar el lloc adequat \u00e9s clau perqu\u00e8 la celebraci\u00f3 sigui perfecta i tots puguin gaudir sense preocupacions. Reservar un <strong>restaurant a Sabadell per a Cap d\u2019Any<\/strong> garanteix comoditat, un servei excel\u00b7lent i un ambient elegant, on cada detall est\u00e0 curosament planificat per crear una experi\u00e8ncia \u00fanica. Des de la recepci\u00f3 fins al brindis final, cada moment es viu amb estil i atenci\u00f3 personalitzada, assegurant que la vetllada sigui memorable per a tots els assistents.<\/p>\n<p style=\"text-align: justify;\">A m\u00e9s, aquests restaurants solen oferir men\u00fas especials elaborats per xefs experimentats, combinant plats tradicionals amb propostes innovadores, adaptant-se a tot tipus de paladars i necessitats diet\u00e8tiques. La decoraci\u00f3 festiva i la m\u00fasica ambiental contribueixen a crear un espai acollidor i sofisticat, ideal per acomiadar l\u2019any de manera elegant i divertida. Amb un <strong>restaurant a Sabadell per a Cap d\u2019Any<\/strong>, cada detall est\u00e0 pensat perqu\u00e8 la nit sigui inoblidable i tots els convidats se\u2019n duguin records especials de la celebraci\u00f3.<\/p>\n<p>[\/vc_column_text]<div class=\"boc_spacing \" style=\"height: 75px\"><\/div>[\/vc_column][vc_column width=&#8221;1\/2&#8243; css=&#8221;.vc_custom_1764153948368{margin-right: 50px !important;background-image: url(https:\/\/canmauri.com\/wp-content\/uploads\/2025\/09\/restaurante-para-celebrar-bodas-en-Polinya-4.png?id=7848) !important;background-position: center !important;background-repeat: no-repeat !important;background-size: cover !important;}&#8221;]<div class=\"boc_spacing \" style=\"height: 500px\"><\/div>[\/vc_column][\/vc_row][vc_row][vc_column]<div class=\"boc_divider_holder\"><div class=\"boc_divider  \"  style=\"margin-top: 20px;margin-bottom: 20px;height: 3px;background: #ffffff;\"><\/div><\/div>[\/vc_column][\/vc_row][vc_row full_width=&#8221;stretch_row_content_no_spaces&#8221; equal_height=&#8221;yes&#8221;][vc_column width=&#8221;1\/2&#8243; css=&#8221;.vc_custom_1764154022783{margin-left: 50px !important;background-image: url(https:\/\/canmauri.com\/wp-content\/uploads\/2025\/11\/restaurante-en-Sabadell-para-fin-de-ano-4.png?id=7998) !important;background-position: center !important;background-repeat: no-repeat !important;background-size: cover !important;}&#8221;]<div class=\"boc_spacing \" style=\"height: 500px\"><\/div>[\/vc_column][vc_column width=&#8221;1\/2&#8243;]<div class=\"boc_spacing \" style=\"height: 75px\"><\/div>[vc_column_text css=&#8221;.vc_custom_1764157936270{margin-right: 70px !important;margin-left: 80px !important;}&#8221; el_class=&#8221;tituloMenu3&#8243;]<\/p>\n<h3 data-start=\"127\" data-end=\"202\">Gastronomia de qualitat per acomiadar l\u2019any en un restaurant a Sabadell<\/h3>\n<p style=\"text-align: justify;\">Un <strong>restaurant a Sabadell per a Cap d\u2019Any<\/strong> ofereix men\u00fas dissenyats especialment per a l\u2019ocasi\u00f3, combinant plats tradicionals amb propostes innovadores que delectaran tots els convidats. A m\u00e9s, el personal del restaurant s\u2019encarrega de cada detall, des de la presentaci\u00f3 dels plats fins a la coordinaci\u00f3 del servei, assegurant que l\u2019experi\u00e8ncia sigui completa i sense estr\u00e8s. Comptar amb un espai preparat per a la Nit de Cap d\u2019Any permet centrar-se a gaudir de l\u2019esdeveniment mentre els professionals gestionen la log\u00edstica i el benestar dels convidats.<\/p>\n<p style=\"text-align: justify;\">A m\u00e9s, aquests restaurants solen oferir opcions de begudes i c\u00f2ctels adaptats al men\u00fa, amb alternatives amb o sense alcohol, garantint que tots puguin participar en el brindis. La cura en cada detall, juntament amb l\u2019atenci\u00f3 personalitzada, contribueix a crear una vetllada elegant, acollidora i realment inoblidable per a tots els assistents.<\/p>\n<p>[\/vc_column_text]<div class=\"boc_spacing \" style=\"height: 75px\"><\/div>[\/vc_column][\/vc_row][vc_row][vc_column]<div class=\"boc_divider_holder\"><div class=\"boc_divider  \"  style=\"margin-top: 20px;margin-bottom: 20px;height: 3px;background: #ffffff;\"><\/div><\/div>[\/vc_column][\/vc_row][vc_row full_width=&#8221;stretch_row_content_no_spaces&#8221; equal_height=&#8221;yes&#8221;][vc_column width=&#8221;1\/2&#8243;]<div class=\"boc_spacing \" style=\"height: 75px\"><\/div>[vc_column_text css=&#8221;.vc_custom_1764157955384{margin-right: 70px !important;margin-left: 80px !important;}&#8221; el_class=&#8221;tituloMenu3&#8243;]<\/p>\n<article class=\"text-token-text-primary w-full focus:outline-none [--shadow-height:45px] has-data-writing-block:pointer-events-none has-data-writing-block:-mt-(--shadow-height) has-data-writing-block:pt-(--shadow-height) [&amp;:has([data-writing-block])&gt;*]:pointer-events-auto scroll-mt-[calc(var(--header-height)+min(200px,max(70px,20svh)))]\" dir=\"auto\" tabindex=\"-1\" data-turn-id=\"request-WEB:b278d246-6719-4dae-820b-6b9ce2b6a355-17\" data-testid=\"conversation-turn-26\" data-scroll-anchor=\"true\" data-turn=\"assistant\">\n<div class=\"text-base my-auto mx-auto pb-10 [--thread-content-margin:--spacing(4)] thread-sm:[--thread-content-margin:--spacing(6)] thread-lg:[--thread-content-margin:--spacing(16)] px-(--thread-content-margin)\">\n<div class=\"[--thread-content-max-width:40rem] thread-lg:[--thread-content-max-width:48rem] mx-auto max-w-(--thread-content-max-width) flex-1 group\/turn-messages focus-visible:outline-hidden relative flex w-full min-w-0 flex-col agent-turn\" tabindex=\"-1\">\n<div class=\"flex max-w-full flex-col grow\">\n<div class=\"min-h-8 text-message relative flex w-full flex-col items-end gap-2 text-start break-words whitespace-normal [.text-message+&amp;]:mt-1\" dir=\"auto\" data-message-author-role=\"assistant\" data-message-id=\"6be1a1e9-201b-4f8b-8427-48d9cd1d66dc\" data-message-model-slug=\"gpt-5-1\">\n<div class=\"flex w-full flex-col gap-1 empty:hidden first:pt-[1px]\">\n<div class=\"markdown prose dark:prose-invert w-full break-words light markdown-new-styling\">\n<p style=\"text-align: justify;\" data-start=\"204\" data-end=\"290\" data-is-last-node=\"\" data-is-only-node=\"\"><strong data-start=\"204\" data-end=\"290\" data-is-last-node=\"\">Celebra amb comoditat i eleg\u00e0ncia en el nostre restaurant a Sabadell per Cap d\u2019Any<\/strong><\/p>\n<\/div>\n<\/div>\n<\/div>\n<\/div>\n<\/div>\n<\/div>\n<\/article>\n<p style=\"text-align: justify;\">La elecci\u00f3 de begudes i c\u00f2ctels \u00e9s un element essencial per crear un ambient festiu i acollidor. Un <strong>restaurant a Sabadell per a Cap d\u2019Any<\/strong> ofereix una selecci\u00f3 de begudes i c\u00f2ctels adaptats al men\u00fa, amb opcions tant amb alcohol com sense alcohol, garantint que tots els convidats puguin participar en el brindis. L\u2019entorn preparat, el servei atent i la decoraci\u00f3 festiva fan que la celebraci\u00f3 sigui perfecta i que l\u2019acomiadament de l\u2019any es visqui amb alegria i comoditat.<\/p>\n<p style=\"text-align: justify;\">A m\u00e9s, aquests restaurants cuiden cada detall, des de la disposici\u00f3 de les taules fins a la il\u00b7luminaci\u00f3, la m\u00fasica i l\u2019ambientaci\u00f3 general, creant un espai elegant i acollidor. Gr\u00e0cies a aquesta atenci\u00f3, cada moment de la vetllada es converteix en una experi\u00e8ncia memorable, on els convidats poden gaudir de la nit sense preocupacions i viure l\u2019arribada del nou any en un ambient \u00fanic i especial.<\/p>\n<p>[\/vc_column_text]<div class=\"boc_spacing \" style=\"height: 75px\"><\/div>[\/vc_column][vc_column width=&#8221;1\/2&#8243; css=&#8221;.vc_custom_1764153987360{margin-right: 50px !important;background-image: url(https:\/\/canmauri.com\/wp-content\/uploads\/2025\/11\/restaurante-en-Sabadell-para-fin-de-ano-2.png?id=7994) !important;background-position: center !important;background-repeat: no-repeat !important;background-size: cover !important;}&#8221;]<div class=\"boc_spacing \" style=\"height: 500px\"><\/div>[\/vc_column][\/vc_row][vc_row css=&#8221;.vc_custom_1740476851144{margin-top: 100px !important;margin-right: 5px !important;margin-bottom: 50px !important;margin-left: 5px !important;}&#8221;][vc_column width=&#8221;1\/2&#8243;]\n<div class=\"wpcf7 no-js\" id=\"wpcf7-f14-o1\" lang=\"es-ES\" dir=\"ltr\" data-wpcf7-id=\"14\">\n<div class=\"screen-reader-response\"><p role=\"status\" aria-live=\"polite\" aria-atomic=\"true\"><\/p> <ul><\/ul><\/div>\n<form action=\"\/ca\/wp-json\/wp\/v2\/pages\/8070#wpcf7-f14-o1\" method=\"post\" class=\"wpcf7-form init\" aria-label=\"Formulario de contacto\" novalidate=\"novalidate\" data-status=\"init\">\n<fieldset class=\"hidden-fields-container\"><input type=\"hidden\" name=\"_wpcf7\" value=\"14\" \/><input type=\"hidden\" name=\"_wpcf7_version\" value=\"6.1.3\" \/><input type=\"hidden\" name=\"_wpcf7_locale\" value=\"es_ES\" \/><input type=\"hidden\" name=\"_wpcf7_unit_tag\" value=\"wpcf7-f14-o1\" \/><input type=\"hidden\" name=\"_wpcf7_container_post\" value=\"0\" \/><input type=\"hidden\" name=\"_wpcf7_posted_data_hash\" value=\"\" \/><input type=\"hidden\" name=\"_wpcf7_recaptcha_response\" value=\"\" \/>\n<\/fieldset>\n<div class=\"row\">\n\t<div class=\"col-md-6\">\n\t\t<p><span class=\"wpcf7-form-control-wrap\" data-name=\"your-name\"><input size=\"40\" maxlength=\"400\" class=\"wpcf7-form-control wpcf7-text wpcf7-validates-as-required\" aria-required=\"true\" aria-invalid=\"false\" placeholder=\"Nombre y Apellidos*\" value=\"\" type=\"text\" name=\"your-name\" \/><\/span>\n\t\t<\/p>\n\t<\/div>\n\t<div class=\"col-md-6\">\n\t\t<p><span class=\"wpcf7-form-control-wrap\" data-name=\"your-email\"><input size=\"40\" maxlength=\"400\" class=\"wpcf7-form-control wpcf7-email wpcf7-validates-as-required wpcf7-text wpcf7-validates-as-email\" aria-required=\"true\" aria-invalid=\"false\" placeholder=\"Email*\" value=\"\" type=\"email\" name=\"your-email\" \/><\/span>\n\t\t<\/p>\n\t<\/div>\n<\/div>\n<div class=\"row\">\n\t<div class=\"col-md-6\">\n\t\t<p><span class=\"wpcf7-form-control-wrap\" data-name=\"text-114\"><input size=\"40\" maxlength=\"400\" class=\"wpcf7-form-control wpcf7-text wpcf7-validates-as-required\" aria-required=\"true\" aria-invalid=\"false\" placeholder=\"Tel\u00e9fono*\" value=\"\" type=\"text\" name=\"text-114\" \/><\/span>\n\t\t<\/p>\n\t<\/div>\n\t<div class=\"col-md-6\">\n\t\t<p><span class=\"wpcf7-form-control-wrap\" data-name=\"your-subject\"><input size=\"40\" maxlength=\"400\" class=\"wpcf7-form-control wpcf7-text\" aria-invalid=\"false\" placeholder=\"Asunto\" value=\"\" type=\"text\" name=\"your-subject\" \/><\/span>\n\t\t<\/p>\n\t<\/div>\n<\/div>\n<div class=\"row\">\n\t<div class=\"col-md-12\">\n\t\t<p><span class=\"wpcf7-form-control-wrap\" data-name=\"your-message\"><textarea cols=\"40\" rows=\"10\" maxlength=\"2000\" class=\"wpcf7-form-control wpcf7-textarea\" aria-invalid=\"false\" placeholder=\"Mensaje\" name=\"your-message\"><\/textarea><\/span>\n\t\t<\/p>\n\t<\/div>\n\t<div class=\"col-md-12\">\n\t\t<p><span class=\"wpcf7-form-control-wrap\" data-name=\"acceptance-185\"><span class=\"wpcf7-form-control wpcf7-acceptance\"><span class=\"wpcf7-list-item\"><label><input type=\"checkbox\" name=\"acceptance-185\" value=\"1\" aria-invalid=\"false\" \/><span class=\"wpcf7-list-item-label\">He le\u00eddo la <a href=\"\/politica-de-privacidad\/\">pol\u00edtica de privacidad<\/a> y acepto el env\u00edo de la informaci\u00f3n<\/span><\/label><\/span><\/span><\/span>\n\t\t<\/p>\n\t<\/div>\n<\/div>\n<p><input class=\"wpcf7-form-control wpcf7-submit has-spinner\" type=\"submit\" value=\"Enviar\" \/>\n<\/p><div class=\"wpcf7-response-output\" aria-hidden=\"true\"><\/div>\n<\/form>\n<\/div>\n[\/vc_column][vc_column width=&#8221;1\/2&#8243;]<div class=\"side_icon_box normal  \"><span class=\"icon_feat \" style=\"\"><i class=\"icon icon-map-marker2\" style=\"\"><\/i><\/span><h3>Carretera C-155, km 1,5, 08213 Poliny\u00e1, Barcelona<\/h3><div class=\"side_icon_box_content\"><a href=\"https:\/\/www.google.com\/maps\/dir\/\/Restaurant+Can+Mauri,+C-155,+km+1,5,+08213+Sabadell,+Barcelona\/@41.570099,2.128654,15z\/data=!4m8!4m7!1m0!1m5!1m1!1s0x12a495464350381b:0x84b2792e3b141ed0!2m2!1d2.1286539!2d41.5700992?hl=es-ES\">C\u00f3mo llegar<\/a><\/div><\/div><div class=\"side_icon_box normal  \"><span class=\"icon_feat \" style=\"\"><i class=\"icon icon-phone3\" style=\"\"><\/i><\/span><h3>937 43 50 66<\/h3><div class=\"side_icon_box_content\">Solicita tu presupuesto<\/div><\/div><div class=\"side_icon_box normal  \"><span class=\"icon_feat \" style=\"\"><i class=\"icon icon-clock\" style=\"\"><\/i><\/span><h3>Horarios<\/h3><div class=\"side_icon_box_content\">Mi\u00e9rcoles a domingo 13h-16h.<br \/>\nViernes y s\u00e1bado 13h-16h \/ 20h-24h.<\/div><\/div><div class=\"side_icon_box normal  \"><span class=\"icon_feat \" style=\"\"><i class=\"icon icon-mail\" style=\"\"><\/i><\/span><h3><a href=\"mailto:info@restaurantcanmauri.com\" target=\"_self\">info@restaurantcanmauri.com<\/a><\/h3><div class=\"side_icon_box_content\"><\/div><\/div>[\/vc_column][\/vc_row]<\/p>\n<\/div>","protected":false},"excerpt":{"rendered":"<p>[vc_row full_width=&#8221;stretch_row&#8221; equal_height=&#8221;yes&#8221; content_placement=&#8221;middle&#8221; bg_type=&#8221;image&#8221; bg_image_new=&#8221;1125&#8243; bg_image_repeat=&#8221;no-repeat&#8221; css=&#8221;.vc_custom_1740396271943{margin-right: 5px !important;margin-left: 5px !important;}&#8221;][vc_column][vc_column_text css=&#8221;&#8221; el_class=&#8221;tituloMenu&#8221;] Restaurant a Sabadell per a Cap d\u2019Any [\/vc_column_text][\/vc_column][\/vc_row][vc_row][vc_column][\/vc_column][\/vc_row][vc_row full_width=&#8221;stretch_row_content_no_spaces&#8221; equal_height=&#8221;yes&#8221; css=&#8221;.vc_custom_1740396287516{margin-right: 5px !important;margin-left: 5px !important;}&#8221;][vc_column width=&#8221;1\/2&#8243;][vc_column_text css=&#8221;.vc_custom_1764157918736{margin-right: 70px !important;margin-left: 80px !important;}&#8221; el_class=&#8221;tituloMenu3&#8243;] Restaurant a Sabadell per Cap d\u2019Any: Una experi\u00e8ncia gastron\u00f2mica inoblidable La Nit de Cap d\u2019Any \u00e9s una ocasi\u00f3 especial per compartir amb familiars i<\/p>\n<div class=\"h10\"><\/div>\n<p><a class=\"more-link1\" href=\"https:\/\/canmauri.com\/ca\/restaurant-a-sabadell-per-a-cap-dany\/\">Read more<\/a><\/p>\n","protected":false},"author":7,"featured_media":0,"parent":0,"menu_order":0,"comment_status":"closed","ping_status":"closed","template":"","meta":{"_vp_format_video_url":"","_vp_image_focal_point":[],"footnotes":""},"class_list":["post-8070","page","type-page","status-publish","hentry"],"yoast_head":"<!-- This site is optimized with the Yoast SEO plugin v26.2 - https:\/\/yoast.com\/wordpress\/plugins\/seo\/ -->\n<title>restaurant a Sabadell per a Cap d\u2019Any<\/title>\n<meta name=\"description\" content=\"Celebra la Nit de Cap d\u2019Any en un restaurant a Sabadell per a Cap d\u2019Any amb men\u00fas especials i ambient festiu.\" \/>\n<meta name=\"robots\" content=\"index, follow, max-snippet:-1, max-image-preview:large, max-video-preview:-1\" \/>\n<link rel=\"canonical\" href=\"https:\/\/canmauri.com\/ca\/restaurant-a-sabadell-per-a-cap-dany\/\" \/>\n<meta property=\"og:locale\" content=\"ca_ES\" \/>\n<meta property=\"og:type\" content=\"article\" \/>\n<meta property=\"og:title\" content=\"restaurant a Sabadell per a Cap d\u2019Any\" \/>\n<meta property=\"og:description\" content=\"Celebra la Nit de Cap d\u2019Any en un restaurant a Sabadell per a Cap d\u2019Any amb men\u00fas especials i ambient festiu.\" \/>\n<meta property=\"og:url\" content=\"https:\/\/canmauri.com\/ca\/restaurant-a-sabadell-per-a-cap-dany\/\" \/>\n<meta property=\"og:site_name\" content=\"Can Mauri\" \/>\n<meta property=\"article:modified_time\" content=\"2025-11-26T11:52:36+00:00\" \/>\n<meta name=\"twitter:card\" content=\"summary_large_image\" \/>\n<meta name=\"twitter:label1\" content=\"Temps estimat de lectura\" \/>\n\t<meta name=\"twitter:data1\" content=\"4 minuts\" \/>\n<script type=\"application\/ld+json\" class=\"yoast-schema-graph\">{\"@context\":\"https:\/\/schema.org\",\"@graph\":[{\"@type\":\"WebPage\",\"@id\":\"https:\/\/canmauri.com\/ca\/restaurant-a-sabadell-per-a-cap-dany\/\",\"url\":\"https:\/\/canmauri.com\/ca\/restaurant-a-sabadell-per-a-cap-dany\/\",\"name\":\"restaurant a Sabadell per a Cap d\u2019Any\",\"isPartOf\":{\"@id\":\"https:\/\/canmauri.com\/#website\"},\"datePublished\":\"2025-11-24T08:32:10+00:00\",\"dateModified\":\"2025-11-26T11:52:36+00:00\",\"description\":\"Celebra la Nit de Cap d\u2019Any en un restaurant a Sabadell per a Cap d\u2019Any amb men\u00fas especials i ambient festiu.\",\"breadcrumb\":{\"@id\":\"https:\/\/canmauri.com\/ca\/restaurant-a-sabadell-per-a-cap-dany\/#breadcrumb\"},\"inLanguage\":\"ca\",\"potentialAction\":[{\"@type\":\"ReadAction\",\"target\":[\"https:\/\/canmauri.com\/ca\/restaurant-a-sabadell-per-a-cap-dany\/\"]}]},{\"@type\":\"BreadcrumbList\",\"@id\":\"https:\/\/canmauri.com\/ca\/restaurant-a-sabadell-per-a-cap-dany\/#breadcrumb\",\"itemListElement\":[{\"@type\":\"ListItem\",\"position\":1,\"name\":\"Portada\",\"item\":\"https:\/\/canmauri.com\/ca\/\"},{\"@type\":\"ListItem\",\"position\":2,\"name\":\"Restaurant a Sabadell per a Cap d\u2019Any\"}]},{\"@type\":\"WebSite\",\"@id\":\"https:\/\/canmauri.com\/#website\",\"url\":\"https:\/\/canmauri.com\/\",\"name\":\"Can Mauri\",\"description\":\"\",\"potentialAction\":[{\"@type\":\"SearchAction\",\"target\":{\"@type\":\"EntryPoint\",\"urlTemplate\":\"https:\/\/canmauri.com\/?s={search_term_string}\"},\"query-input\":{\"@type\":\"PropertyValueSpecification\",\"valueRequired\":true,\"valueName\":\"search_term_string\"}}],\"inLanguage\":\"ca\"}]}<\/script>\n<!-- \/ Yoast SEO plugin. -->","yoast_head_json":{"title":"restaurant a Sabadell per a Cap d\u2019Any","description":"Celebra la Nit de Cap d\u2019Any en un restaurant a Sabadell per a Cap d\u2019Any amb men\u00fas especials i ambient festiu.","robots":{"index":"index","follow":"follow","max-snippet":"max-snippet:-1","max-image-preview":"max-image-preview:large","max-video-preview":"max-video-preview:-1"},"canonical":"https:\/\/canmauri.com\/ca\/restaurant-a-sabadell-per-a-cap-dany\/","og_locale":"ca_ES","og_type":"article","og_title":"restaurant a Sabadell per a Cap d\u2019Any","og_description":"Celebra la Nit de Cap d\u2019Any en un restaurant a Sabadell per a Cap d\u2019Any amb men\u00fas especials i ambient festiu.","og_url":"https:\/\/canmauri.com\/ca\/restaurant-a-sabadell-per-a-cap-dany\/","og_site_name":"Can Mauri","article_modified_time":"2025-11-26T11:52:36+00:00","twitter_card":"summary_large_image","twitter_misc":{"Temps estimat de lectura":"4 minuts"},"schema":{"@context":"https:\/\/schema.org","@graph":[{"@type":"WebPage","@id":"https:\/\/canmauri.com\/ca\/restaurant-a-sabadell-per-a-cap-dany\/","url":"https:\/\/canmauri.com\/ca\/restaurant-a-sabadell-per-a-cap-dany\/","name":"restaurant a Sabadell per a Cap d\u2019Any","isPartOf":{"@id":"https:\/\/canmauri.com\/#website"},"datePublished":"2025-11-24T08:32:10+00:00","dateModified":"2025-11-26T11:52:36+00:00","description":"Celebra la Nit de Cap d\u2019Any en un restaurant a Sabadell per a Cap d\u2019Any amb men\u00fas especials i ambient festiu.","breadcrumb":{"@id":"https:\/\/canmauri.com\/ca\/restaurant-a-sabadell-per-a-cap-dany\/#breadcrumb"},"inLanguage":"ca","potentialAction":[{"@type":"ReadAction","target":["https:\/\/canmauri.com\/ca\/restaurant-a-sabadell-per-a-cap-dany\/"]}]},{"@type":"BreadcrumbList","@id":"https:\/\/canmauri.com\/ca\/restaurant-a-sabadell-per-a-cap-dany\/#breadcrumb","itemListElement":[{"@type":"ListItem","position":1,"name":"Portada","item":"https:\/\/canmauri.com\/ca\/"},{"@type":"ListItem","position":2,"name":"Restaurant a Sabadell per a Cap d\u2019Any"}]},{"@type":"WebSite","@id":"https:\/\/canmauri.com\/#website","url":"https:\/\/canmauri.com\/","name":"Can Mauri","description":"","potentialAction":[{"@type":"SearchAction","target":{"@type":"EntryPoint","urlTemplate":"https:\/\/canmauri.com\/?s={search_term_string}"},"query-input":{"@type":"PropertyValueSpecification","valueRequired":true,"valueName":"search_term_string"}}],"inLanguage":"ca"}]}},"_links":{"self":[{"href":"https:\/\/canmauri.com\/ca\/wp-json\/wp\/v2\/pages\/8070","targetHints":{"allow":["GET"]}}],"collection":[{"href":"https:\/\/canmauri.com\/ca\/wp-json\/wp\/v2\/pages"}],"about":[{"href":"https:\/\/canmauri.com\/ca\/wp-json\/wp\/v2\/types\/page"}],"author":[{"embeddable":true,"href":"https:\/\/canmauri.com\/ca\/wp-json\/wp\/v2\/users\/7"}],"replies":[{"embeddable":true,"href":"https:\/\/canmauri.com\/ca\/wp-json\/wp\/v2\/comments?post=8070"}],"version-history":[{"count":5,"href":"https:\/\/canmauri.com\/ca\/wp-json\/wp\/v2\/pages\/8070\/revisions"}],"predecessor-version":[{"id":8124,"href":"https:\/\/canmauri.com\/ca\/wp-json\/wp\/v2\/pages\/8070\/revisions\/8124"}],"wp:attachment":[{"href":"https:\/\/canmauri.com\/ca\/wp-json\/wp\/v2\/media?parent=8070"}],"curies":[{"name":"wp","href":"https:\/\/api.w.org\/{rel}","templated":true}]}}