{"id":8047,"date":"2025-11-24T08:33:44","date_gmt":"2025-11-24T07:33:44","guid":{"rendered":"https:\/\/canmauri.com\/?page_id=8047"},"modified":"2025-11-26T12:35:43","modified_gmt":"2025-11-26T11:35:43","slug":"restaurant-per-a-casaments-a-barcelona","status":"publish","type":"page","link":"https:\/\/canmauri.com\/ca\/restaurant-per-a-casaments-a-barcelona\/","title":{"rendered":"Restaurant per a casaments a Barcelona"},"content":{"rendered":"<div class=\"wpb-content-wrapper\"><p>[vc_row full_width=&#8221;stretch_row&#8221; equal_height=&#8221;yes&#8221; content_placement=&#8221;middle&#8221; bg_type=&#8221;image&#8221; bg_image_new=&#8221;1125&#8243; bg_image_repeat=&#8221;no-repeat&#8221; css=&#8221;.vc_custom_1740396271943{margin-right: 5px !important;margin-left: 5px !important;}&#8221;][vc_column]<div class=\"boc_spacing \" style=\"height: 300px\"><\/div>[vc_column_text css=&#8221;&#8221; el_class=&#8221;tituloMenu&#8221;]<\/p>\n<h1 style=\"text-align: center;\">Restaurant per a casaments a Barcelona<\/h1>\n<p>[\/vc_column_text]<div class=\"boc_spacing \" style=\"height: 150px\"><\/div>[\/vc_column][\/vc_row][vc_row][vc_column]<div class=\"boc_divider_holder\"><div class=\"boc_divider  \"  style=\"margin-top: 20px;margin-bottom: 20px;height: 3px;background: #ffffff;\"><\/div><\/div>[\/vc_column][\/vc_row][vc_row full_width=&#8221;stretch_row_content_no_spaces&#8221; equal_height=&#8221;yes&#8221; css=&#8221;.vc_custom_1740396287516{margin-right: 5px !important;margin-left: 5px !important;}&#8221;][vc_column width=&#8221;1\/2&#8243;]<div class=\"boc_spacing \" style=\"height: 75px\"><\/div>[vc_column_text css=&#8221;.vc_custom_1764156875406{margin-right: 70px !important;margin-left: 80px !important;}&#8221; el_class=&#8221;tituloMenu3&#8243;]<\/p>\n<h1 data-start=\"219\" data-end=\"304\">Restaurant per a casaments a Barcelona: Celebra el teu dia especial amb estil<\/h1>\n<p style=\"text-align: justify;\" data-start=\"306\" data-end=\"1025\">Si busques un <strong>restaurant per a casaments a Barcelona<\/strong> on celebrar un dels dies m\u00e9s importants de la teva vida, has arribat al lloc adequat. Oferim un espai elegant i acollidor, ideal per a cerim\u00f2nies i banquets memorables, combinant una decoraci\u00f3 cuidada, un ambient exclusiu i serveis personalitzats. El nostre<strong> restaurant per a casaments<\/strong> est\u00e0 pensat perqu\u00e8 cada detall del teu gran dia sigui perfecte, des de la distribuci\u00f3 de les taules fins a la il\u00b7luminaci\u00f3 i la m\u00fasica.<br \/>\nAmb experi\u00e8ncia en l\u2019organitzaci\u00f3 d\u2019esdeveniments nupcials de diferents estils i dimensions, ens assegurem que cada casament sigui \u00fanic i s\u2019adapti a les prefer\u00e8ncies dels nuvis, creant moments inoblidables per a tots els convidats. A m\u00e9s, comptem amb un equip atent i professional que t\u2019acompanyar\u00e0 en tot moment perqu\u00e8 gaudeixis d\u2019una celebraci\u00f3 sense preocupacions. La teva \u00fanica missi\u00f3 ser\u00e0 viure al m\u00e0xim la m\u00e0gia d\u2019aquest dia tan especial.<\/p>\n<p>[\/vc_column_text]<div class=\"boc_spacing \" style=\"height: 75px\"><\/div>[\/vc_column][vc_column width=&#8221;1\/2&#8243; css=&#8221;.vc_custom_1764154374445{margin-right: 50px !important;background-image: url(https:\/\/canmauri.com\/wp-content\/uploads\/2025\/07\/menu-para-boda-en-el-Valles-Occidental.jpg?id=7782) !important;background-position: center !important;background-repeat: no-repeat !important;background-size: cover !important;}&#8221;]<div class=\"boc_spacing \" style=\"height: 500px\"><\/div>[\/vc_column][\/vc_row][vc_row][vc_column]<div class=\"boc_divider_holder\"><div class=\"boc_divider  \"  style=\"margin-top: 20px;margin-bottom: 20px;height: 3px;background: #ffffff;\"><\/div><\/div>[\/vc_column][\/vc_row][vc_row full_width=&#8221;stretch_row_content_no_spaces&#8221; equal_height=&#8221;yes&#8221;][vc_column width=&#8221;1\/2&#8243; css=&#8221;.vc_custom_1764154390757{margin-left: 50px !important;background-image: url(https:\/\/canmauri.com\/wp-content\/uploads\/2025\/11\/masia-para-casamientos-en-Sant-Cugat-2.png?id=8007) !important;background-position: center !important;background-repeat: no-repeat !important;background-size: cover !important;}&#8221;]<div class=\"boc_spacing \" style=\"height: 500px\"><\/div>[\/vc_column][vc_column width=&#8221;1\/2&#8243;]<div class=\"boc_spacing \" style=\"height: 75px\"><\/div>[vc_column_text css=&#8221;.vc_custom_1764156907393{margin-right: 70px !important;margin-left: 80px !important;}&#8221; el_class=&#8221;tituloMenu3&#8243;]<\/p>\n<h1 data-start=\"1027\" data-end=\"1101\">Serveis complets del nostre restaurant per a casaments a Barcelona<\/h1>\n<p style=\"text-align: justify;\" data-start=\"1103\" data-end=\"1842\">El nostre <strong>restaurant per a casaments a Barcelona<\/strong> ofereix un servei integral que cobreix tots els aspectes del teu esdeveniment. Comptem amb men\u00fas personalitzats que combinen gastronomia de qualitat amb opcions adaptades a qualsevol necessitat diet\u00e8tica, aix\u00ed com servei de c\u00e0tering, cocteleria, decoraci\u00f3 i organitzaci\u00f3 completa del banquet. El nostre equip professional es dedica a coordinar cada detall, garantint que el nostre restaurant per a casaments a Barcelona sigui un espai c\u00f2mode, elegant i funcional, on els nuvis nom\u00e9s s\u2019hagin de preocupar de gaudir del moment.<br \/>\nA m\u00e9s, oferim assessorament en la selecci\u00f3 de la m\u00fasica, l\u2019animaci\u00f3 i la log\u00edstica perqu\u00e8 el dia del casament tot flueixi sense imprevistos. Tamb\u00e9 posem a la teva disposici\u00f3 diferents propostes de muntatge i ambientaci\u00f3 perqu\u00e8 puguis personalitzar cada rac\u00f3 de la celebraci\u00f3. D\u2019aquesta manera, creem un entorn que reflecteixi la vostra ess\u00e8ncia i converteixi l\u2019esdeveniment en una experi\u00e8ncia \u00fanica i memorable.<\/p>\n<p>[\/vc_column_text]<div class=\"boc_spacing \" style=\"height: 75px\"><\/div>[\/vc_column][\/vc_row][vc_row][vc_column]<div class=\"boc_divider_holder\"><div class=\"boc_divider  \"  style=\"margin-top: 20px;margin-bottom: 20px;height: 3px;background: #ffffff;\"><\/div><\/div>[\/vc_column][\/vc_row][vc_row full_width=&#8221;stretch_row_content_no_spaces&#8221; equal_height=&#8221;yes&#8221;][vc_column width=&#8221;1\/2&#8243;]<div class=\"boc_spacing \" style=\"height: 75px\"><\/div>[vc_column_text css=&#8221;.vc_custom_1764156938075{margin-right: 70px !important;margin-left: 80px !important;}&#8221; el_class=&#8221;tituloMenu3&#8243;]<\/p>\n<h1 data-start=\"1844\" data-end=\"1914\">Per qu\u00e8 triar el nostre restaurant per a casaments a Barcelona<\/h1>\n<p style=\"text-align: justify;\" data-start=\"1916\" data-end=\"2616\">Triar el nostre <strong>restaurant per a casaments a Barcelona<\/strong> significa apostar per un espai amb experi\u00e8ncia, professionalitat i dedicaci\u00f3, pensat perqu\u00e8 el teu casament sigui un esdeveniment inoblidable. Ens centrem a crear un ambient acollidor i elegant, adaptant-nos a l\u2019estil i als gustos dels nuvis perqu\u00e8 cada detall reflecteixi la seva personalitat. El nostre equip s\u2019encarrega de coordinar tot l\u2019esdeveniment, assegurant que la cerim\u00f2nia, el banquet i la celebraci\u00f3 flueixin a la perfecci\u00f3.<br \/>\nAmb el nostre <strong>restaurant per a casaments a Barcelona<\/strong>, els nuvis poden confiar que cada moment ser\u00e0 especial i que cada convidat se sentir\u00e0 c\u00f2mode i ben at\u00e8s, creant records que perduraran tota la vida. A m\u00e9s, treballem amb prove\u00efdors de confian\u00e7a per garantir la m\u00e0xima qualitat en cada servei. Aix\u00ed, t\u2019assegurem una celebraci\u00f3 cuidada, harmoniosa i preparada per sorprendre tots els teus convidats.<\/p>\n<p>[\/vc_column_text]<div class=\"boc_spacing \" style=\"height: 75px\"><\/div>[\/vc_column][vc_column width=&#8221;1\/2&#8243; css=&#8221;.vc_custom_1764154432670{margin-right: 50px !important;background-image: url(https:\/\/canmauri.com\/wp-content\/uploads\/2025\/06\/restaurante-polinya.jpg?id=7714) !important;background-position: center !important;background-repeat: no-repeat !important;background-size: cover !important;}&#8221;]<div class=\"boc_spacing \" style=\"height: 500px\"><\/div>[\/vc_column][\/vc_row][vc_row css=&#8221;.vc_custom_1740476851144{margin-top: 100px !important;margin-right: 5px !important;margin-bottom: 50px !important;margin-left: 5px !important;}&#8221;][vc_column width=&#8221;1\/2&#8243;]\n<div class=\"wpcf7 no-js\" id=\"wpcf7-f14-o1\" lang=\"es-ES\" dir=\"ltr\" data-wpcf7-id=\"14\">\n<div class=\"screen-reader-response\"><p role=\"status\" aria-live=\"polite\" aria-atomic=\"true\"><\/p> <ul><\/ul><\/div>\n<form action=\"\/ca\/wp-json\/wp\/v2\/pages\/8047#wpcf7-f14-o1\" method=\"post\" class=\"wpcf7-form init\" aria-label=\"Formulario de contacto\" novalidate=\"novalidate\" data-status=\"init\">\n<fieldset class=\"hidden-fields-container\"><input type=\"hidden\" name=\"_wpcf7\" value=\"14\" \/><input type=\"hidden\" name=\"_wpcf7_version\" value=\"6.1.3\" \/><input type=\"hidden\" name=\"_wpcf7_locale\" value=\"es_ES\" \/><input type=\"hidden\" name=\"_wpcf7_unit_tag\" value=\"wpcf7-f14-o1\" \/><input type=\"hidden\" name=\"_wpcf7_container_post\" value=\"0\" \/><input type=\"hidden\" name=\"_wpcf7_posted_data_hash\" value=\"\" \/><input type=\"hidden\" name=\"_wpcf7_recaptcha_response\" value=\"\" \/>\n<\/fieldset>\n<div class=\"row\">\n\t<div class=\"col-md-6\">\n\t\t<p><span class=\"wpcf7-form-control-wrap\" data-name=\"your-name\"><input size=\"40\" maxlength=\"400\" class=\"wpcf7-form-control wpcf7-text wpcf7-validates-as-required\" aria-required=\"true\" aria-invalid=\"false\" placeholder=\"Nombre y Apellidos*\" value=\"\" type=\"text\" name=\"your-name\" \/><\/span>\n\t\t<\/p>\n\t<\/div>\n\t<div class=\"col-md-6\">\n\t\t<p><span class=\"wpcf7-form-control-wrap\" data-name=\"your-email\"><input size=\"40\" maxlength=\"400\" class=\"wpcf7-form-control wpcf7-email wpcf7-validates-as-required wpcf7-text wpcf7-validates-as-email\" aria-required=\"true\" aria-invalid=\"false\" placeholder=\"Email*\" value=\"\" type=\"email\" name=\"your-email\" \/><\/span>\n\t\t<\/p>\n\t<\/div>\n<\/div>\n<div class=\"row\">\n\t<div class=\"col-md-6\">\n\t\t<p><span class=\"wpcf7-form-control-wrap\" data-name=\"text-114\"><input size=\"40\" maxlength=\"400\" class=\"wpcf7-form-control wpcf7-text wpcf7-validates-as-required\" aria-required=\"true\" aria-invalid=\"false\" placeholder=\"Tel\u00e9fono*\" value=\"\" type=\"text\" name=\"text-114\" \/><\/span>\n\t\t<\/p>\n\t<\/div>\n\t<div class=\"col-md-6\">\n\t\t<p><span class=\"wpcf7-form-control-wrap\" data-name=\"your-subject\"><input size=\"40\" maxlength=\"400\" class=\"wpcf7-form-control wpcf7-text\" aria-invalid=\"false\" placeholder=\"Asunto\" value=\"\" type=\"text\" name=\"your-subject\" \/><\/span>\n\t\t<\/p>\n\t<\/div>\n<\/div>\n<div class=\"row\">\n\t<div class=\"col-md-12\">\n\t\t<p><span class=\"wpcf7-form-control-wrap\" data-name=\"your-message\"><textarea cols=\"40\" rows=\"10\" maxlength=\"2000\" class=\"wpcf7-form-control wpcf7-textarea\" aria-invalid=\"false\" placeholder=\"Mensaje\" name=\"your-message\"><\/textarea><\/span>\n\t\t<\/p>\n\t<\/div>\n\t<div class=\"col-md-12\">\n\t\t<p><span class=\"wpcf7-form-control-wrap\" data-name=\"acceptance-185\"><span class=\"wpcf7-form-control wpcf7-acceptance\"><span class=\"wpcf7-list-item\"><label><input type=\"checkbox\" name=\"acceptance-185\" value=\"1\" aria-invalid=\"false\" \/><span class=\"wpcf7-list-item-label\">He le\u00eddo la <a href=\"\/politica-de-privacidad\/\">pol\u00edtica de privacidad<\/a> y acepto el env\u00edo de la informaci\u00f3n<\/span><\/label><\/span><\/span><\/span>\n\t\t<\/p>\n\t<\/div>\n<\/div>\n<p><input class=\"wpcf7-form-control wpcf7-submit has-spinner\" type=\"submit\" value=\"Enviar\" \/>\n<\/p><div class=\"wpcf7-response-output\" aria-hidden=\"true\"><\/div>\n<\/form>\n<\/div>\n[\/vc_column][vc_column width=&#8221;1\/2&#8243;]<div class=\"side_icon_box normal  \"><span class=\"icon_feat \" style=\"\"><i class=\"icon icon-map-marker2\" style=\"\"><\/i><\/span><h3>Carretera C-155, km 1,5, 08213 Poliny\u00e1, Barcelona<\/h3><div class=\"side_icon_box_content\"><a href=\"https:\/\/www.google.com\/maps\/dir\/\/Restaurant+Can+Mauri,+C-155,+km+1,5,+08213+Sabadell,+Barcelona\/@41.570099,2.128654,15z\/data=!4m8!4m7!1m0!1m5!1m1!1s0x12a495464350381b:0x84b2792e3b141ed0!2m2!1d2.1286539!2d41.5700992?hl=es-ES\">C\u00f3mo llegar<\/a><\/div><\/div><div class=\"side_icon_box normal  \"><span class=\"icon_feat \" style=\"\"><i class=\"icon icon-phone3\" style=\"\"><\/i><\/span><h3>937 43 50 66<\/h3><div class=\"side_icon_box_content\">Solicita tu presupuesto<\/div><\/div><div class=\"side_icon_box normal  \"><span class=\"icon_feat \" style=\"\"><i class=\"icon icon-clock\" style=\"\"><\/i><\/span><h3>Horarios<\/h3><div class=\"side_icon_box_content\">Mi\u00e9rcoles a domingo 13h-16h.<br \/>\nViernes y s\u00e1bado 13h-16h \/ 20h-24h.<\/div><\/div><div class=\"side_icon_box normal  \"><span class=\"icon_feat \" style=\"\"><i class=\"icon icon-mail\" style=\"\"><\/i><\/span><h3><a href=\"mailto:info@restaurantcanmauri.com\" target=\"_self\">info@restaurantcanmauri.com<\/a><\/h3><div class=\"side_icon_box_content\"><\/div><\/div>[\/vc_column][\/vc_row]<\/p>\n<\/div>","protected":false},"excerpt":{"rendered":"<p>[vc_row full_width=&#8221;stretch_row&#8221; equal_height=&#8221;yes&#8221; content_placement=&#8221;middle&#8221; bg_type=&#8221;image&#8221; bg_image_new=&#8221;1125&#8243; bg_image_repeat=&#8221;no-repeat&#8221; css=&#8221;.vc_custom_1740396271943{margin-right: 5px !important;margin-left: 5px !important;}&#8221;][vc_column][vc_column_text css=&#8221;&#8221; el_class=&#8221;tituloMenu&#8221;] Restaurant per a casaments a Barcelona [\/vc_column_text][\/vc_column][\/vc_row][vc_row][vc_column][\/vc_column][\/vc_row][vc_row full_width=&#8221;stretch_row_content_no_spaces&#8221; equal_height=&#8221;yes&#8221; css=&#8221;.vc_custom_1740396287516{margin-right: 5px !important;margin-left: 5px !important;}&#8221;][vc_column width=&#8221;1\/2&#8243;][vc_column_text css=&#8221;.vc_custom_1764156875406{margin-right: 70px !important;margin-left: 80px !important;}&#8221; el_class=&#8221;tituloMenu3&#8243;] Restaurant per a casaments a Barcelona: Celebra el teu dia especial amb estil Si busques un restaurant per a casaments a Barcelona on celebrar un<\/p>\n<div class=\"h10\"><\/div>\n<p><a class=\"more-link1\" href=\"https:\/\/canmauri.com\/ca\/restaurant-per-a-casaments-a-barcelona\/\">Read more<\/a><\/p>\n","protected":false},"author":7,"featured_media":0,"parent":0,"menu_order":0,"comment_status":"closed","ping_status":"closed","template":"","meta":{"_vp_format_video_url":"","_vp_image_focal_point":[],"footnotes":""},"class_list":["post-8047","page","type-page","status-publish","hentry"],"yoast_head":"<!-- This site is optimized with the Yoast SEO plugin v26.2 - https:\/\/yoast.com\/wordpress\/plugins\/seo\/ -->\n<title>restaurant per a casaments a Barcelona<\/title>\n<meta name=\"description\" content=\"Organitza el teu casament en un restaurant elegant a Barcelona amb men\u00fas i serveis complets per un dia inoblidable.\" \/>\n<meta name=\"robots\" content=\"index, follow, max-snippet:-1, max-image-preview:large, max-video-preview:-1\" \/>\n<link rel=\"canonical\" href=\"https:\/\/canmauri.com\/ca\/restaurant-per-a-casaments-a-barcelona\/\" \/>\n<meta property=\"og:locale\" content=\"ca_ES\" \/>\n<meta property=\"og:type\" content=\"article\" \/>\n<meta property=\"og:title\" content=\"restaurant per a casaments a Barcelona\" \/>\n<meta property=\"og:description\" content=\"Organitza el teu casament en un restaurant elegant a Barcelona amb men\u00fas i serveis complets per un dia inoblidable.\" \/>\n<meta property=\"og:url\" content=\"https:\/\/canmauri.com\/ca\/restaurant-per-a-casaments-a-barcelona\/\" \/>\n<meta property=\"og:site_name\" content=\"Can Mauri\" \/>\n<meta property=\"article:modified_time\" content=\"2025-11-26T11:35:43+00:00\" \/>\n<meta name=\"twitter:card\" content=\"summary_large_image\" \/>\n<meta name=\"twitter:label1\" content=\"Temps estimat de lectura\" \/>\n\t<meta name=\"twitter:data1\" content=\"3 minuts\" \/>\n<script type=\"application\/ld+json\" class=\"yoast-schema-graph\">{\"@context\":\"https:\/\/schema.org\",\"@graph\":[{\"@type\":\"WebPage\",\"@id\":\"https:\/\/canmauri.com\/ca\/restaurant-per-a-casaments-a-barcelona\/\",\"url\":\"https:\/\/canmauri.com\/ca\/restaurant-per-a-casaments-a-barcelona\/\",\"name\":\"restaurant per a casaments a Barcelona\",\"isPartOf\":{\"@id\":\"https:\/\/canmauri.com\/#website\"},\"datePublished\":\"2025-11-24T07:33:44+00:00\",\"dateModified\":\"2025-11-26T11:35:43+00:00\",\"description\":\"Organitza el teu casament en un restaurant elegant a Barcelona amb men\u00fas i serveis complets per un dia inoblidable.\",\"breadcrumb\":{\"@id\":\"https:\/\/canmauri.com\/ca\/restaurant-per-a-casaments-a-barcelona\/#breadcrumb\"},\"inLanguage\":\"ca\",\"potentialAction\":[{\"@type\":\"ReadAction\",\"target\":[\"https:\/\/canmauri.com\/ca\/restaurant-per-a-casaments-a-barcelona\/\"]}]},{\"@type\":\"BreadcrumbList\",\"@id\":\"https:\/\/canmauri.com\/ca\/restaurant-per-a-casaments-a-barcelona\/#breadcrumb\",\"itemListElement\":[{\"@type\":\"ListItem\",\"position\":1,\"name\":\"Portada\",\"item\":\"https:\/\/canmauri.com\/ca\/\"},{\"@type\":\"ListItem\",\"position\":2,\"name\":\"Restaurant per a casaments a Barcelona\"}]},{\"@type\":\"WebSite\",\"@id\":\"https:\/\/canmauri.com\/#website\",\"url\":\"https:\/\/canmauri.com\/\",\"name\":\"Can Mauri\",\"description\":\"\",\"potentialAction\":[{\"@type\":\"SearchAction\",\"target\":{\"@type\":\"EntryPoint\",\"urlTemplate\":\"https:\/\/canmauri.com\/?s={search_term_string}\"},\"query-input\":{\"@type\":\"PropertyValueSpecification\",\"valueRequired\":true,\"valueName\":\"search_term_string\"}}],\"inLanguage\":\"ca\"}]}<\/script>\n<!-- \/ Yoast SEO plugin. -->","yoast_head_json":{"title":"restaurant per a casaments a Barcelona","description":"Organitza el teu casament en un restaurant elegant a Barcelona amb men\u00fas i serveis complets per un dia inoblidable.","robots":{"index":"index","follow":"follow","max-snippet":"max-snippet:-1","max-image-preview":"max-image-preview:large","max-video-preview":"max-video-preview:-1"},"canonical":"https:\/\/canmauri.com\/ca\/restaurant-per-a-casaments-a-barcelona\/","og_locale":"ca_ES","og_type":"article","og_title":"restaurant per a casaments a Barcelona","og_description":"Organitza el teu casament en un restaurant elegant a Barcelona amb men\u00fas i serveis complets per un dia inoblidable.","og_url":"https:\/\/canmauri.com\/ca\/restaurant-per-a-casaments-a-barcelona\/","og_site_name":"Can Mauri","article_modified_time":"2025-11-26T11:35:43+00:00","twitter_card":"summary_large_image","twitter_misc":{"Temps estimat de lectura":"3 minuts"},"schema":{"@context":"https:\/\/schema.org","@graph":[{"@type":"WebPage","@id":"https:\/\/canmauri.com\/ca\/restaurant-per-a-casaments-a-barcelona\/","url":"https:\/\/canmauri.com\/ca\/restaurant-per-a-casaments-a-barcelona\/","name":"restaurant per a casaments a Barcelona","isPartOf":{"@id":"https:\/\/canmauri.com\/#website"},"datePublished":"2025-11-24T07:33:44+00:00","dateModified":"2025-11-26T11:35:43+00:00","description":"Organitza el teu casament en un restaurant elegant a Barcelona amb men\u00fas i serveis complets per un dia inoblidable.","breadcrumb":{"@id":"https:\/\/canmauri.com\/ca\/restaurant-per-a-casaments-a-barcelona\/#breadcrumb"},"inLanguage":"ca","potentialAction":[{"@type":"ReadAction","target":["https:\/\/canmauri.com\/ca\/restaurant-per-a-casaments-a-barcelona\/"]}]},{"@type":"BreadcrumbList","@id":"https:\/\/canmauri.com\/ca\/restaurant-per-a-casaments-a-barcelona\/#breadcrumb","itemListElement":[{"@type":"ListItem","position":1,"name":"Portada","item":"https:\/\/canmauri.com\/ca\/"},{"@type":"ListItem","position":2,"name":"Restaurant per a casaments a Barcelona"}]},{"@type":"WebSite","@id":"https:\/\/canmauri.com\/#website","url":"https:\/\/canmauri.com\/","name":"Can Mauri","description":"","potentialAction":[{"@type":"SearchAction","target":{"@type":"EntryPoint","urlTemplate":"https:\/\/canmauri.com\/?s={search_term_string}"},"query-input":{"@type":"PropertyValueSpecification","valueRequired":true,"valueName":"search_term_string"}}],"inLanguage":"ca"}]}},"_links":{"self":[{"href":"https:\/\/canmauri.com\/ca\/wp-json\/wp\/v2\/pages\/8047","targetHints":{"allow":["GET"]}}],"collection":[{"href":"https:\/\/canmauri.com\/ca\/wp-json\/wp\/v2\/pages"}],"about":[{"href":"https:\/\/canmauri.com\/ca\/wp-json\/wp\/v2\/types\/page"}],"author":[{"embeddable":true,"href":"https:\/\/canmauri.com\/ca\/wp-json\/wp\/v2\/users\/7"}],"replies":[{"embeddable":true,"href":"https:\/\/canmauri.com\/ca\/wp-json\/wp\/v2\/comments?post=8047"}],"version-history":[{"count":5,"href":"https:\/\/canmauri.com\/ca\/wp-json\/wp\/v2\/pages\/8047\/revisions"}],"predecessor-version":[{"id":8109,"href":"https:\/\/canmauri.com\/ca\/wp-json\/wp\/v2\/pages\/8047\/revisions\/8109"}],"wp:attachment":[{"href":"https:\/\/canmauri.com\/ca\/wp-json\/wp\/v2\/media?parent=8047"}],"curies":[{"name":"wp","href":"https:\/\/api.w.org\/{rel}","templated":true}]}}