{"id":7812,"date":"2025-09-25T14:39:10","date_gmt":"2025-09-25T12:39:10","guid":{"rendered":"https:\/\/canmauri.com\/?page_id=7812"},"modified":"2025-09-26T08:18:20","modified_gmt":"2025-09-26T06:18:20","slug":"restaurant-per-a-batejos-a-polinya","status":"publish","type":"page","link":"https:\/\/canmauri.com\/ca\/restaurant-per-a-batejos-a-polinya\/","title":{"rendered":"Restaurant per a batejos a Poliny\u00e0"},"content":{"rendered":"<div class=\"wpb-content-wrapper\"><p>[vc_row full_width=&#8221;stretch_row&#8221; equal_height=&#8221;yes&#8221; content_placement=&#8221;middle&#8221; bg_type=&#8221;image&#8221; bg_image_new=&#8221;1125&#8243; bg_image_repeat=&#8221;no-repeat&#8221; css=&#8221;.vc_custom_1740396271943{margin-right: 5px !important;margin-left: 5px !important;}&#8221;][vc_column]<div class=\"boc_spacing \" style=\"height: 300px\"><\/div>[vc_column_text el_class=&#8221;tituloMenu&#8221;]<\/p>\n<h1 style=\"text-align: center;\" data-start=\"44\" data-end=\"141\">Restaurant per a batejos a Poliny\u00e0<\/h1>\n<p>[\/vc_column_text]<div class=\"boc_spacing \" style=\"height: 150px\"><\/div>[\/vc_column][\/vc_row][vc_row][vc_column]<div class=\"boc_divider_holder\"><div class=\"boc_divider  \"  style=\"margin-top: 20px;margin-bottom: 20px;height: 3px;background: #ffffff;\"><\/div><\/div>[\/vc_column][\/vc_row][vc_row full_width=&#8221;stretch_row_content_no_spaces&#8221; equal_height=&#8221;yes&#8221; css=&#8221;.vc_custom_1740396287516{margin-right: 5px !important;margin-left: 5px !important;}&#8221;][vc_column width=&#8221;1\/2&#8243;]<div class=\"boc_spacing \" style=\"height: 75px\"><\/div>[vc_column_text el_class=&#8221;tituloMenu3&#8243; css=&#8221;.vc_custom_1758867391326{margin-right: 70px !important;margin-left: 80px !important;}&#8221;]<\/p>\n<h2 data-start=\"0\" data-end=\"64\">Restaurant per a batejos a Poliny\u00e0: Espais i ambient \u00fanics<\/h2>\n<p data-start=\"66\" data-end=\"510\">Gaudeix d\u2019una experi\u00e8ncia gastron\u00f2mica excepcional i celebra el bateig del teu fill en un entorn acollidor i familiar. El nostre objectiu \u00e9s que cada celebraci\u00f3 sigui \u00fanica, cuidant fins al m\u00e9s m\u00ednim detall perqu\u00e8 tu i els teus convidats nom\u00e9s us preocupeu de gaudir del moment. Al nostre restaurant, cada bateig es converteix en una ocasi\u00f3 especial, on l\u2019ambient, el menjar i el servei es combinen per crear records que duraran tota la vida.<\/p>\n<p data-start=\"512\" data-end=\"1001\">El nostre restaurant ofereix un entorn ideal per <strong>celebrar batejos a Poliny\u00e0<\/strong>, combinant comoditat, eleg\u00e0ncia i un ambient proper. Disposem d\u2019espais adaptables per a grups de diferents mides, zones per a infants i \u00e0rees pensades perqu\u00e8 tots els convidats gaudeixin de la celebraci\u00f3 sense preocupacions. Cada detall est\u00e0 dissenyat perqu\u00e8 l\u2019experi\u00e8ncia sigui agradable i memorable: des de la decoraci\u00f3 i la il\u00b7luminaci\u00f3 fins a la distribuci\u00f3 de les taules i els elements d\u2019animaci\u00f3 infantil.<\/p>\n<p data-start=\"1003\" data-end=\"1471\" data-is-last-node=\"\" data-is-only-node=\"\">En triar-nos com el teu <strong data-start=\"1027\" data-end=\"1065\">restaurant per a batejos a Poliny\u00e0<\/strong>, et garantim un servei complet que cobreix tots els aspectes de l\u2019esdeveniment. El nostre equip s\u2019encarrega de la coordinaci\u00f3, assegurant que cada moment transcorri de manera fluida i sense entrebancs. A m\u00e9s, ens adaptem a les teves necessitats i prefer\u00e8ncies, oferint flexibilitat en els horaris, els espais i les activitats, perqu\u00e8 el bateig s\u2019ajusti perfectament al teu estil i al de la teva fam\u00edlia.<\/p>\n<p>[\/vc_column_text]<div class=\"boc_spacing \" style=\"height: 75px\"><\/div>[\/vc_column][vc_column width=&#8221;1\/2&#8243; css=&#8221;.vc_custom_1740396434250{margin-right: 50px !important;background-image: url(https:\/\/canmauri.com\/wp-content\/uploads\/2023\/08\/105.png?id=6400) !important;background-position: center !important;background-repeat: no-repeat !important;background-size: cover !important;}&#8221;]<div class=\"boc_spacing \" style=\"height: 500px\"><\/div>[\/vc_column][\/vc_row][vc_row][vc_column]<div class=\"boc_divider_holder\"><div class=\"boc_divider  \"  style=\"margin-top: 20px;margin-bottom: 20px;height: 3px;background: #ffffff;\"><\/div><\/div>[\/vc_column][\/vc_row][vc_row full_width=&#8221;stretch_row_content_no_spaces&#8221; equal_height=&#8221;yes&#8221;][vc_column width=&#8221;1\/2&#8243; css=&#8221;.vc_custom_1740396467022{margin-left: 50px !important;background-image: url(https:\/\/canmauri.com\/wp-content\/uploads\/2024\/07\/restaurante-celebracion-barcelona.jpg?id=6851) !important;background-position: center !important;background-repeat: no-repeat !important;background-size: cover !important;}&#8221;]<div class=\"boc_spacing \" style=\"height: 500px\"><\/div>[\/vc_column][vc_column width=&#8221;1\/2&#8243;]<div class=\"boc_spacing \" style=\"height: 75px\"><\/div>[vc_column_text el_class=&#8221;tituloMenu3&#8243; css=&#8221;.vc_custom_1758867425911{margin-right: 70px !important;margin-left: 80px !important;}&#8221;]<\/p>\n<h2 data-start=\"0\" data-end=\"85\">Restaurant per a batejos a Poliny\u00e0: Men\u00fas personalitzats i atenci\u00f3 professional<\/h2>\n<p data-start=\"87\" data-end=\"567\">La gastronomia \u00e9s el cor de les nostres celebracions. Com a <strong data-start=\"147\" data-end=\"185\">restaurant per a batejos a Poliny\u00e0<\/strong>, oferim men\u00fas dissenyats amb cura, combinant receptes tradicionals amb propostes innovadores, sempre elaborades amb productes frescos i de la m\u00e9s alta qualitat. Els nostres men\u00fas s\u2019adapten a totes les edats i necessitats: des d\u2019opcions infantils fins a plats per a persones amb dietes especials, vegetarianes o sense gluten, garantint que tots els convidats gaudeixin del menjar.<\/p>\n<p data-start=\"569\" data-end=\"950\">A m\u00e9s, el nostre equip de professionals s\u2019encarrega de cada detall de la celebraci\u00f3. T\u2019oferim assessorament personalitzat perqu\u00e8 el men\u00fa i l\u2019experi\u00e8ncia gastron\u00f2mica reflecteixin els teus gustos i els de la teva fam\u00edlia. Tamb\u00e9 coordinem la presentaci\u00f3 dels plats, l\u2019elecci\u00f3 de les begudes i l\u2019organitzaci\u00f3 dels temps de l\u2019esdeveniment, assegurant que tot flueixi amb naturalitat.<\/p>\n<p data-start=\"952\" data-end=\"1220\" data-is-last-node=\"\" data-is-only-node=\"\">En triar-nos com el teu <strong data-start=\"976\" data-end=\"1014\">restaurant per a batejos a Poliny\u00e0<\/strong>, tindr\u00e0s la tranquil\u00b7litat de saber que cada aspecte del bateig estar\u00e0 en mans d\u2019experts, permetent-te viure la celebraci\u00f3 amb total serenitat i gaudir de cada moment al costat dels teus \u00e9ssers estimats.<\/p>\n<p>[\/vc_column_text]<div class=\"boc_spacing \" style=\"height: 75px\"><\/div>[\/vc_column][\/vc_row][vc_row][vc_column]<div class=\"boc_divider_holder\"><div class=\"boc_divider  \"  style=\"margin-top: 20px;margin-bottom: 20px;height: 3px;background: #ffffff;\"><\/div><\/div>[\/vc_column][\/vc_row][vc_row full_width=&#8221;stretch_row_content_no_spaces&#8221; equal_height=&#8221;yes&#8221;][vc_column width=&#8221;1\/2&#8243;]<div class=\"boc_spacing \" style=\"height: 75px\"><\/div>[vc_column_text el_class=&#8221;tituloMenu3&#8243; css=&#8221;.vc_custom_1758867466100{margin-right: 70px !important;margin-left: 80px !important;}&#8221;]<\/p>\n<h2 data-start=\"0\" data-end=\"81\">Restaurant per a batejos a Poliny\u00e0: Experi\u00e8ncies que perduren en la mem\u00f2ria<\/h2>\n<p data-start=\"83\" data-end=\"453\">Al nostre <strong data-start=\"93\" data-end=\"131\">restaurant per a batejos a Poliny\u00e0<\/strong>, ens esforcem perqu\u00e8 cada celebraci\u00f3 sigui molt m\u00e9s que un \u00e0pat: volem crear moments que els teus convidats recordin sempre. A m\u00e9s d\u2019un men\u00fa delici\u00f3s i un servei impecable, cuidem els petits detalls que marquen la difer\u00e8ncia: decoraci\u00f3 personalitzada, espais pensats per a la interacci\u00f3 i activitats per als m\u00e9s petits.<\/p>\n<p data-start=\"455\" data-end=\"911\" data-is-last-node=\"\" data-is-only-node=\"\">Cada bateig es converteix en una experi\u00e8ncia completa, on l\u2019alegria, la proximitat i la bona gastronomia es combinen per oferir un record inesborrable. El nostre equip treballa amb tu des del primer moment, assegurant-se que l\u2019esdeveniment reflecteixi la personalitat de la teva fam\u00edlia i la import\u00e0ncia d\u2019aquest dia tan especial. Triar-nos com el teu <strong data-start=\"807\" data-end=\"845\">restaurant per a batejos a Poliny\u00e0<\/strong> \u00e9s garantia de tranquil\u00b7litat, qualitat i moments inoblidables.<\/p>\n<p>[\/vc_column_text]<div class=\"boc_spacing \" style=\"height: 75px\"><\/div>[\/vc_column][vc_column width=&#8221;1\/2&#8243; css=&#8221;.vc_custom_1740396406748{margin-right: 50px !important;background-image: url(https:\/\/canmauri.com\/wp-content\/uploads\/2024\/11\/restaurantes-para-celebrar-bodas-3.jpg?id=7056) !important;background-position: center !important;background-repeat: no-repeat !important;background-size: cover !important;}&#8221;]<div class=\"boc_spacing \" style=\"height: 500px\"><\/div>[\/vc_column][\/vc_row][vc_row css=&#8221;.vc_custom_1740476851144{margin-top: 100px !important;margin-right: 5px !important;margin-bottom: 50px !important;margin-left: 5px !important;}&#8221;][vc_column width=&#8221;1\/2&#8243;]\n<div class=\"wpcf7 no-js\" id=\"wpcf7-f14-o1\" lang=\"es-ES\" dir=\"ltr\" data-wpcf7-id=\"14\">\n<div class=\"screen-reader-response\"><p role=\"status\" aria-live=\"polite\" aria-atomic=\"true\"><\/p> <ul><\/ul><\/div>\n<form action=\"\/ca\/wp-json\/wp\/v2\/pages\/7812#wpcf7-f14-o1\" method=\"post\" class=\"wpcf7-form init\" aria-label=\"Formulario de contacto\" novalidate=\"novalidate\" data-status=\"init\">\n<fieldset class=\"hidden-fields-container\"><input type=\"hidden\" name=\"_wpcf7\" value=\"14\" \/><input type=\"hidden\" name=\"_wpcf7_version\" value=\"6.1.3\" \/><input type=\"hidden\" name=\"_wpcf7_locale\" value=\"es_ES\" \/><input type=\"hidden\" name=\"_wpcf7_unit_tag\" value=\"wpcf7-f14-o1\" \/><input type=\"hidden\" name=\"_wpcf7_container_post\" value=\"0\" \/><input type=\"hidden\" name=\"_wpcf7_posted_data_hash\" value=\"\" \/><input type=\"hidden\" name=\"_wpcf7_recaptcha_response\" value=\"\" \/>\n<\/fieldset>\n<div class=\"row\">\n\t<div class=\"col-md-6\">\n\t\t<p><span class=\"wpcf7-form-control-wrap\" data-name=\"your-name\"><input size=\"40\" maxlength=\"400\" class=\"wpcf7-form-control wpcf7-text wpcf7-validates-as-required\" aria-required=\"true\" aria-invalid=\"false\" placeholder=\"Nombre y Apellidos*\" value=\"\" type=\"text\" name=\"your-name\" \/><\/span>\n\t\t<\/p>\n\t<\/div>\n\t<div class=\"col-md-6\">\n\t\t<p><span class=\"wpcf7-form-control-wrap\" data-name=\"your-email\"><input size=\"40\" maxlength=\"400\" class=\"wpcf7-form-control wpcf7-email wpcf7-validates-as-required wpcf7-text wpcf7-validates-as-email\" aria-required=\"true\" aria-invalid=\"false\" placeholder=\"Email*\" value=\"\" type=\"email\" name=\"your-email\" \/><\/span>\n\t\t<\/p>\n\t<\/div>\n<\/div>\n<div class=\"row\">\n\t<div class=\"col-md-6\">\n\t\t<p><span class=\"wpcf7-form-control-wrap\" data-name=\"text-114\"><input size=\"40\" maxlength=\"400\" class=\"wpcf7-form-control wpcf7-text wpcf7-validates-as-required\" aria-required=\"true\" aria-invalid=\"false\" placeholder=\"Tel\u00e9fono*\" value=\"\" type=\"text\" name=\"text-114\" \/><\/span>\n\t\t<\/p>\n\t<\/div>\n\t<div class=\"col-md-6\">\n\t\t<p><span class=\"wpcf7-form-control-wrap\" data-name=\"your-subject\"><input size=\"40\" maxlength=\"400\" class=\"wpcf7-form-control wpcf7-text\" aria-invalid=\"false\" placeholder=\"Asunto\" value=\"\" type=\"text\" name=\"your-subject\" \/><\/span>\n\t\t<\/p>\n\t<\/div>\n<\/div>\n<div class=\"row\">\n\t<div class=\"col-md-12\">\n\t\t<p><span class=\"wpcf7-form-control-wrap\" data-name=\"your-message\"><textarea cols=\"40\" rows=\"10\" maxlength=\"2000\" class=\"wpcf7-form-control wpcf7-textarea\" aria-invalid=\"false\" placeholder=\"Mensaje\" name=\"your-message\"><\/textarea><\/span>\n\t\t<\/p>\n\t<\/div>\n\t<div class=\"col-md-12\">\n\t\t<p><span class=\"wpcf7-form-control-wrap\" data-name=\"acceptance-185\"><span class=\"wpcf7-form-control wpcf7-acceptance\"><span class=\"wpcf7-list-item\"><label><input type=\"checkbox\" name=\"acceptance-185\" value=\"1\" aria-invalid=\"false\" \/><span class=\"wpcf7-list-item-label\">He le\u00eddo la <a href=\"\/politica-de-privacidad\/\">pol\u00edtica de privacidad<\/a> y acepto el env\u00edo de la informaci\u00f3n<\/span><\/label><\/span><\/span><\/span>\n\t\t<\/p>\n\t<\/div>\n<\/div>\n<p><input class=\"wpcf7-form-control wpcf7-submit has-spinner\" type=\"submit\" value=\"Enviar\" \/>\n<\/p><div class=\"wpcf7-response-output\" aria-hidden=\"true\"><\/div>\n<\/form>\n<\/div>\n[\/vc_column][vc_column width=&#8221;1\/2&#8243;]<div class=\"side_icon_box normal  \"><span class=\"icon_feat \" style=\"\"><i class=\"icon icon-map-marker2\" style=\"\"><\/i><\/span><h3>Carretera C-155, km 1,5, 08213 Poliny\u00e1, Barcelona<\/h3><div class=\"side_icon_box_content\"><a href=\"https:\/\/www.google.com\/maps\/dir\/\/Restaurant+Can+Mauri,+C-155,+km+1,5,+08213+Sabadell,+Barcelona\/@41.570099,2.128654,15z\/data=!4m8!4m7!1m0!1m5!1m1!1s0x12a495464350381b:0x84b2792e3b141ed0!2m2!1d2.1286539!2d41.5700992?hl=es-ES\">C\u00f3mo llegar<\/a><\/div><\/div><div class=\"side_icon_box normal  \"><span class=\"icon_feat \" style=\"\"><i class=\"icon icon-phone3\" style=\"\"><\/i><\/span><h3>937 43 50 66<\/h3><div class=\"side_icon_box_content\">Solicita tu presupuesto<\/div><\/div><div class=\"side_icon_box normal  \"><span class=\"icon_feat \" style=\"\"><i class=\"icon icon-clock\" style=\"\"><\/i><\/span><h3>Horarios<\/h3><div class=\"side_icon_box_content\">Mi\u00e9rcoles a domingo 13h-16h.<br \/>\nViernes y s\u00e1bado 13h-16h \/ 20h-24h.<\/div><\/div><div class=\"side_icon_box normal  \"><span class=\"icon_feat \" style=\"\"><i class=\"icon icon-mail\" style=\"\"><\/i><\/span><h3><a href=\"mailto:info@restaurantcanmauri.com\" target=\"_self\">info@restaurantcanmauri.com<\/a><\/h3><div class=\"side_icon_box_content\"><\/div><\/div>[\/vc_column][\/vc_row]<\/p>\n<\/div>","protected":false},"excerpt":{"rendered":"<p>[vc_row full_width=&#8221;stretch_row&#8221; equal_height=&#8221;yes&#8221; content_placement=&#8221;middle&#8221; bg_type=&#8221;image&#8221; bg_image_new=&#8221;1125&#8243; bg_image_repeat=&#8221;no-repeat&#8221; css=&#8221;.vc_custom_1740396271943{margin-right: 5px !important;margin-left: 5px !important;}&#8221;][vc_column][vc_column_text el_class=&#8221;tituloMenu&#8221;] Restaurant per a batejos a Poliny\u00e0 [\/vc_column_text][\/vc_column][\/vc_row][vc_row][vc_column][\/vc_column][\/vc_row][vc_row full_width=&#8221;stretch_row_content_no_spaces&#8221; equal_height=&#8221;yes&#8221; css=&#8221;.vc_custom_1740396287516{margin-right: 5px !important;margin-left: 5px !important;}&#8221;][vc_column width=&#8221;1\/2&#8243;][vc_column_text el_class=&#8221;tituloMenu3&#8243; css=&#8221;.vc_custom_1758867391326{margin-right: 70px !important;margin-left: 80px !important;}&#8221;] Restaurant per a batejos a Poliny\u00e0: Espais i ambient \u00fanics Gaudeix d\u2019una experi\u00e8ncia gastron\u00f2mica excepcional i celebra el bateig del teu fill en un entorn acollidor<\/p>\n<div class=\"h10\"><\/div>\n<p><a class=\"more-link1\" href=\"https:\/\/canmauri.com\/ca\/restaurant-per-a-batejos-a-polinya\/\">Read more<\/a><\/p>\n","protected":false},"author":7,"featured_media":0,"parent":0,"menu_order":0,"comment_status":"closed","ping_status":"closed","template":"","meta":{"_vp_format_video_url":"","_vp_image_focal_point":[],"footnotes":""},"class_list":["post-7812","page","type-page","status-publish","hentry"],"yoast_head":"<!-- This site is optimized with the Yoast SEO plugin v26.2 - https:\/\/yoast.com\/wordpress\/plugins\/seo\/ -->\n<title>Salones y exteriores encantadores para eventos - Can Mauri<\/title>\n<meta name=\"description\" content=\"Celebra el bateig del teu fill al nostre restaurant per a batejos a Poliny\u00e0. Men\u00fas personalitzats, ambient familiar i atenci\u00f3 professional.\" \/>\n<meta name=\"robots\" content=\"index, follow, max-snippet:-1, max-image-preview:large, max-video-preview:-1\" \/>\n<link rel=\"canonical\" href=\"https:\/\/canmauri.com\/ca\/restaurant-per-a-batejos-a-polinya\/\" \/>\n<meta property=\"og:locale\" content=\"ca_ES\" \/>\n<meta property=\"og:type\" content=\"article\" \/>\n<meta property=\"og:title\" content=\"Salones y exteriores encantadores para eventos - Can Mauri\" \/>\n<meta property=\"og:description\" content=\"Celebra el bateig del teu fill al nostre restaurant per a batejos a Poliny\u00e0. Men\u00fas personalitzats, ambient familiar i atenci\u00f3 professional.\" \/>\n<meta property=\"og:url\" content=\"https:\/\/canmauri.com\/ca\/restaurant-per-a-batejos-a-polinya\/\" \/>\n<meta property=\"og:site_name\" content=\"Can Mauri\" \/>\n<meta property=\"article:modified_time\" content=\"2025-09-26T06:18:20+00:00\" \/>\n<meta name=\"twitter:card\" content=\"summary_large_image\" \/>\n<meta name=\"twitter:label1\" content=\"Temps estimat de lectura\" \/>\n\t<meta name=\"twitter:data1\" content=\"4 minuts\" \/>\n<script type=\"application\/ld+json\" class=\"yoast-schema-graph\">{\"@context\":\"https:\/\/schema.org\",\"@graph\":[{\"@type\":\"WebPage\",\"@id\":\"https:\/\/canmauri.com\/ca\/restaurant-per-a-batejos-a-polinya\/\",\"url\":\"https:\/\/canmauri.com\/ca\/restaurant-per-a-batejos-a-polinya\/\",\"name\":\"Salones y exteriores encantadores para eventos - Can Mauri\",\"isPartOf\":{\"@id\":\"https:\/\/canmauri.com\/#website\"},\"datePublished\":\"2025-09-25T12:39:10+00:00\",\"dateModified\":\"2025-09-26T06:18:20+00:00\",\"description\":\"Celebra el bateig del teu fill al nostre restaurant per a batejos a Poliny\u00e0. Men\u00fas personalitzats, ambient familiar i atenci\u00f3 professional.\",\"breadcrumb\":{\"@id\":\"https:\/\/canmauri.com\/ca\/restaurant-per-a-batejos-a-polinya\/#breadcrumb\"},\"inLanguage\":\"ca\",\"potentialAction\":[{\"@type\":\"ReadAction\",\"target\":[\"https:\/\/canmauri.com\/ca\/restaurant-per-a-batejos-a-polinya\/\"]}]},{\"@type\":\"BreadcrumbList\",\"@id\":\"https:\/\/canmauri.com\/ca\/restaurant-per-a-batejos-a-polinya\/#breadcrumb\",\"itemListElement\":[{\"@type\":\"ListItem\",\"position\":1,\"name\":\"Portada\",\"item\":\"https:\/\/canmauri.com\/ca\/\"},{\"@type\":\"ListItem\",\"position\":2,\"name\":\"Restaurant per a batejos a Poliny\u00e0\"}]},{\"@type\":\"WebSite\",\"@id\":\"https:\/\/canmauri.com\/#website\",\"url\":\"https:\/\/canmauri.com\/\",\"name\":\"Can Mauri\",\"description\":\"\",\"potentialAction\":[{\"@type\":\"SearchAction\",\"target\":{\"@type\":\"EntryPoint\",\"urlTemplate\":\"https:\/\/canmauri.com\/?s={search_term_string}\"},\"query-input\":{\"@type\":\"PropertyValueSpecification\",\"valueRequired\":true,\"valueName\":\"search_term_string\"}}],\"inLanguage\":\"ca\"}]}<\/script>\n<!-- \/ Yoast SEO plugin. -->","yoast_head_json":{"title":"Salones y exteriores encantadores para eventos - Can Mauri","description":"Celebra el bateig del teu fill al nostre restaurant per a batejos a Poliny\u00e0. Men\u00fas personalitzats, ambient familiar i atenci\u00f3 professional.","robots":{"index":"index","follow":"follow","max-snippet":"max-snippet:-1","max-image-preview":"max-image-preview:large","max-video-preview":"max-video-preview:-1"},"canonical":"https:\/\/canmauri.com\/ca\/restaurant-per-a-batejos-a-polinya\/","og_locale":"ca_ES","og_type":"article","og_title":"Salones y exteriores encantadores para eventos - Can Mauri","og_description":"Celebra el bateig del teu fill al nostre restaurant per a batejos a Poliny\u00e0. Men\u00fas personalitzats, ambient familiar i atenci\u00f3 professional.","og_url":"https:\/\/canmauri.com\/ca\/restaurant-per-a-batejos-a-polinya\/","og_site_name":"Can Mauri","article_modified_time":"2025-09-26T06:18:20+00:00","twitter_card":"summary_large_image","twitter_misc":{"Temps estimat de lectura":"4 minuts"},"schema":{"@context":"https:\/\/schema.org","@graph":[{"@type":"WebPage","@id":"https:\/\/canmauri.com\/ca\/restaurant-per-a-batejos-a-polinya\/","url":"https:\/\/canmauri.com\/ca\/restaurant-per-a-batejos-a-polinya\/","name":"Salones y exteriores encantadores para eventos - Can Mauri","isPartOf":{"@id":"https:\/\/canmauri.com\/#website"},"datePublished":"2025-09-25T12:39:10+00:00","dateModified":"2025-09-26T06:18:20+00:00","description":"Celebra el bateig del teu fill al nostre restaurant per a batejos a Poliny\u00e0. Men\u00fas personalitzats, ambient familiar i atenci\u00f3 professional.","breadcrumb":{"@id":"https:\/\/canmauri.com\/ca\/restaurant-per-a-batejos-a-polinya\/#breadcrumb"},"inLanguage":"ca","potentialAction":[{"@type":"ReadAction","target":["https:\/\/canmauri.com\/ca\/restaurant-per-a-batejos-a-polinya\/"]}]},{"@type":"BreadcrumbList","@id":"https:\/\/canmauri.com\/ca\/restaurant-per-a-batejos-a-polinya\/#breadcrumb","itemListElement":[{"@type":"ListItem","position":1,"name":"Portada","item":"https:\/\/canmauri.com\/ca\/"},{"@type":"ListItem","position":2,"name":"Restaurant per a batejos a Poliny\u00e0"}]},{"@type":"WebSite","@id":"https:\/\/canmauri.com\/#website","url":"https:\/\/canmauri.com\/","name":"Can Mauri","description":"","potentialAction":[{"@type":"SearchAction","target":{"@type":"EntryPoint","urlTemplate":"https:\/\/canmauri.com\/?s={search_term_string}"},"query-input":{"@type":"PropertyValueSpecification","valueRequired":true,"valueName":"search_term_string"}}],"inLanguage":"ca"}]}},"_links":{"self":[{"href":"https:\/\/canmauri.com\/ca\/wp-json\/wp\/v2\/pages\/7812","targetHints":{"allow":["GET"]}}],"collection":[{"href":"https:\/\/canmauri.com\/ca\/wp-json\/wp\/v2\/pages"}],"about":[{"href":"https:\/\/canmauri.com\/ca\/wp-json\/wp\/v2\/types\/page"}],"author":[{"embeddable":true,"href":"https:\/\/canmauri.com\/ca\/wp-json\/wp\/v2\/users\/7"}],"replies":[{"embeddable":true,"href":"https:\/\/canmauri.com\/ca\/wp-json\/wp\/v2\/comments?post=7812"}],"version-history":[{"count":2,"href":"https:\/\/canmauri.com\/ca\/wp-json\/wp\/v2\/pages\/7812\/revisions"}],"predecessor-version":[{"id":7815,"href":"https:\/\/canmauri.com\/ca\/wp-json\/wp\/v2\/pages\/7812\/revisions\/7815"}],"wp:attachment":[{"href":"https:\/\/canmauri.com\/ca\/wp-json\/wp\/v2\/media?parent=7812"}],"curies":[{"name":"wp","href":"https:\/\/api.w.org\/{rel}","templated":true}]}}