{"id":7216,"date":"2025-03-07T11:55:57","date_gmt":"2025-03-07T10:55:57","guid":{"rendered":"https:\/\/canmauri.com\/?page_id=7216"},"modified":"2025-03-07T11:56:48","modified_gmt":"2025-03-07T10:56:48","slug":"menus-bodes-a-barcelona","status":"publish","type":"page","link":"https:\/\/canmauri.com\/ca\/menus-bodes-a-barcelona\/","title":{"rendered":"Men\u00fas bodes a Barcelona"},"content":{"rendered":"<div class=\"wpb-content-wrapper\"><p>[vc_row full_width=&#8221;stretch_row&#8221; equal_height=&#8221;yes&#8221; content_placement=&#8221;middle&#8221; bg_type=&#8221;image&#8221; bg_image_new=&#8221;1125&#8243; bg_image_repeat=&#8221;no-repeat&#8221; css=&#8221;.vc_custom_1740396271943{margin-right: 5px !important;margin-left: 5px !important;}&#8221;][vc_column]<div class=\"boc_spacing \" style=\"height: 300px\"><\/div>[vc_column_text el_class=&#8221;tituloMenu&#8221;]<\/p>\n<h1><span style=\"font-weight: 400;\">Men\u00fas bodes a Barcelona<\/span><\/h1>\n<p>[\/vc_column_text]<div class=\"boc_spacing \" style=\"height: 150px\"><\/div>[\/vc_column][\/vc_row][vc_row][vc_column]<div class=\"boc_divider_holder\"><div class=\"boc_divider  \"  style=\"margin-top: 20px;margin-bottom: 20px;height: 3px;background: #ffffff;\"><\/div><\/div>[\/vc_column][\/vc_row][vc_row full_width=&#8221;stretch_row_content_no_spaces&#8221; equal_height=&#8221;yes&#8221; css=&#8221;.vc_custom_1740396287516{margin-right: 5px !important;margin-left: 5px !important;}&#8221;][vc_column width=&#8221;1\/2&#8243;]<div class=\"boc_spacing \" style=\"height: 75px\"><\/div>[vc_column_text el_class=&#8221;tituloMenu3&#8243; css=&#8221;.vc_custom_1741345010625{margin-right: 70px !important;margin-left: 80px !important;}&#8221;]<\/p>\n<h3><span style=\"font-weight: 400;\">Men\u00fas de bodes a Barcelona: una experi\u00e8ncia gastron\u00f2mica \u00fanica per al vostre dia especial a Can Mauri<\/span><\/h3>\n<p><span style=\"font-weight: 400;\">A Can Mauri us oferim una experi\u00e8ncia inoblidable amb els nostres <\/span><strong>men\u00fas<\/strong> <span style=\"font-weight: 400;\">de <\/span><strong>bodes a Barcelona<\/strong><span style=\"font-weight: 400;\">, pensats perqu\u00e8 gaudiu d&#8217;un dia especial en un entorn natural i exclusiu. El nostre equip est\u00e0 comprom\u00e8s a brindar-vos una proposta gastron\u00f2mica \u00fanica, adaptada a tots els gustos i necessitats. Des dels entrants fins a les postres, cada plat est\u00e0 acuradament dissenyat per sorprendre i delectar als vostres convidats, creant records inoblidables per a tots.<\/span>[\/vc_column_text]<div class=\"boc_spacing \" style=\"height: 75px\"><\/div>[\/vc_column][vc_column width=&#8221;1\/2&#8243; css=&#8221;.vc_custom_1740396434250{margin-right: 50px !important;background-image: url(https:\/\/canmauri.com\/wp-content\/uploads\/2023\/08\/105.png?id=6400) !important;background-position: center !important;background-repeat: no-repeat !important;background-size: cover !important;}&#8221;]<div class=\"boc_spacing \" style=\"height: 500px\"><\/div>[\/vc_column][\/vc_row][vc_row][vc_column]<div class=\"boc_divider_holder\"><div class=\"boc_divider  \"  style=\"margin-top: 20px;margin-bottom: 20px;height: 3px;background: #ffffff;\"><\/div><\/div>[\/vc_column][\/vc_row][vc_row full_width=&#8221;stretch_row_content_no_spaces&#8221; equal_height=&#8221;yes&#8221;][vc_column width=&#8221;1\/2&#8243; css=&#8221;.vc_custom_1740396467022{margin-left: 50px !important;background-image: url(https:\/\/canmauri.com\/wp-content\/uploads\/2024\/07\/restaurante-celebracion-barcelona.jpg?id=6851) !important;background-position: center !important;background-repeat: no-repeat !important;background-size: cover !important;}&#8221;]<div class=\"boc_spacing \" style=\"height: 500px\"><\/div>[\/vc_column][vc_column width=&#8221;1\/2&#8243;]<div class=\"boc_spacing \" style=\"height: 75px\"><\/div>[vc_column_text el_class=&#8221;tituloMenu3&#8243; css=&#8221;.vc_custom_1741344916254{margin-right: 70px !important;margin-left: 80px !important;}&#8221;]<\/p>\n<h3><span style=\"font-weight: 400;\">Dissenyem men\u00fas de bodes a Barcelona perqu\u00e8 gaudiu d&#8217;una experi\u00e8ncia culin\u00e0ria<\/span><\/h3>\n<p><span style=\"font-weight: 400;\">Sabem l&#8217;important que \u00e9s que el men\u00fa de noces sigui tan \u00fanic com la vostra hist\u00f2ria d&#8217;amor. Per aix\u00f2, us oferim una \u00e0mplia gamma d&#8217;opcions per a personalitzar el vostre banquet: des de plats cl\u00e0ssics fins a propostes m\u00e9s innovadores. Treballem colze a colze amb vosaltres per a garantir que cada mos sigui perfecte, assegurant que tots els gustos estiguin coberts i que el vostre dia sigui veritablement especial.<\/span><\/p>\n<p><span style=\"font-weight: 400;\">A Can Mauri, oferim dues opcions destacades:<\/span><\/p>\n<ul>\n<li style=\"font-weight: 400;\" aria-level=\"1\"><strong>Men\u00fa de noces<\/strong><span style=\"font-weight: 400;\">: ideal per a celebracions amb molts convidats. Us oferim una \u00e0mplia varietat d&#8217;entrants, plats principals i postres. A m\u00e9s, si teniu necessitats espec\u00edfiques, el nostre equip estar\u00e0 encantat d&#8217;ajudar-vos a personalitzar cada detall perqu\u00e8 s&#8217;ajusti a les vostres prefer\u00e8ncies.<\/span><\/li>\n<li style=\"font-weight: 400;\" aria-level=\"1\"><strong>Men\u00fa de noces \u00edntimes<\/strong><span style=\"font-weight: 400;\">: perfecte per a aquelles parelles que desitgen compartir el seu dia especial en un ambient m\u00e9s pr\u00f2xim, per\u00f2 que volen gaudir d&#8217;un menjar igualment delici\u00f3s.<\/span><\/li>\n<\/ul>\n<p><span style=\"font-weight: 400;\">Ens dediquem a dissenyar <\/span><strong>men\u00fas<\/strong> <span style=\"font-weight: 400;\">de <\/span><strong>bodes a Barcelona<\/strong><span style=\"font-weight: 400;\"> que no sols delectin als vostres convidats, sin\u00f3 que tamb\u00e9 cre\u00efn records inoblidables. Treballem amb vosaltres en cada pas, perqu\u00e8 pugueu tenir les noces dels vostres somnis, plena de sabors excepcionals que seran presents en la mem\u00f2ria de tots els que us acompanyin en aquest dia tan especial.<\/span>[\/vc_column_text]<div class=\"boc_spacing \" style=\"height: 75px\"><\/div>[\/vc_column][\/vc_row][vc_row][vc_column]<div class=\"boc_divider_holder\"><div class=\"boc_divider  \"  style=\"margin-top: 20px;margin-bottom: 20px;height: 3px;background: #ffffff;\"><\/div><\/div>[\/vc_column][\/vc_row][vc_row full_width=&#8221;stretch_row_content_no_spaces&#8221; equal_height=&#8221;yes&#8221;][vc_column width=&#8221;1\/2&#8243;]<div class=\"boc_spacing \" style=\"height: 75px\"><\/div>[vc_column_text el_class=&#8221;tituloMenu3&#8243; css=&#8221;.vc_custom_1741344939831{margin-right: 70px !important;margin-left: 80px !important;}&#8221;]<\/p>\n<h3><span style=\"font-weight: 400;\">Can Mauri, men\u00fas de bodes a Barcelona en un entorn natural i acollidor<\/span><\/h3>\n<p><span style=\"font-weight: 400;\">Al nostre restaurant prop de Barcelona comptem amb espais envoltats de jardins, terrasses i una sala envidriada que s&#8217;adapta a qualsevol clima. Podreu gaudir d&#8217;un entorn natural i exclusiu per a les vostres noces, on cada rac\u00f3 aporta una atmosfera m\u00e0gica. Ja sigui en l&#8217;exterior, envoltat de naturalesa, o a la nostra sala tancada, el vostre banquet es convertir\u00e0 en una experi\u00e8ncia \u00fanica per a vosaltres i els vostres \u00e9ssers estimats.<\/span><\/p>\n<p><span style=\"font-weight: 400;\">Si desitgeu que les vostres noces siguin una celebraci\u00f3 inoblidable, no dubteu a posar-vos en contacte amb Can Mauri. El nostre equip est\u00e0 llest per a ajudar-vos a triar els <\/span><strong>men\u00fas<\/strong> <span style=\"font-weight: 400;\">de <\/span><strong>bodes a Barcelona<\/strong><span style=\"font-weight: 400;\"> perfectes per al vostre dia. Reserveu ara i assegureu una experi\u00e8ncia gastron\u00f2mica excepcional en un lloc \u00fanic, amb l&#8217;atenci\u00f3 personalitzada que us mereixeu. Som aqu\u00ed per fer realitat les noces dels vostres somnis!<\/span>[\/vc_column_text]<div class=\"boc_spacing \" style=\"height: 75px\"><\/div>[\/vc_column][vc_column width=&#8221;1\/2&#8243; css=&#8221;.vc_custom_1740396406748{margin-right: 50px !important;background-image: url(https:\/\/canmauri.com\/wp-content\/uploads\/2024\/11\/restaurantes-para-celebrar-bodas-3.jpg?id=7056) !important;background-position: center !important;background-repeat: no-repeat !important;background-size: cover !important;}&#8221;]<div class=\"boc_spacing \" style=\"height: 500px\"><\/div>[\/vc_column][\/vc_row][vc_row css=&#8221;.vc_custom_1740476851144{margin-top: 100px !important;margin-right: 5px !important;margin-bottom: 50px !important;margin-left: 5px !important;}&#8221;][vc_column width=&#8221;1\/2&#8243;]\n<div class=\"wpcf7 no-js\" id=\"wpcf7-f14-o1\" lang=\"es-ES\" dir=\"ltr\" data-wpcf7-id=\"14\">\n<div class=\"screen-reader-response\"><p role=\"status\" aria-live=\"polite\" aria-atomic=\"true\"><\/p> <ul><\/ul><\/div>\n<form action=\"\/ca\/wp-json\/wp\/v2\/pages\/7216#wpcf7-f14-o1\" method=\"post\" class=\"wpcf7-form init\" aria-label=\"Formulario de contacto\" novalidate=\"novalidate\" data-status=\"init\">\n<fieldset class=\"hidden-fields-container\"><input type=\"hidden\" name=\"_wpcf7\" value=\"14\" \/><input type=\"hidden\" name=\"_wpcf7_version\" value=\"6.1.3\" \/><input type=\"hidden\" name=\"_wpcf7_locale\" value=\"es_ES\" \/><input type=\"hidden\" name=\"_wpcf7_unit_tag\" value=\"wpcf7-f14-o1\" \/><input type=\"hidden\" name=\"_wpcf7_container_post\" value=\"0\" \/><input type=\"hidden\" name=\"_wpcf7_posted_data_hash\" value=\"\" \/><input type=\"hidden\" name=\"_wpcf7_recaptcha_response\" value=\"\" \/>\n<\/fieldset>\n<div class=\"row\">\n\t<div class=\"col-md-6\">\n\t\t<p><span class=\"wpcf7-form-control-wrap\" data-name=\"your-name\"><input size=\"40\" maxlength=\"400\" class=\"wpcf7-form-control wpcf7-text wpcf7-validates-as-required\" aria-required=\"true\" aria-invalid=\"false\" placeholder=\"Nombre y Apellidos*\" value=\"\" type=\"text\" name=\"your-name\" \/><\/span>\n\t\t<\/p>\n\t<\/div>\n\t<div class=\"col-md-6\">\n\t\t<p><span class=\"wpcf7-form-control-wrap\" data-name=\"your-email\"><input size=\"40\" maxlength=\"400\" class=\"wpcf7-form-control wpcf7-email wpcf7-validates-as-required wpcf7-text wpcf7-validates-as-email\" aria-required=\"true\" aria-invalid=\"false\" placeholder=\"Email*\" value=\"\" type=\"email\" name=\"your-email\" \/><\/span>\n\t\t<\/p>\n\t<\/div>\n<\/div>\n<div class=\"row\">\n\t<div class=\"col-md-6\">\n\t\t<p><span class=\"wpcf7-form-control-wrap\" data-name=\"text-114\"><input size=\"40\" maxlength=\"400\" class=\"wpcf7-form-control wpcf7-text wpcf7-validates-as-required\" aria-required=\"true\" aria-invalid=\"false\" placeholder=\"Tel\u00e9fono*\" value=\"\" type=\"text\" name=\"text-114\" \/><\/span>\n\t\t<\/p>\n\t<\/div>\n\t<div class=\"col-md-6\">\n\t\t<p><span class=\"wpcf7-form-control-wrap\" data-name=\"your-subject\"><input size=\"40\" maxlength=\"400\" class=\"wpcf7-form-control wpcf7-text\" aria-invalid=\"false\" placeholder=\"Asunto\" value=\"\" type=\"text\" name=\"your-subject\" \/><\/span>\n\t\t<\/p>\n\t<\/div>\n<\/div>\n<div class=\"row\">\n\t<div class=\"col-md-12\">\n\t\t<p><span class=\"wpcf7-form-control-wrap\" data-name=\"your-message\"><textarea cols=\"40\" rows=\"10\" maxlength=\"2000\" class=\"wpcf7-form-control wpcf7-textarea\" aria-invalid=\"false\" placeholder=\"Mensaje\" name=\"your-message\"><\/textarea><\/span>\n\t\t<\/p>\n\t<\/div>\n\t<div class=\"col-md-12\">\n\t\t<p><span class=\"wpcf7-form-control-wrap\" data-name=\"acceptance-185\"><span class=\"wpcf7-form-control wpcf7-acceptance\"><span class=\"wpcf7-list-item\"><label><input type=\"checkbox\" name=\"acceptance-185\" value=\"1\" aria-invalid=\"false\" \/><span class=\"wpcf7-list-item-label\">He le\u00eddo la <a href=\"\/politica-de-privacidad\/\">pol\u00edtica de privacidad<\/a> y acepto el env\u00edo de la informaci\u00f3n<\/span><\/label><\/span><\/span><\/span>\n\t\t<\/p>\n\t<\/div>\n<\/div>\n<p><input class=\"wpcf7-form-control wpcf7-submit has-spinner\" type=\"submit\" value=\"Enviar\" \/>\n<\/p><div class=\"wpcf7-response-output\" aria-hidden=\"true\"><\/div>\n<\/form>\n<\/div>\n[\/vc_column][vc_column width=&#8221;1\/2&#8243;]<div class=\"side_icon_box normal  \"><span class=\"icon_feat \" style=\"\"><i class=\"icon icon-map-marker2\" style=\"\"><\/i><\/span><h3>Carretera C-155, km 1,5, 08213 Poliny\u00e1, Barcelona<\/h3><div class=\"side_icon_box_content\"><a href=\"https:\/\/www.google.com\/maps\/dir\/\/Restaurant+Can+Mauri,+C-155,+km+1,5,+08213+Sabadell,+Barcelona\/@41.570099,2.128654,15z\/data=!4m8!4m7!1m0!1m5!1m1!1s0x12a495464350381b:0x84b2792e3b141ed0!2m2!1d2.1286539!2d41.5700992?hl=es-ES\">C\u00f3mo llegar<\/a><\/div><\/div><div class=\"side_icon_box normal  \"><span class=\"icon_feat \" style=\"\"><i class=\"icon icon-phone3\" style=\"\"><\/i><\/span><h3>937 43 50 66<\/h3><div class=\"side_icon_box_content\">Solicita tu presupuesto<\/div><\/div><div class=\"side_icon_box normal  \"><span class=\"icon_feat \" style=\"\"><i class=\"icon icon-clock\" style=\"\"><\/i><\/span><h3>Horarios<\/h3><div class=\"side_icon_box_content\">Mi\u00e9rcoles a domingo 13h-16h.<br \/>\nViernes y s\u00e1bado 13h-16h \/ 20h-24h.<\/div><\/div><div class=\"side_icon_box normal  \"><span class=\"icon_feat \" style=\"\"><i class=\"icon icon-mail\" style=\"\"><\/i><\/span><h3><a href=\"mailto:info@restaurantcanmauri.com\" target=\"_self\">info@restaurantcanmauri.com<\/a><\/h3><div class=\"side_icon_box_content\"><\/div><\/div>[\/vc_column][\/vc_row]<\/p>\n<\/div>","protected":false},"excerpt":{"rendered":"<p>[vc_row full_width=&#8221;stretch_row&#8221; equal_height=&#8221;yes&#8221; content_placement=&#8221;middle&#8221; bg_type=&#8221;image&#8221; bg_image_new=&#8221;1125&#8243; bg_image_repeat=&#8221;no-repeat&#8221; css=&#8221;.vc_custom_1740396271943{margin-right: 5px !important;margin-left: 5px !important;}&#8221;][vc_column][vc_column_text el_class=&#8221;tituloMenu&#8221;] Men\u00fas bodes a Barcelona [\/vc_column_text][\/vc_column][\/vc_row][vc_row][vc_column][\/vc_column][\/vc_row][vc_row full_width=&#8221;stretch_row_content_no_spaces&#8221; equal_height=&#8221;yes&#8221; css=&#8221;.vc_custom_1740396287516{margin-right: 5px !important;margin-left: 5px !important;}&#8221;][vc_column width=&#8221;1\/2&#8243;][vc_column_text el_class=&#8221;tituloMenu3&#8243; css=&#8221;.vc_custom_1741345010625{margin-right: 70px !important;margin-left: 80px !important;}&#8221;] Men\u00fas de bodes a Barcelona: una experi\u00e8ncia gastron\u00f2mica \u00fanica per al vostre dia especial a Can Mauri A Can Mauri us oferim una experi\u00e8ncia inoblidable amb els nostres<\/p>\n<div class=\"h10\"><\/div>\n<p><a class=\"more-link1\" href=\"https:\/\/canmauri.com\/ca\/menus-bodes-a-barcelona\/\">Read more<\/a><\/p>\n","protected":false},"author":7,"featured_media":0,"parent":0,"menu_order":0,"comment_status":"closed","ping_status":"closed","template":"","meta":{"_vp_format_video_url":"","_vp_image_focal_point":[],"footnotes":""},"class_list":["post-7216","page","type-page","status-publish","hentry"],"yoast_head":"<!-- This site is optimized with the Yoast SEO plugin v26.2 - https:\/\/yoast.com\/wordpress\/plugins\/seo\/ -->\n<title>Salones y exteriores encantadores para eventos - Can Mauri<\/title>\n<meta name=\"description\" content=\"Can Mauri ofrece una variedad de espacios encantadores para eventos como sal\u00f3n piano y piedra, mirador. \u00a1Disfruta de la naturaleza y los paisajes \u00fanicos!\" \/>\n<meta name=\"robots\" content=\"index, follow, max-snippet:-1, max-image-preview:large, max-video-preview:-1\" \/>\n<link rel=\"canonical\" href=\"https:\/\/canmauri.com\/ca\/menus-bodes-a-barcelona\/\" \/>\n<meta property=\"og:locale\" content=\"ca_ES\" \/>\n<meta property=\"og:type\" content=\"article\" \/>\n<meta property=\"og:title\" content=\"Salones y exteriores encantadores para eventos - Can Mauri\" \/>\n<meta property=\"og:description\" content=\"Can Mauri ofrece una variedad de espacios encantadores para eventos como sal\u00f3n piano y piedra, mirador. \u00a1Disfruta de la naturaleza y los paisajes \u00fanicos!\" \/>\n<meta property=\"og:url\" content=\"https:\/\/canmauri.com\/ca\/menus-bodes-a-barcelona\/\" \/>\n<meta property=\"og:site_name\" content=\"Can Mauri\" \/>\n<meta property=\"article:modified_time\" content=\"2025-03-07T10:56:48+00:00\" \/>\n<meta name=\"twitter:card\" content=\"summary_large_image\" \/>\n<meta name=\"twitter:label1\" content=\"Temps estimat de lectura\" \/>\n\t<meta name=\"twitter:data1\" content=\"3 minuts\" \/>\n<script type=\"application\/ld+json\" class=\"yoast-schema-graph\">{\"@context\":\"https:\/\/schema.org\",\"@graph\":[{\"@type\":\"WebPage\",\"@id\":\"https:\/\/canmauri.com\/ca\/menus-bodes-a-barcelona\/\",\"url\":\"https:\/\/canmauri.com\/ca\/menus-bodes-a-barcelona\/\",\"name\":\"Salones y exteriores encantadores para eventos - Can Mauri\",\"isPartOf\":{\"@id\":\"https:\/\/canmauri.com\/#website\"},\"datePublished\":\"2025-03-07T10:55:57+00:00\",\"dateModified\":\"2025-03-07T10:56:48+00:00\",\"description\":\"Can Mauri ofrece una variedad de espacios encantadores para eventos como sal\u00f3n piano y piedra, mirador. \u00a1Disfruta de la naturaleza y los paisajes \u00fanicos!\",\"breadcrumb\":{\"@id\":\"https:\/\/canmauri.com\/ca\/menus-bodes-a-barcelona\/#breadcrumb\"},\"inLanguage\":\"ca\",\"potentialAction\":[{\"@type\":\"ReadAction\",\"target\":[\"https:\/\/canmauri.com\/ca\/menus-bodes-a-barcelona\/\"]}]},{\"@type\":\"BreadcrumbList\",\"@id\":\"https:\/\/canmauri.com\/ca\/menus-bodes-a-barcelona\/#breadcrumb\",\"itemListElement\":[{\"@type\":\"ListItem\",\"position\":1,\"name\":\"Portada\",\"item\":\"https:\/\/canmauri.com\/ca\/\"},{\"@type\":\"ListItem\",\"position\":2,\"name\":\"Men\u00fas bodes a Barcelona\"}]},{\"@type\":\"WebSite\",\"@id\":\"https:\/\/canmauri.com\/#website\",\"url\":\"https:\/\/canmauri.com\/\",\"name\":\"Can Mauri\",\"description\":\"\",\"potentialAction\":[{\"@type\":\"SearchAction\",\"target\":{\"@type\":\"EntryPoint\",\"urlTemplate\":\"https:\/\/canmauri.com\/?s={search_term_string}\"},\"query-input\":{\"@type\":\"PropertyValueSpecification\",\"valueRequired\":true,\"valueName\":\"search_term_string\"}}],\"inLanguage\":\"ca\"}]}<\/script>\n<!-- \/ Yoast SEO plugin. -->","yoast_head_json":{"title":"Salones y exteriores encantadores para eventos - Can Mauri","description":"Can Mauri ofrece una variedad de espacios encantadores para eventos como sal\u00f3n piano y piedra, mirador. \u00a1Disfruta de la naturaleza y los paisajes \u00fanicos!","robots":{"index":"index","follow":"follow","max-snippet":"max-snippet:-1","max-image-preview":"max-image-preview:large","max-video-preview":"max-video-preview:-1"},"canonical":"https:\/\/canmauri.com\/ca\/menus-bodes-a-barcelona\/","og_locale":"ca_ES","og_type":"article","og_title":"Salones y exteriores encantadores para eventos - Can Mauri","og_description":"Can Mauri ofrece una variedad de espacios encantadores para eventos como sal\u00f3n piano y piedra, mirador. \u00a1Disfruta de la naturaleza y los paisajes \u00fanicos!","og_url":"https:\/\/canmauri.com\/ca\/menus-bodes-a-barcelona\/","og_site_name":"Can Mauri","article_modified_time":"2025-03-07T10:56:48+00:00","twitter_card":"summary_large_image","twitter_misc":{"Temps estimat de lectura":"3 minuts"},"schema":{"@context":"https:\/\/schema.org","@graph":[{"@type":"WebPage","@id":"https:\/\/canmauri.com\/ca\/menus-bodes-a-barcelona\/","url":"https:\/\/canmauri.com\/ca\/menus-bodes-a-barcelona\/","name":"Salones y exteriores encantadores para eventos - Can Mauri","isPartOf":{"@id":"https:\/\/canmauri.com\/#website"},"datePublished":"2025-03-07T10:55:57+00:00","dateModified":"2025-03-07T10:56:48+00:00","description":"Can Mauri ofrece una variedad de espacios encantadores para eventos como sal\u00f3n piano y piedra, mirador. \u00a1Disfruta de la naturaleza y los paisajes \u00fanicos!","breadcrumb":{"@id":"https:\/\/canmauri.com\/ca\/menus-bodes-a-barcelona\/#breadcrumb"},"inLanguage":"ca","potentialAction":[{"@type":"ReadAction","target":["https:\/\/canmauri.com\/ca\/menus-bodes-a-barcelona\/"]}]},{"@type":"BreadcrumbList","@id":"https:\/\/canmauri.com\/ca\/menus-bodes-a-barcelona\/#breadcrumb","itemListElement":[{"@type":"ListItem","position":1,"name":"Portada","item":"https:\/\/canmauri.com\/ca\/"},{"@type":"ListItem","position":2,"name":"Men\u00fas bodes a Barcelona"}]},{"@type":"WebSite","@id":"https:\/\/canmauri.com\/#website","url":"https:\/\/canmauri.com\/","name":"Can Mauri","description":"","potentialAction":[{"@type":"SearchAction","target":{"@type":"EntryPoint","urlTemplate":"https:\/\/canmauri.com\/?s={search_term_string}"},"query-input":{"@type":"PropertyValueSpecification","valueRequired":true,"valueName":"search_term_string"}}],"inLanguage":"ca"}]}},"_links":{"self":[{"href":"https:\/\/canmauri.com\/ca\/wp-json\/wp\/v2\/pages\/7216","targetHints":{"allow":["GET"]}}],"collection":[{"href":"https:\/\/canmauri.com\/ca\/wp-json\/wp\/v2\/pages"}],"about":[{"href":"https:\/\/canmauri.com\/ca\/wp-json\/wp\/v2\/types\/page"}],"author":[{"embeddable":true,"href":"https:\/\/canmauri.com\/ca\/wp-json\/wp\/v2\/users\/7"}],"replies":[{"embeddable":true,"href":"https:\/\/canmauri.com\/ca\/wp-json\/wp\/v2\/comments?post=7216"}],"version-history":[{"count":3,"href":"https:\/\/canmauri.com\/ca\/wp-json\/wp\/v2\/pages\/7216\/revisions"}],"predecessor-version":[{"id":7228,"href":"https:\/\/canmauri.com\/ca\/wp-json\/wp\/v2\/pages\/7216\/revisions\/7228"}],"wp:attachment":[{"href":"https:\/\/canmauri.com\/ca\/wp-json\/wp\/v2\/media?parent=7216"}],"curies":[{"name":"wp","href":"https:\/\/api.w.org\/{rel}","templated":true}]}}