{"id":6061,"date":"2022-10-19T10:24:35","date_gmt":"2022-10-19T10:24:35","guid":{"rendered":"https:\/\/canmauri.com\/?page_id=6061"},"modified":"2022-10-31T08:59:55","modified_gmt":"2022-10-31T08:59:55","slug":"joc-de-cartes","status":"publish","type":"page","link":"https:\/\/canmauri.com\/ca\/joc-de-cartes\/","title":{"rendered":"Joc de cartes"},"content":{"rendered":"<div class=\"wpb-content-wrapper\"><p>[vc_row full_width=&#8221;stretch_row&#8221; bg_type=&#8221;image&#8221; bg_image_new=&#8221;6063&#8243; bg_image_repeat=&#8221;no-repeat&#8221;][vc_column css=&#8221;.vc_custom_1666174706868{background-position: center !important;background-repeat: no-repeat !important;background-size: cover !important;}&#8221;]<div class=\"boc_spacing \" style=\"height: 220px\"><\/div>[vc_column_text el_class=&#8221;tituloMenu&#8221;]<\/p>\n<h1 style=\"text-align: center;\">Joc de cartes<\/h1>\n<p>[\/vc_column_text]<div class=\"boc_spacing \" style=\"height: 100px\"><\/div>[\/vc_column][\/vc_row][vc_row][vc_column]<div class=\"boc_spacing \" style=\"height: 50px\"><\/div><h2 class=\"boc_heading  al_left  \"  style=\"margin-bottom: 20px;margin-top: 0px;color: #ceb04e;\"><span>La sisena temporada del programa \u201cJoc de cartes\u201d de TV3 arrenca amb for\u00e7a i plena de novetats i Can Mauri est\u00e0 entre elles!<\/span><\/h2><div class=\"boc_divider_holder\"><div class=\"boc_divider  \"  style=\"margin-top: 20px;margin-bottom: 20px;height: 1px;background: #eeeeee;\"><\/div><\/div>[vc_row_inner gap=&#8221;35&#8243; css=&#8221;.vc_custom_1639384734539{margin-bottom: 0px !important;}&#8221;][vc_column_inner width=&#8221;1\/2&#8243;][vc_column_text el_class=&#8221;text&#8221;]<\/p>\n<p style=\"text-align: justify;\">En aquest primer cap\u00edtol Marc Ribas visita el Vall\u00e8s Occidental per a buscar a quatre cuiners joves que competiran per a convertir-se en el millor xef de la comarca, demostrant que el talent no ent\u00e9n d&#8217;edats i que tenen la responsabilitat de deixar el llist\u00f3 de les noves generacions en cuina ben alt.<\/p>\n<p style=\"text-align: justify;\">La ruta s&#8217;inicia a Poliny\u00e0, en el nostre restaurant <strong>Can Mauri<\/strong>, on el nostre <strong>xef \u00c0lex Ruano posa tota la carn a la graella per a llaurar-se un lloc i deixar el seu segell i ess\u00e8ncia en la cuina, <\/strong>amb plats plens de frescor i t\u00e8cnica, amb una excel\u00b7lent mat\u00e8ria primera de proximitat<strong>.<\/strong> \u00c0lex competir\u00e0 en aquesta aventura amb altres tres candidats: V\u00edctor Pajares, xef de \u201cEl Cargol Daurat\u201d de Terrassa, Cristina Veloso, xef que amb tan sols 22 anys al capdavant de Kisamba, un restaurant japon\u00e8s que fusiona la cuina hawaiana i brasilera a Sabadell, i Sergi Cobadela, el cuiner de Ca Sidro que, encara no tenint formaci\u00f3 pr\u00e8via, afronta aquest nou repte ple de convicci\u00f3 i passi\u00f3 pel seu treball.<\/p>\n<p style=\"text-align: justify;\">Tots hauran de demostrar en aquest programa el seu jove talent i competiran per a ser mereixedors de rebre el \u201cplat estrella\u201d, aquell que entre ells destaqui per ser el preferit de Marc Ribas, valorant l&#8217;equilibri entre els ingredients, la identificaci\u00f3 amb el territori i el que es pugui replicar amb major facilitat.<\/p>\n<p style=\"text-align: justify;\">El restaurant que l&#8217;hagi elaborat s&#8217;emportar\u00e0 0,5 punts m\u00e9s per a la nota final per a convertir en guanyador al qual l&#8217;hagi cuinat.<\/p>\n<p style=\"text-align: justify;\">Qui ser\u00e0 el guanyador? Aviat ho sabrem.<\/p>\n<p>[\/vc_column_text][\/vc_column_inner][vc_column_inner width=&#8221;1\/2&#8243;]<div class=\"boc_spacing \" style=\"height: 10px\"><\/div>[vc_single_image img_size=&#8221;boc_medium&#8221; onclick=&#8221;custom_link&#8221; img_link_target=&#8221;_blank&#8221; image=&#8221;6089&#8243; link=&#8221;https:\/\/www.ccma.cat\/tv3\/joc-de-cartes\/la-sisena-temporada-dejoc-de-cartesarriba-plenade-novetats\/noticia\/3189970\/&#8221;]<a\thref=\"https:\/\/www.ccma.cat\/tv3\/joc-de-cartes\/la-sisena-temporada-dejoc-de-cartesarriba-plenade-novetats\/noticia\/3189970\/\" \n\t\t\t\tclass=\"button btn_large btn_theme_color btn_rounded btn_normal_style icon_pos_before   \"  target='_blank'> <i class='icon icon-plus4'><\/i> <span>M\u00c9S INFORMACI\u00d3<\/span><\/a>[\/vc_column_inner][\/vc_row_inner][\/vc_column][\/vc_row][vc_row full_width=&#8221;stretch_row_content_no_spaces&#8221;][vc_column]<div class=\"boc_spacing \" style=\"height: 20px\"><\/div>[\/vc_column][\/vc_row][vc_row][vc_column][vc_single_image img_size=&#8221;boc_medium&#8221; onclick=&#8221;custom_link&#8221; img_link_target=&#8221;_blank&#8221; image=&#8221;6127&#8243; link=&#8221;https:\/\/www.ccma.cat\/tv3\/alacarta\/joc-de-cartes\/el-millor-xef-jove-del-valles-occidental\/video\/6179998\/&#8221;]<a\thref=\"https:\/\/www.ccma.cat\/tv3\/alacarta\/joc-de-cartes\/el-millor-xef-jove-del-valles-occidental\/video\/6179998\/\" \n\t\t\t\tclass=\"button btn_medium btn_theme_color btn_squared btn_normal_style    \"  target='_blank'><span>VEURE PROGRAMA<\/span><\/a><div class=\"boc_spacing \" style=\"height: 10px\"><\/div>[vc_column_text]<\/p>\n<h3 style=\"text-align: justify;\"><strong>\u00c0LEX RUANO, XEF DE CAN MAURI, ES PROCLAMA GUANYADOR EN &#8220;JOC DE CARTES&#8221;<\/strong><\/h3>\n<hr \/>\n<p style=\"text-align: justify;\">El nostre xef rep un merescut reconeixement, quedant com a guanyador del programa de TV3 Joc de cartes, com el millor xef jove del Vall\u00e8s Occidental. Us deixem l&#8217;enlla\u00e7 al programa per si encara no heu pogut veure&#8217;l. Moltes gr\u00e0cies per tot el suport mostrat.<\/p>\n<p>[\/vc_column_text][vc_column_text]Enlla\u00e7os d&#8217;inter\u00e8s:<\/p>\n<p>https:\/\/www.diaridesabadell.com\/2022\/10\/20\/alex-ruano-can-mauri-joc-de-cartes-tv3\/[\/vc_column_text][\/vc_column][\/vc_row][vc_row full_width=&#8221;stretch_row_content_no_spaces&#8221;][vc_column]<div class=\"boc_spacing \" style=\"height: 20px\"><\/div>[\/vc_column][\/vc_row]<\/p>\n<\/div>","protected":false},"excerpt":{"rendered":"<p>[vc_row full_width=&#8221;stretch_row&#8221; bg_type=&#8221;image&#8221; bg_image_new=&#8221;6063&#8243; bg_image_repeat=&#8221;no-repeat&#8221;][vc_column css=&#8221;.vc_custom_1666174706868{background-position: center !important;background-repeat: no-repeat !important;background-size: cover !important;}&#8221;][vc_column_text el_class=&#8221;tituloMenu&#8221;] Joc de cartes [\/vc_column_text][\/vc_column][\/vc_row][vc_row][vc_column][vc_row_inner gap=&#8221;35&#8243; css=&#8221;.vc_custom_1639384734539{margin-bottom: 0px !important;}&#8221;][vc_column_inner width=&#8221;1\/2&#8243;][vc_column_text el_class=&#8221;text&#8221;] En aquest primer cap\u00edtol Marc Ribas visita el Vall\u00e8s Occidental per a buscar a quatre cuiners joves que competiran per a convertir-se en el millor xef de la comarca, demostrant que el talent no ent\u00e9n d&#8217;edats i<\/p>\n<div class=\"h10\"><\/div>\n<p><a class=\"more-link1\" href=\"https:\/\/canmauri.com\/ca\/joc-de-cartes\/\">Read more<\/a><\/p>\n","protected":false},"author":7,"featured_media":0,"parent":0,"menu_order":0,"comment_status":"closed","ping_status":"closed","template":"","meta":{"_vp_format_video_url":"","_vp_image_focal_point":[],"footnotes":""},"class_list":["post-6061","page","type-page","status-publish","hentry"],"yoast_head":"<!-- This site is optimized with the Yoast SEO plugin v26.2 - https:\/\/yoast.com\/wordpress\/plugins\/seo\/ -->\n<title>Joc de cartes - Can Mauri<\/title>\n<meta name=\"robots\" content=\"index, follow, max-snippet:-1, max-image-preview:large, max-video-preview:-1\" \/>\n<link rel=\"canonical\" href=\"https:\/\/canmauri.com\/ca\/joc-de-cartes\/\" \/>\n<meta property=\"og:locale\" content=\"ca_ES\" \/>\n<meta property=\"og:type\" content=\"article\" \/>\n<meta property=\"og:title\" content=\"Joc de cartes - Can Mauri\" \/>\n<meta property=\"og:description\" content=\"[vc_row full_width=&#8221;stretch_row&#8221; bg_type=&#8221;image&#8221; bg_image_new=&#8221;6063&#8243; bg_image_repeat=&#8221;no-repeat&#8221;][vc_column css=&#8221;.vc_custom_1666174706868{background-position: center !important;background-repeat: no-repeat !important;background-size: cover !important;}&#8221;][vc_column_text el_class=&#8221;tituloMenu&#8221;] Joc de cartes [\/vc_column_text][\/vc_column][\/vc_row][vc_row][vc_column][vc_row_inner gap=&#8221;35&#8243; css=&#8221;.vc_custom_1639384734539{margin-bottom: 0px !important;}&#8221;][vc_column_inner width=&#8221;1\/2&#8243;][vc_column_text el_class=&#8221;text&#8221;] En aquest primer cap\u00edtol Marc Ribas visita el Vall\u00e8s Occidental per a buscar a quatre cuiners joves que competiran per a convertir-se en el millor xef de la comarca, demostrant que el talent no ent\u00e9n d&#8217;edats iRead more\" \/>\n<meta property=\"og:url\" content=\"https:\/\/canmauri.com\/joc-de-cartes\/\" \/>\n<meta property=\"og:site_name\" content=\"Can Mauri\" \/>\n<meta property=\"article:modified_time\" content=\"2022-10-31T08:59:55+00:00\" \/>\n<meta name=\"twitter:card\" content=\"summary_large_image\" \/>\n<meta name=\"twitter:label1\" content=\"Temps estimat de lectura\" \/>\n\t<meta name=\"twitter:data1\" content=\"3 minuts\" \/>\n<script type=\"application\/ld+json\" class=\"yoast-schema-graph\">{\"@context\":\"https:\/\/schema.org\",\"@graph\":[{\"@type\":\"WebPage\",\"@id\":\"https:\/\/canmauri.com\/joc-de-cartes\/\",\"url\":\"https:\/\/canmauri.com\/joc-de-cartes\/\",\"name\":\"Joc de cartes - Can Mauri\",\"isPartOf\":{\"@id\":\"https:\/\/canmauri.com\/#website\"},\"datePublished\":\"2022-10-19T10:24:35+00:00\",\"dateModified\":\"2022-10-31T08:59:55+00:00\",\"breadcrumb\":{\"@id\":\"https:\/\/canmauri.com\/joc-de-cartes\/#breadcrumb\"},\"inLanguage\":\"ca\",\"potentialAction\":[{\"@type\":\"ReadAction\",\"target\":[\"https:\/\/canmauri.com\/joc-de-cartes\/\"]}]},{\"@type\":\"BreadcrumbList\",\"@id\":\"https:\/\/canmauri.com\/joc-de-cartes\/#breadcrumb\",\"itemListElement\":[{\"@type\":\"ListItem\",\"position\":1,\"name\":\"Portada\",\"item\":\"https:\/\/canmauri.com\/ca\/\"},{\"@type\":\"ListItem\",\"position\":2,\"name\":\"Joc de cartes\"}]},{\"@type\":\"WebSite\",\"@id\":\"https:\/\/canmauri.com\/#website\",\"url\":\"https:\/\/canmauri.com\/\",\"name\":\"Can Mauri\",\"description\":\"\",\"potentialAction\":[{\"@type\":\"SearchAction\",\"target\":{\"@type\":\"EntryPoint\",\"urlTemplate\":\"https:\/\/canmauri.com\/?s={search_term_string}\"},\"query-input\":{\"@type\":\"PropertyValueSpecification\",\"valueRequired\":true,\"valueName\":\"search_term_string\"}}],\"inLanguage\":\"ca\"}]}<\/script>\n<!-- \/ Yoast SEO plugin. -->","yoast_head_json":{"title":"Joc de cartes - Can Mauri","robots":{"index":"index","follow":"follow","max-snippet":"max-snippet:-1","max-image-preview":"max-image-preview:large","max-video-preview":"max-video-preview:-1"},"canonical":"https:\/\/canmauri.com\/ca\/joc-de-cartes\/","og_locale":"ca_ES","og_type":"article","og_title":"Joc de cartes - Can Mauri","og_description":"[vc_row full_width=&#8221;stretch_row&#8221; bg_type=&#8221;image&#8221; bg_image_new=&#8221;6063&#8243; bg_image_repeat=&#8221;no-repeat&#8221;][vc_column css=&#8221;.vc_custom_1666174706868{background-position: center !important;background-repeat: no-repeat !important;background-size: cover !important;}&#8221;][vc_column_text el_class=&#8221;tituloMenu&#8221;] Joc de cartes [\/vc_column_text][\/vc_column][\/vc_row][vc_row][vc_column][vc_row_inner gap=&#8221;35&#8243; css=&#8221;.vc_custom_1639384734539{margin-bottom: 0px !important;}&#8221;][vc_column_inner width=&#8221;1\/2&#8243;][vc_column_text el_class=&#8221;text&#8221;] En aquest primer cap\u00edtol Marc Ribas visita el Vall\u00e8s Occidental per a buscar a quatre cuiners joves que competiran per a convertir-se en el millor xef de la comarca, demostrant que el talent no ent\u00e9n d&#8217;edats iRead more","og_url":"https:\/\/canmauri.com\/joc-de-cartes\/","og_site_name":"Can Mauri","article_modified_time":"2022-10-31T08:59:55+00:00","twitter_card":"summary_large_image","twitter_misc":{"Temps estimat de lectura":"3 minuts"},"schema":{"@context":"https:\/\/schema.org","@graph":[{"@type":"WebPage","@id":"https:\/\/canmauri.com\/joc-de-cartes\/","url":"https:\/\/canmauri.com\/joc-de-cartes\/","name":"Joc de cartes - Can Mauri","isPartOf":{"@id":"https:\/\/canmauri.com\/#website"},"datePublished":"2022-10-19T10:24:35+00:00","dateModified":"2022-10-31T08:59:55+00:00","breadcrumb":{"@id":"https:\/\/canmauri.com\/joc-de-cartes\/#breadcrumb"},"inLanguage":"ca","potentialAction":[{"@type":"ReadAction","target":["https:\/\/canmauri.com\/joc-de-cartes\/"]}]},{"@type":"BreadcrumbList","@id":"https:\/\/canmauri.com\/joc-de-cartes\/#breadcrumb","itemListElement":[{"@type":"ListItem","position":1,"name":"Portada","item":"https:\/\/canmauri.com\/ca\/"},{"@type":"ListItem","position":2,"name":"Joc de cartes"}]},{"@type":"WebSite","@id":"https:\/\/canmauri.com\/#website","url":"https:\/\/canmauri.com\/","name":"Can Mauri","description":"","potentialAction":[{"@type":"SearchAction","target":{"@type":"EntryPoint","urlTemplate":"https:\/\/canmauri.com\/?s={search_term_string}"},"query-input":{"@type":"PropertyValueSpecification","valueRequired":true,"valueName":"search_term_string"}}],"inLanguage":"ca"}]}},"_links":{"self":[{"href":"https:\/\/canmauri.com\/ca\/wp-json\/wp\/v2\/pages\/6061","targetHints":{"allow":["GET"]}}],"collection":[{"href":"https:\/\/canmauri.com\/ca\/wp-json\/wp\/v2\/pages"}],"about":[{"href":"https:\/\/canmauri.com\/ca\/wp-json\/wp\/v2\/types\/page"}],"author":[{"embeddable":true,"href":"https:\/\/canmauri.com\/ca\/wp-json\/wp\/v2\/users\/7"}],"replies":[{"embeddable":true,"href":"https:\/\/canmauri.com\/ca\/wp-json\/wp\/v2\/comments?post=6061"}],"version-history":[{"count":19,"href":"https:\/\/canmauri.com\/ca\/wp-json\/wp\/v2\/pages\/6061\/revisions"}],"predecessor-version":[{"id":6140,"href":"https:\/\/canmauri.com\/ca\/wp-json\/wp\/v2\/pages\/6061\/revisions\/6140"}],"wp:attachment":[{"href":"https:\/\/canmauri.com\/ca\/wp-json\/wp\/v2\/media?parent=6061"}],"curies":[{"name":"wp","href":"https:\/\/api.w.org\/{rel}","templated":true}]}}