{"id":6031,"date":"2022-10-17T08:12:43","date_gmt":"2022-10-17T08:12:43","guid":{"rendered":"https:\/\/canmauri.com\/?page_id=6031"},"modified":"2025-10-13T12:37:50","modified_gmt":"2025-10-13T10:37:50","slug":"menu-dia-de-reis-2026","status":"publish","type":"page","link":"https:\/\/canmauri.com\/ca\/menu-dia-de-reis-2026\/","title":{"rendered":"Men\u00fa dia de reis 2026"},"content":{"rendered":"<div class=\"wpb-content-wrapper\"><p>[vc_row full_width=&#8221;stretch_row&#8221; bg_type=&#8221;image&#8221; bg_image_new=&#8221;6044&#8243; bg_image_repeat=&#8221;no-repeat&#8221;][vc_column]<div class=\"boc_spacing \" style=\"height: 250px\"><\/div>[vc_column_text el_class=&#8221;tituloMenu&#8221;]<\/p>\n<h1 style=\"text-align: center;\">Men\u00fa dia de reis 2026<\/h1>\n<p>[\/vc_column_text]<div class=\"boc_spacing \" style=\"height: 20px\"><\/div>[vc_column_text el_class=&#8221;subtituloMenu&#8221;]<\/p>\n<p style=\"text-align: center;\">Delecta el teu paladar amb un dels nostres deliciosos men\u00fas<\/p>\n<p>[\/vc_column_text]<div class=\"boc_spacing \" style=\"height: 100px\"><\/div>[\/vc_column][\/vc_row][vc_row][vc_column]<div class=\"boc_spacing \" style=\"height: 50px\"><\/div>[vc_row_inner gap=&#8221;35&#8243; css=&#8221;.vc_custom_1639384734539{margin-bottom: 0px !important;}&#8221;][vc_column_inner width=&#8221;2\/3&#8243;]<h2 class=\"boc_heading  al_left  \"  style=\"margin-bottom: 20px;margin-top: 0px;color: #ceb04e;\"><span>CELEBRA EL DIA DE REIS A CAN MAURI<\/span><\/h2>[vc_column_text el_class=&#8221;text&#8221;]<\/p>\n<h3 class=\"tituloHome\">Men\u00fa dia de reis 2026<\/h3>\n<p style=\"text-align: justify;\">En Can Mauri ens encanta poder oferir la millor experi\u00e8ncia en un dia tan important, com \u00e9s el dia de reis. Vine i prova la millor gastronomia pensada per a convertir en inoblidable i diferent un dia tan important com el de reis.<\/p>\n<p>[\/vc_column_text]<a\thref=\"\/wp-content\/uploads\/2025\/10\/REIS-26-1.pdf\" \n\t\t\t\tclass=\"button btn_medium btn_theme_color btn_rounded btn_normal_style    \"  target='_blank'><span>Men\u00fa dia de reis<\/span><\/a>[\/vc_column_inner][vc_column_inner width=&#8221;1\/3&#8243; offset=&#8221;vc_hidden-sm vc_hidden-xs&#8221;][\/vc_column_inner][\/vc_row_inner][\/vc_column][\/vc_row][vc_row full_width=&#8221;stretch_row_content_no_spaces&#8221;][vc_column]<div class=\"boc_spacing \" style=\"height: 60px\"><\/div>[\/vc_column][\/vc_row]<\/p>\n<\/div>","protected":false},"excerpt":{"rendered":"<p>[vc_row full_width=&#8221;stretch_row&#8221; bg_type=&#8221;image&#8221; bg_image_new=&#8221;6044&#8243; bg_image_repeat=&#8221;no-repeat&#8221;][vc_column][vc_column_text el_class=&#8221;tituloMenu&#8221;] Men\u00fa dia de reis 2026 [\/vc_column_text][vc_column_text el_class=&#8221;subtituloMenu&#8221;] Delecta el teu paladar amb un dels nostres deliciosos men\u00fas [\/vc_column_text][\/vc_column][\/vc_row][vc_row][vc_column][vc_row_inner gap=&#8221;35&#8243; css=&#8221;.vc_custom_1639384734539{margin-bottom: 0px !important;}&#8221;][vc_column_inner width=&#8221;2\/3&#8243;][vc_column_text el_class=&#8221;text&#8221;] Men\u00fa dia de reis 2026 En Can Mauri ens encanta poder oferir la millor experi\u00e8ncia en un dia tan important, com \u00e9s el dia de reis. Vine i prova la<\/p>\n<div class=\"h10\"><\/div>\n<p><a class=\"more-link1\" href=\"https:\/\/canmauri.com\/ca\/menu-dia-de-reis-2026\/\">Read more<\/a><\/p>\n","protected":false},"author":7,"featured_media":0,"parent":0,"menu_order":0,"comment_status":"closed","ping_status":"closed","template":"","meta":{"_vp_format_video_url":"","_vp_image_focal_point":[],"footnotes":""},"class_list":["post-6031","page","type-page","status-publish","hentry"],"yoast_head":"<!-- This site is optimized with the Yoast SEO plugin v26.2 - https:\/\/yoast.com\/wordpress\/plugins\/seo\/ -->\n<title>Men\u00fa dia de reis 2026 - Can Mauri<\/title>\n<meta name=\"robots\" content=\"index, follow, max-snippet:-1, max-image-preview:large, max-video-preview:-1\" \/>\n<link rel=\"canonical\" href=\"https:\/\/canmauri.com\/ca\/menu-dia-de-reis-2026\/\" \/>\n<meta property=\"og:locale\" content=\"ca_ES\" \/>\n<meta property=\"og:type\" content=\"article\" \/>\n<meta property=\"og:title\" content=\"Men\u00fa dia de reis 2026 - Can Mauri\" \/>\n<meta property=\"og:description\" content=\"[vc_row full_width=&#8221;stretch_row&#8221; bg_type=&#8221;image&#8221; bg_image_new=&#8221;6044&#8243; bg_image_repeat=&#8221;no-repeat&#8221;][vc_column][vc_column_text el_class=&#8221;tituloMenu&#8221;] Men\u00fa dia de reis 2026 [\/vc_column_text][vc_column_text el_class=&#8221;subtituloMenu&#8221;] Delecta el teu paladar amb un dels nostres deliciosos men\u00fas [\/vc_column_text][\/vc_column][\/vc_row][vc_row][vc_column][vc_row_inner gap=&#8221;35&#8243; css=&#8221;.vc_custom_1639384734539{margin-bottom: 0px !important;}&#8221;][vc_column_inner width=&#8221;2\/3&#8243;][vc_column_text el_class=&#8221;text&#8221;] Men\u00fa dia de reis 2026 En Can Mauri ens encanta poder oferir la millor experi\u00e8ncia en un dia tan important, com \u00e9s el dia de reis. Vine i prova laRead more\" \/>\n<meta property=\"og:url\" content=\"https:\/\/canmauri.com\/ca\/menu-dia-de-reis-2026\/\" \/>\n<meta property=\"og:site_name\" content=\"Can Mauri\" \/>\n<meta property=\"article:modified_time\" content=\"2025-10-13T10:37:50+00:00\" \/>\n<meta name=\"twitter:card\" content=\"summary_large_image\" \/>\n<meta name=\"twitter:label1\" content=\"Temps estimat de lectura\" \/>\n\t<meta name=\"twitter:data1\" content=\"1 minut\" \/>\n<script type=\"application\/ld+json\" class=\"yoast-schema-graph\">{\"@context\":\"https:\/\/schema.org\",\"@graph\":[{\"@type\":\"WebPage\",\"@id\":\"https:\/\/canmauri.com\/ca\/menu-dia-de-reis-2026\/\",\"url\":\"https:\/\/canmauri.com\/ca\/menu-dia-de-reis-2026\/\",\"name\":\"Men\u00fa dia de reis 2026 - Can Mauri\",\"isPartOf\":{\"@id\":\"https:\/\/canmauri.com\/#website\"},\"datePublished\":\"2022-10-17T08:12:43+00:00\",\"dateModified\":\"2025-10-13T10:37:50+00:00\",\"breadcrumb\":{\"@id\":\"https:\/\/canmauri.com\/ca\/menu-dia-de-reis-2026\/#breadcrumb\"},\"inLanguage\":\"ca\",\"potentialAction\":[{\"@type\":\"ReadAction\",\"target\":[\"https:\/\/canmauri.com\/ca\/menu-dia-de-reis-2026\/\"]}]},{\"@type\":\"BreadcrumbList\",\"@id\":\"https:\/\/canmauri.com\/ca\/menu-dia-de-reis-2026\/#breadcrumb\",\"itemListElement\":[{\"@type\":\"ListItem\",\"position\":1,\"name\":\"Portada\",\"item\":\"https:\/\/canmauri.com\/ca\/\"},{\"@type\":\"ListItem\",\"position\":2,\"name\":\"Men\u00fa dia de reis 2026\"}]},{\"@type\":\"WebSite\",\"@id\":\"https:\/\/canmauri.com\/#website\",\"url\":\"https:\/\/canmauri.com\/\",\"name\":\"Can Mauri\",\"description\":\"\",\"potentialAction\":[{\"@type\":\"SearchAction\",\"target\":{\"@type\":\"EntryPoint\",\"urlTemplate\":\"https:\/\/canmauri.com\/?s={search_term_string}\"},\"query-input\":{\"@type\":\"PropertyValueSpecification\",\"valueRequired\":true,\"valueName\":\"search_term_string\"}}],\"inLanguage\":\"ca\"}]}<\/script>\n<!-- \/ Yoast SEO plugin. -->","yoast_head_json":{"title":"Men\u00fa dia de reis 2026 - Can Mauri","robots":{"index":"index","follow":"follow","max-snippet":"max-snippet:-1","max-image-preview":"max-image-preview:large","max-video-preview":"max-video-preview:-1"},"canonical":"https:\/\/canmauri.com\/ca\/menu-dia-de-reis-2026\/","og_locale":"ca_ES","og_type":"article","og_title":"Men\u00fa dia de reis 2026 - Can Mauri","og_description":"[vc_row full_width=&#8221;stretch_row&#8221; bg_type=&#8221;image&#8221; bg_image_new=&#8221;6044&#8243; bg_image_repeat=&#8221;no-repeat&#8221;][vc_column][vc_column_text el_class=&#8221;tituloMenu&#8221;] Men\u00fa dia de reis 2026 [\/vc_column_text][vc_column_text el_class=&#8221;subtituloMenu&#8221;] Delecta el teu paladar amb un dels nostres deliciosos men\u00fas [\/vc_column_text][\/vc_column][\/vc_row][vc_row][vc_column][vc_row_inner gap=&#8221;35&#8243; css=&#8221;.vc_custom_1639384734539{margin-bottom: 0px !important;}&#8221;][vc_column_inner width=&#8221;2\/3&#8243;][vc_column_text el_class=&#8221;text&#8221;] Men\u00fa dia de reis 2026 En Can Mauri ens encanta poder oferir la millor experi\u00e8ncia en un dia tan important, com \u00e9s el dia de reis. Vine i prova laRead more","og_url":"https:\/\/canmauri.com\/ca\/menu-dia-de-reis-2026\/","og_site_name":"Can Mauri","article_modified_time":"2025-10-13T10:37:50+00:00","twitter_card":"summary_large_image","twitter_misc":{"Temps estimat de lectura":"1 minut"},"schema":{"@context":"https:\/\/schema.org","@graph":[{"@type":"WebPage","@id":"https:\/\/canmauri.com\/ca\/menu-dia-de-reis-2026\/","url":"https:\/\/canmauri.com\/ca\/menu-dia-de-reis-2026\/","name":"Men\u00fa dia de reis 2026 - Can Mauri","isPartOf":{"@id":"https:\/\/canmauri.com\/#website"},"datePublished":"2022-10-17T08:12:43+00:00","dateModified":"2025-10-13T10:37:50+00:00","breadcrumb":{"@id":"https:\/\/canmauri.com\/ca\/menu-dia-de-reis-2026\/#breadcrumb"},"inLanguage":"ca","potentialAction":[{"@type":"ReadAction","target":["https:\/\/canmauri.com\/ca\/menu-dia-de-reis-2026\/"]}]},{"@type":"BreadcrumbList","@id":"https:\/\/canmauri.com\/ca\/menu-dia-de-reis-2026\/#breadcrumb","itemListElement":[{"@type":"ListItem","position":1,"name":"Portada","item":"https:\/\/canmauri.com\/ca\/"},{"@type":"ListItem","position":2,"name":"Men\u00fa dia de reis 2026"}]},{"@type":"WebSite","@id":"https:\/\/canmauri.com\/#website","url":"https:\/\/canmauri.com\/","name":"Can Mauri","description":"","potentialAction":[{"@type":"SearchAction","target":{"@type":"EntryPoint","urlTemplate":"https:\/\/canmauri.com\/?s={search_term_string}"},"query-input":{"@type":"PropertyValueSpecification","valueRequired":true,"valueName":"search_term_string"}}],"inLanguage":"ca"}]}},"_links":{"self":[{"href":"https:\/\/canmauri.com\/ca\/wp-json\/wp\/v2\/pages\/6031","targetHints":{"allow":["GET"]}}],"collection":[{"href":"https:\/\/canmauri.com\/ca\/wp-json\/wp\/v2\/pages"}],"about":[{"href":"https:\/\/canmauri.com\/ca\/wp-json\/wp\/v2\/types\/page"}],"author":[{"embeddable":true,"href":"https:\/\/canmauri.com\/ca\/wp-json\/wp\/v2\/users\/7"}],"replies":[{"embeddable":true,"href":"https:\/\/canmauri.com\/ca\/wp-json\/wp\/v2\/comments?post=6031"}],"version-history":[{"count":14,"href":"https:\/\/canmauri.com\/ca\/wp-json\/wp\/v2\/pages\/6031\/revisions"}],"predecessor-version":[{"id":7906,"href":"https:\/\/canmauri.com\/ca\/wp-json\/wp\/v2\/pages\/6031\/revisions\/7906"}],"wp:attachment":[{"href":"https:\/\/canmauri.com\/ca\/wp-json\/wp\/v2\/media?parent=6031"}],"curies":[{"name":"wp","href":"https:\/\/api.w.org\/{rel}","templated":true}]}}