{"id":1267,"date":"2022-03-07T09:32:00","date_gmt":"2022-03-07T09:32:00","guid":{"rendered":"https:\/\/new.canmauri.com\/?page_id=1267"},"modified":"2022-03-07T12:45:03","modified_gmt":"2022-03-07T12:45:03","slug":"empreses","status":"publish","type":"page","link":"https:\/\/canmauri.com\/ca\/empreses\/","title":{"rendered":"Empreses"},"content":{"rendered":"<div class=\"wpb-content-wrapper\"><p>[vc_row full_width=&#8221;stretch_row&#8221; bg_type=&#8221;image&#8221; bg_image_new=&#8221;1246&#8243; bg_image_repeat=&#8221;no-repeat&#8221;][vc_column]<div class=\"boc_spacing \" style=\"height: 200px\"><\/div>[vc_column_text el_class=&#8221;tituloMenu&#8221;]<\/p>\n<h1 style=\"text-align: center;\"><span style=\"color: #ffffff;\">Esdeveniments per a empreses<\/span><\/h1>\n<p>[\/vc_column_text]<div class=\"boc_spacing \" style=\"height: 100px\"><\/div>[\/vc_column][\/vc_row][vc_row gap=&#8221;35&#8243;][vc_column width=&#8221;1\/3&#8243;][vc_column_text]<\/p>\n<h3 style=\"text-align: center;\"><strong>Can Mauri per a esdeveniments d&#8217;empreses<\/strong><\/h3>\n<p>[\/vc_column_text][vc_single_image image=&#8221;270&#8243;][vc_column_text]<\/p>\n<p style=\"text-align: justify;\">Celebra reunions i congressos d&#8217;all\u00f2 m\u00e9s productius en Ca Mauri. La nostra masia compta amb diferents salons i espais adaptables per als teus esdeveniments d&#8217;empresa, confer\u00e8ncies i reunions. Elaborem un men\u00fa pensat exclusivament per a vosaltres i les necessitats del vostre equip.<\/p>\n<p>[\/vc_column_text][\/vc_column][vc_column width=&#8221;1\/3&#8243;][vc_column_text]<\/p>\n<h3 style=\"text-align: center;\"><strong>Ara tamb\u00e9 en les vostres instal\u00b7lacions<\/strong><\/h3>\n<p>[\/vc_column_text][vc_single_image image=&#8221;1109&#8243;][vc_column_text]<\/p>\n<p style=\"text-align: justify;\">Can Mauri tamb\u00e9 pot despla\u00e7ar-se a les vostres instal\u00b7lacions i organitzar tot el necessari perqu\u00e8 el vostre esdeveniment sigui perfecte. Amb tota la informaci\u00f3 sobre els comensals i l&#8217;estructura d&#8217;aquest dia, ens encarregarem de tots els detalls perqu\u00e8 surti a la perfecci\u00f3.<\/p>\n<p>[\/vc_column_text][\/vc_column][vc_column width=&#8221;1\/3&#8243;][vc_column_text]<\/p>\n<h3 style=\"text-align: center;\"><strong>Un sopar d&#8217;empresa o una reuni\u00f3 afterwork?<\/strong><\/h3>\n<p>[\/vc_column_text][vc_single_image image=&#8221;1225&#8243;][vc_column_text]<\/p>\n<p style=\"text-align: justify;\">Troba un espai perfecte per a desconnectar despr\u00e9s del treball o per a millorar la gesti\u00f3 del teu equip en un entorn \u00fanic.<\/p>\n<p>[\/vc_column_text][\/vc_column][\/vc_row][vc_row gap=&#8221;15&#8243;][vc_column]<div class=\"boc_spacing \" style=\"height: 60px\"><\/div>[vc_column_text]<\/p>\n<h2 style=\"text-align: center;\"><strong>Propostes de men\u00fa exclusives<\/strong><\/h2>\n<p style=\"text-align: center;\">Descobreix el nostre men\u00fa d&#8217;empreses, delecta&#8217;t amb el nostre men\u00fa per a passar un dia inoblidable.<\/p>\n<p style=\"text-align: center;\">Compta&#8217;ns el que teniu pensat i prepararem una opci\u00f3 a mesura i personalitzada a les vostres necessitats.<\/p>\n<p>[\/vc_column_text][vc_row_inner el_class=&#8221;botones&#8221;][vc_column_inner el_class=&#8221;botones&#8221;]<a\thref=\"\/ca\/menu-empresa\/\" \n\t\t\t\tclass=\"button btn_medium btn_theme_color btn_squared btn_normal_style    \"  target='_self'><span>Men\u00fa empreses<\/span><\/a><div class=\"boc_spacing \" style=\"height: 20px\"><\/div>[\/vc_column_inner][\/vc_row_inner][\/vc_column][\/vc_row][vc_row css=&#8221;.vc_custom_1643975607950{margin-bottom: 0px !important;}&#8221;][vc_column]<div class=\"boc_spacing \" style=\"height: 50px\"><\/div>[\/vc_column][\/vc_row][vc_row][vc_column][vc_column_text]<\/p>\n<h3>Explica&#8217;ns el que necessites<\/h3>\n<p>[\/vc_column_text]\n<div class=\"wpcf7 no-js\" id=\"wpcf7-f766-o1\" lang=\"es-ES\" dir=\"ltr\" data-wpcf7-id=\"766\">\n<div class=\"screen-reader-response\"><p role=\"status\" aria-live=\"polite\" aria-atomic=\"true\"><\/p> <ul><\/ul><\/div>\n<form action=\"\/ca\/wp-json\/wp\/v2\/pages\/1267#wpcf7-f766-o1\" method=\"post\" class=\"wpcf7-form init\" aria-label=\"Formulario de contacto\" novalidate=\"novalidate\" data-status=\"init\">\n<fieldset class=\"hidden-fields-container\"><input type=\"hidden\" name=\"_wpcf7\" value=\"766\" \/><input type=\"hidden\" name=\"_wpcf7_version\" value=\"6.1.3\" \/><input type=\"hidden\" name=\"_wpcf7_locale\" value=\"es_ES\" \/><input type=\"hidden\" name=\"_wpcf7_unit_tag\" value=\"wpcf7-f766-o1\" \/><input type=\"hidden\" name=\"_wpcf7_container_post\" value=\"0\" \/><input type=\"hidden\" name=\"_wpcf7_posted_data_hash\" value=\"\" \/><input type=\"hidden\" name=\"_wpcf7_recaptcha_response\" value=\"\" \/>\n<\/fieldset>\n<div class=\"row\">\n\t<div class=\"col-md-6\">\n\t\t<p><span class=\"wpcf7-form-control-wrap\" data-name=\"your-name\"><input size=\"40\" maxlength=\"400\" class=\"wpcf7-form-control wpcf7-text wpcf7-validates-as-required\" aria-required=\"true\" aria-invalid=\"false\" placeholder=\"Nom i Cognoms*\" value=\"\" type=\"text\" name=\"your-name\" \/><\/span>\n\t\t<\/p>\n\t<\/div>\n\t<div class=\"col-md-6\">\n\t\t<p><span class=\"wpcf7-form-control-wrap\" data-name=\"your-email\"><input size=\"40\" maxlength=\"400\" class=\"wpcf7-form-control wpcf7-email wpcf7-validates-as-required wpcf7-text wpcf7-validates-as-email\" aria-required=\"true\" aria-invalid=\"false\" placeholder=\"Email*\" value=\"\" type=\"email\" name=\"your-email\" \/><\/span>\n\t\t<\/p>\n\t<\/div>\n<\/div>\n<div class=\"row\">\n\t<div class=\"col-md-6\">\n\t\t<p><span class=\"wpcf7-form-control-wrap\" data-name=\"text-114\"><input size=\"40\" maxlength=\"400\" class=\"wpcf7-form-control wpcf7-text wpcf7-validates-as-required\" aria-required=\"true\" aria-invalid=\"false\" placeholder=\"Tel\u00e8fon*\" value=\"\" type=\"text\" name=\"text-114\" \/><\/span>\n\t\t<\/p>\n\t<\/div>\n\t<div class=\"col-md-6\">\n\t\t<p><span class=\"wpcf7-form-control-wrap\" data-name=\"your-subject\"><input size=\"40\" maxlength=\"400\" class=\"wpcf7-form-control wpcf7-text\" aria-invalid=\"false\" placeholder=\"Assumpte\" value=\"\" type=\"text\" name=\"your-subject\" \/><\/span>\n\t\t<\/p>\n\t<\/div>\n<\/div>\n<div class=\"row\">\n\t<div class=\"col-md-12\">\n\t\t<p><span class=\"wpcf7-form-control-wrap\" data-name=\"your-message\"><textarea cols=\"40\" rows=\"10\" maxlength=\"2000\" class=\"wpcf7-form-control wpcf7-textarea\" aria-invalid=\"false\" placeholder=\"Missatge\" name=\"your-message\"><\/textarea><\/span>\n\t\t<\/p>\n\t<\/div>\n\t<div class=\"col-md-12\">\n\t\t<p><span class=\"wpcf7-form-control-wrap\" data-name=\"acceptance-185\"><span class=\"wpcf7-form-control wpcf7-acceptance\"><span class=\"wpcf7-list-item\"><label><input type=\"checkbox\" name=\"acceptance-185\" value=\"1\" aria-invalid=\"false\" \/><span class=\"wpcf7-list-item-label\">He llegit la <a href=\"\/politica-de-privacidad\/\">pol\u00edtica de privacitat<\/a> i accepto l'enviament d'informaci\u00f3.<\/span><\/label><\/span><\/span><\/span>\n\t\t<\/p>\n\t<\/div>\n<\/div>\n<p><input class=\"wpcf7-form-control wpcf7-submit has-spinner\" type=\"submit\" value=\"Enviar\" \/>\n<\/p><div class=\"wpcf7-response-output\" aria-hidden=\"true\"><\/div>\n<\/form>\n<\/div>\n[\/vc_column][\/vc_row][vc_row full_width=&#8221;stretch_row&#8221;][vc_column]<div class=\"boc_spacing \" style=\"height: 30px\"><\/div>[\/vc_column][\/vc_row]<\/p>\n<\/div>","protected":false},"excerpt":{"rendered":"<p>[vc_row full_width=&#8221;stretch_row&#8221; bg_type=&#8221;image&#8221; bg_image_new=&#8221;1246&#8243; bg_image_repeat=&#8221;no-repeat&#8221;][vc_column][vc_column_text el_class=&#8221;tituloMenu&#8221;] Esdeveniments per a empreses [\/vc_column_text][\/vc_column][\/vc_row][vc_row gap=&#8221;35&#8243;][vc_column width=&#8221;1\/3&#8243;][vc_column_text] Can Mauri per a esdeveniments d&#8217;empreses [\/vc_column_text][vc_single_image image=&#8221;270&#8243;][vc_column_text] Celebra reunions i congressos d&#8217;all\u00f2 m\u00e9s productius en Ca Mauri. La nostra masia compta amb diferents salons i espais adaptables per als teus esdeveniments d&#8217;empresa, confer\u00e8ncies i reunions. Elaborem un men\u00fa pensat exclusivament per a vosaltres i les necessitats<\/p>\n<div class=\"h10\"><\/div>\n<p><a class=\"more-link1\" href=\"https:\/\/canmauri.com\/ca\/empreses\/\">Read more<\/a><\/p>\n","protected":false},"author":1,"featured_media":0,"parent":0,"menu_order":0,"comment_status":"closed","ping_status":"closed","template":"","meta":{"_vp_format_video_url":"","_vp_image_focal_point":[],"footnotes":""},"class_list":["post-1267","page","type-page","status-publish","hentry"],"yoast_head":"<!-- This site is optimized with the Yoast SEO plugin v26.2 - https:\/\/yoast.com\/wordpress\/plugins\/seo\/ -->\n<title>Empreses - Can Mauri<\/title>\n<meta name=\"robots\" content=\"index, follow, max-snippet:-1, max-image-preview:large, max-video-preview:-1\" \/>\n<link rel=\"canonical\" href=\"https:\/\/canmauri.com\/ca\/empresas\/\" \/>\n<meta property=\"og:locale\" content=\"ca_ES\" \/>\n<meta property=\"og:type\" content=\"article\" \/>\n<meta property=\"og:title\" content=\"Empreses - Can Mauri\" \/>\n<meta property=\"og:description\" content=\"[vc_row full_width=&#8221;stretch_row&#8221; bg_type=&#8221;image&#8221; bg_image_new=&#8221;1246&#8243; bg_image_repeat=&#8221;no-repeat&#8221;][vc_column][vc_column_text el_class=&#8221;tituloMenu&#8221;] Esdeveniments per a empreses [\/vc_column_text][\/vc_column][\/vc_row][vc_row gap=&#8221;35&#8243;][vc_column width=&#8221;1\/3&#8243;][vc_column_text] Can Mauri per a esdeveniments d&#8217;empreses [\/vc_column_text][vc_single_image image=&#8221;270&#8243;][vc_column_text] Celebra reunions i congressos d&#8217;all\u00f2 m\u00e9s productius en Ca Mauri. La nostra masia compta amb diferents salons i espais adaptables per als teus esdeveniments d&#8217;empresa, confer\u00e8ncies i reunions. Elaborem un men\u00fa pensat exclusivament per a vosaltres i les necessitatsRead more\" \/>\n<meta property=\"og:url\" content=\"https:\/\/canmauri.com\/empresas\/\" \/>\n<meta property=\"og:site_name\" content=\"Can Mauri\" \/>\n<meta property=\"article:modified_time\" content=\"2022-03-07T12:45:03+00:00\" \/>\n<meta name=\"twitter:card\" content=\"summary_large_image\" \/>\n<meta name=\"twitter:label1\" content=\"Temps estimat de lectura\" \/>\n\t<meta name=\"twitter:data1\" content=\"2 minuts\" \/>\n<script type=\"application\/ld+json\" class=\"yoast-schema-graph\">{\"@context\":\"https:\/\/schema.org\",\"@graph\":[{\"@type\":\"WebPage\",\"@id\":\"https:\/\/canmauri.com\/empresas\/\",\"url\":\"https:\/\/canmauri.com\/empresas\/\",\"name\":\"Empreses - Can Mauri\",\"isPartOf\":{\"@id\":\"https:\/\/canmauri.com\/#website\"},\"datePublished\":\"2022-03-07T09:32:00+00:00\",\"dateModified\":\"2022-03-07T12:45:03+00:00\",\"breadcrumb\":{\"@id\":\"https:\/\/canmauri.com\/empresas\/#breadcrumb\"},\"inLanguage\":\"ca\",\"potentialAction\":[{\"@type\":\"ReadAction\",\"target\":[\"https:\/\/canmauri.com\/empresas\/\"]}]},{\"@type\":\"BreadcrumbList\",\"@id\":\"https:\/\/canmauri.com\/empresas\/#breadcrumb\",\"itemListElement\":[{\"@type\":\"ListItem\",\"position\":1,\"name\":\"Portada\",\"item\":\"https:\/\/canmauri.com\/ca\/\"},{\"@type\":\"ListItem\",\"position\":2,\"name\":\"Empreses\"}]},{\"@type\":\"WebSite\",\"@id\":\"https:\/\/canmauri.com\/#website\",\"url\":\"https:\/\/canmauri.com\/\",\"name\":\"Can Mauri\",\"description\":\"\",\"potentialAction\":[{\"@type\":\"SearchAction\",\"target\":{\"@type\":\"EntryPoint\",\"urlTemplate\":\"https:\/\/canmauri.com\/?s={search_term_string}\"},\"query-input\":{\"@type\":\"PropertyValueSpecification\",\"valueRequired\":true,\"valueName\":\"search_term_string\"}}],\"inLanguage\":\"ca\"}]}<\/script>\n<!-- \/ Yoast SEO plugin. -->","yoast_head_json":{"title":"Empreses - Can Mauri","robots":{"index":"index","follow":"follow","max-snippet":"max-snippet:-1","max-image-preview":"max-image-preview:large","max-video-preview":"max-video-preview:-1"},"canonical":"https:\/\/canmauri.com\/ca\/empresas\/","og_locale":"ca_ES","og_type":"article","og_title":"Empreses - Can Mauri","og_description":"[vc_row full_width=&#8221;stretch_row&#8221; bg_type=&#8221;image&#8221; bg_image_new=&#8221;1246&#8243; bg_image_repeat=&#8221;no-repeat&#8221;][vc_column][vc_column_text el_class=&#8221;tituloMenu&#8221;] Esdeveniments per a empreses [\/vc_column_text][\/vc_column][\/vc_row][vc_row gap=&#8221;35&#8243;][vc_column width=&#8221;1\/3&#8243;][vc_column_text] Can Mauri per a esdeveniments d&#8217;empreses [\/vc_column_text][vc_single_image image=&#8221;270&#8243;][vc_column_text] Celebra reunions i congressos d&#8217;all\u00f2 m\u00e9s productius en Ca Mauri. La nostra masia compta amb diferents salons i espais adaptables per als teus esdeveniments d&#8217;empresa, confer\u00e8ncies i reunions. Elaborem un men\u00fa pensat exclusivament per a vosaltres i les necessitatsRead more","og_url":"https:\/\/canmauri.com\/empresas\/","og_site_name":"Can Mauri","article_modified_time":"2022-03-07T12:45:03+00:00","twitter_card":"summary_large_image","twitter_misc":{"Temps estimat de lectura":"2 minuts"},"schema":{"@context":"https:\/\/schema.org","@graph":[{"@type":"WebPage","@id":"https:\/\/canmauri.com\/empresas\/","url":"https:\/\/canmauri.com\/empresas\/","name":"Empreses - Can Mauri","isPartOf":{"@id":"https:\/\/canmauri.com\/#website"},"datePublished":"2022-03-07T09:32:00+00:00","dateModified":"2022-03-07T12:45:03+00:00","breadcrumb":{"@id":"https:\/\/canmauri.com\/empresas\/#breadcrumb"},"inLanguage":"ca","potentialAction":[{"@type":"ReadAction","target":["https:\/\/canmauri.com\/empresas\/"]}]},{"@type":"BreadcrumbList","@id":"https:\/\/canmauri.com\/empresas\/#breadcrumb","itemListElement":[{"@type":"ListItem","position":1,"name":"Portada","item":"https:\/\/canmauri.com\/ca\/"},{"@type":"ListItem","position":2,"name":"Empreses"}]},{"@type":"WebSite","@id":"https:\/\/canmauri.com\/#website","url":"https:\/\/canmauri.com\/","name":"Can Mauri","description":"","potentialAction":[{"@type":"SearchAction","target":{"@type":"EntryPoint","urlTemplate":"https:\/\/canmauri.com\/?s={search_term_string}"},"query-input":{"@type":"PropertyValueSpecification","valueRequired":true,"valueName":"search_term_string"}}],"inLanguage":"ca"}]}},"_links":{"self":[{"href":"https:\/\/canmauri.com\/ca\/wp-json\/wp\/v2\/pages\/1267","targetHints":{"allow":["GET"]}}],"collection":[{"href":"https:\/\/canmauri.com\/ca\/wp-json\/wp\/v2\/pages"}],"about":[{"href":"https:\/\/canmauri.com\/ca\/wp-json\/wp\/v2\/types\/page"}],"author":[{"embeddable":true,"href":"https:\/\/canmauri.com\/ca\/wp-json\/wp\/v2\/users\/1"}],"replies":[{"embeddable":true,"href":"https:\/\/canmauri.com\/ca\/wp-json\/wp\/v2\/comments?post=1267"}],"version-history":[{"count":20,"href":"https:\/\/canmauri.com\/ca\/wp-json\/wp\/v2\/pages\/1267\/revisions"}],"predecessor-version":[{"id":1369,"href":"https:\/\/canmauri.com\/ca\/wp-json\/wp\/v2\/pages\/1267\/revisions\/1369"}],"wp:attachment":[{"href":"https:\/\/canmauri.com\/ca\/wp-json\/wp\/v2\/media?parent=1267"}],"curies":[{"name":"wp","href":"https:\/\/api.w.org\/{rel}","templated":true}]}}