{"id":1088,"date":"2022-03-03T12:56:42","date_gmt":"2022-03-03T12:56:42","guid":{"rendered":"https:\/\/new.canmauri.com\/?page_id=1088"},"modified":"2022-03-03T12:57:15","modified_gmt":"2022-03-03T12:57:15","slug":"mapa-del-lloc","status":"publish","type":"page","link":"https:\/\/canmauri.com\/ca\/mapa-del-lloc\/","title":{"rendered":"Mapa del lloc"},"content":{"rendered":"<div class=\"wsp-container\"><h2 class=\"wsp-pages-title\">P\u00e0gines<\/h2>\n<ul class=\"wsp-pages-list\">\n<li class=\"page_item page-item-1077\"><a href=\"https:\/\/canmauri.com\/ca\/avis-legal\/\">Av\u00eds legal<\/a><\/li>\n<li class=\"page_item page-item-5794 current_page_parent\"><a href=\"https:\/\/canmauri.com\/ca\/blog\/\">Blog<\/a><\/li>\n<li class=\"page_item page-item-8261\"><a href=\"https:\/\/canmauri.com\/ca\/calcotada-en-polinya\/\">Cal\u00e7otada en Poliny\u00e0<\/a><\/li>\n<li class=\"page_item page-item-842\"><a href=\"https:\/\/canmauri.com\/ca\/carta-take-away\/\">Carta Take Away<\/a><\/li>\n<li class=\"page_item page-item-817\"><a href=\"https:\/\/canmauri.com\/ca\/celebracio\/\">Celebraci\u00f3<\/a><\/li>\n<li class=\"page_item page-item-846\"><a href=\"https:\/\/canmauri.com\/ca\/contacte\/\">Contacte<\/a><\/li>\n<li class=\"page_item page-item-910\"><a href=\"https:\/\/canmauri.com\/ca\/els-nostres-espais\/\">Els nostres espais<\/a><\/li>\n<li class=\"page_item page-item-1267\"><a href=\"https:\/\/canmauri.com\/ca\/empreses\/\">Empreses<\/a><\/li>\n<li class=\"page_item page-item-5420\"><a href=\"https:\/\/canmauri.com\/ca\/galeria\/\">Galeria<\/a><\/li>\n<li class=\"page_item page-item-737\"><a href=\"https:\/\/canmauri.com\/ca\/\">Inici<\/a><\/li>\n<li class=\"page_item page-item-6061\"><a href=\"https:\/\/canmauri.com\/ca\/joc-de-cartes\/\">Joc de cartes<\/a><\/li>\n<li class=\"page_item page-item-838\"><a href=\"https:\/\/canmauri.com\/ca\/la-nostra-carta\/\">La nostra carta<\/a><\/li>\n<li class=\"page_item page-item-7737\"><a href=\"https:\/\/canmauri.com\/ca\/local-esdeveniments-familiars-polinya\/\">Local esdeveniments familiars Poliny\u00e0<\/a><\/li>\n<li class=\"page_item page-item-1088\"><a href=\"https:\/\/canmauri.com\/ca\/mapa-del-lloc\/\">Mapa del lloc<\/a><\/li>\n<li class=\"page_item page-item-8464\"><a href=\"https:\/\/canmauri.com\/ca\/masia-a-polinya\/\">Masia a Poliny\u00e0<\/a><\/li>\n<li class=\"page_item page-item-8443\"><a href=\"https:\/\/canmauri.com\/ca\/masia-a-sant-cugat\/\">Masia a Sant Cugat<\/a><\/li>\n<li class=\"page_item page-item-8053\"><a href=\"https:\/\/canmauri.com\/ca\/masia-per-a-casaments-a-sant-cugat\/\">Masia per a casaments a Sant Cugat<\/a><\/li>\n<li class=\"page_item page-item-7819\"><a href=\"https:\/\/canmauri.com\/ca\/masia-per-a-celebracions-a-polinya\/\">Masia per a celebracions a Poliny\u00e0<\/a><\/li>\n<li class=\"page_item page-item-8397\"><a href=\"https:\/\/canmauri.com\/ca\/masia-per-a-celebracions-a-sabadell\/\">Masia per a celebracions a Sabadell<\/a><\/li>\n<li class=\"page_item page-item-8376\"><a href=\"https:\/\/canmauri.com\/ca\/masia-per-a-esdeveniments-a-polinya\/\">Masia per a esdeveniments a Poliny\u00e0<\/a><\/li>\n<li class=\"page_item page-item-8171\"><a href=\"https:\/\/canmauri.com\/ca\/masia-per-celebrar-noces-a-sabadell\/\">Masia per celebrar noces a Sabadell<\/a><\/li>\n<li class=\"page_item page-item-8056\"><a href=\"https:\/\/canmauri.com\/ca\/masies-per-celebrar-aniversaris-a-barbera-del-valles\/\">Masies per celebrar aniversaris a Barber\u00e0 del Vall\u00e8s<\/a><\/li>\n<li class=\"page_item page-item-7742\"><a href=\"https:\/\/canmauri.com\/ca\/menu-boda-valles-occidental\/\">Men\u00fa boda Vall\u00e9s Occidental<\/a><\/li>\n<li class=\"page_item page-item-7082\"><a href=\"https:\/\/canmauri.com\/ca\/menu-calcotada-2\/\">Men\u00fa cal\u00e7otada<\/a><\/li>\n<li class=\"page_item page-item-7140\"><a href=\"https:\/\/canmauri.com\/ca\/menu-calcotada\/\">Men\u00fa cal\u00e7otada<\/a><\/li>\n<li class=\"page_item page-item-5949\"><a href=\"https:\/\/canmauri.com\/ca\/menu-desdeveniments\/\">Men\u00fa d&#8217;esdeveniments<\/a><\/li>\n<li class=\"page_item page-item-6031\"><a href=\"https:\/\/canmauri.com\/ca\/menu-dia-de-reis-2026\/\">Men\u00fa dia de reis 2026<\/a><\/li>\n<li class=\"page_item page-item-883\"><a href=\"https:\/\/canmauri.com\/ca\/menu-empresa\/\">Men\u00fa empresa<\/a><\/li>\n<li class=\"page_item page-item-852\"><a href=\"https:\/\/canmauri.com\/ca\/menu-gastronomic\/\">Men\u00fa gastron\u00f2mic<\/a><\/li>\n<li class=\"page_item page-item-7264\"><a href=\"https:\/\/canmauri.com\/ca\/menu-infantil\/\">Men\u00fa infantil<\/a><\/li>\n<li class=\"page_item page-item-824\"><a href=\"https:\/\/canmauri.com\/ca\/menu-noces\/\">Men\u00fa noces<\/a><\/li>\n<li class=\"page_item page-item-831\"><a href=\"https:\/\/canmauri.com\/ca\/menu-noces-intimes\/\">Men\u00fa noces \u00edntimes<\/a><\/li>\n<li class=\"page_item page-item-8281\"><a href=\"https:\/\/canmauri.com\/ca\/menu-per-sopar-dempresa-a-sabadell\/\">Men\u00fa per sopar d\u2019empresa a Sabadell<\/a><\/li>\n<li class=\"page_item page-item-7216\"><a href=\"https:\/\/canmauri.com\/ca\/menus-bodes-a-barcelona\/\">Men\u00fas bodes a Barcelona<\/a><\/li>\n<li class=\"page_item page-item-873\"><a href=\"https:\/\/canmauri.com\/ca\/menus-per-a-grups\/\">Men\u00fas per a grups<\/a><\/li>\n<li class=\"page_item page-item-892\"><a href=\"https:\/\/canmauri.com\/ca\/nosaltres\/\">Nosaltres<\/a><\/li>\n<li class=\"page_item page-item-1084\"><a href=\"https:\/\/canmauri.com\/ca\/politica-de-privacitat-i-de-cookies\/\">Pol\u00edtica de privacitat i de cookies<\/a><\/li>\n<li class=\"page_item page-item-898\"><a href=\"https:\/\/canmauri.com\/ca\/reserves\/\">Reserves<\/a><\/li>\n<li class=\"page_item page-item-8070\"><a href=\"https:\/\/canmauri.com\/ca\/restaurant-a-sabadell-per-a-cap-dany\/\">Restaurant a Sabadell per a Cap d\u2019Any<\/a><\/li>\n<li class=\"page_item page-item-7812\"><a href=\"https:\/\/canmauri.com\/ca\/restaurant-per-a-batejos-a-polinya\/\">Restaurant per a batejos a Poliny\u00e0<\/a><\/li>\n<li class=\"page_item page-item-8047\"><a href=\"https:\/\/canmauri.com\/ca\/restaurant-per-a-casaments-a-barcelona\/\">Restaurant per a casaments a Barcelona<\/a><\/li>\n<li class=\"page_item page-item-8167\"><a href=\"https:\/\/canmauri.com\/ca\/restaurant-per-a-esdeveniments-a-sabadell\/\">Restaurant per a esdeveniments a Sabadell<\/a><\/li>\n<\/ul>\n<\/div>\n","protected":false},"excerpt":{"rendered":"P\u00e0gines Av\u00eds legal Blog Cal\u00e7otada en Poliny\u00e0 Carta Take Away Celebraci\u00f3 Contacte Els nostres espais Empreses Galeria Inici Joc de cartes La nostra carta Local esdeveniments familiars Poliny\u00e0 Mapa del lloc Masia a Poliny\u00e0 Masia a Sant Cugat Masia per a casaments a Sant Cugat Masia per a celebracions a Poliny\u00e0 Masia per a celebracions a Sabadell Masia per a<div class=\"h10\"><\/div><a class=\"more-link1\" href=\"https:\/\/canmauri.com\/ca\/mapa-del-lloc\/\">Read more<\/a>","protected":false},"author":1,"featured_media":0,"parent":0,"menu_order":0,"comment_status":"closed","ping_status":"closed","template":"","meta":{"_vp_format_video_url":"","_vp_image_focal_point":[],"footnotes":""},"class_list":["post-1088","page","type-page","status-publish","hentry"],"yoast_head":"<!-- This site is optimized with the Yoast SEO plugin v26.2 - https:\/\/yoast.com\/wordpress\/plugins\/seo\/ -->\n<title>Mapa del lloc - Can Mauri<\/title>\n<meta name=\"robots\" content=\"index, follow, max-snippet:-1, max-image-preview:large, max-video-preview:-1\" \/>\n<link rel=\"canonical\" href=\"https:\/\/canmauri.com\/ca\/mapa-del-sitio\/\" \/>\n<meta property=\"og:locale\" content=\"ca_ES\" \/>\n<meta property=\"og:type\" content=\"article\" \/>\n<meta property=\"og:title\" content=\"Mapa del lloc - Can Mauri\" \/>\n<meta property=\"og:url\" content=\"https:\/\/canmauri.com\/mapa-del-sitio\/\" \/>\n<meta property=\"og:site_name\" content=\"Can Mauri\" \/>\n<meta property=\"article:modified_time\" content=\"2022-03-03T12:57:15+00:00\" \/>\n<meta name=\"twitter:card\" content=\"summary_large_image\" \/>\n<script type=\"application\/ld+json\" class=\"yoast-schema-graph\">{\"@context\":\"https:\/\/schema.org\",\"@graph\":[{\"@type\":\"WebPage\",\"@id\":\"https:\/\/canmauri.com\/mapa-del-sitio\/\",\"url\":\"https:\/\/canmauri.com\/mapa-del-sitio\/\",\"name\":\"Mapa del lloc - Can Mauri\",\"isPartOf\":{\"@id\":\"https:\/\/canmauri.com\/#website\"},\"datePublished\":\"2022-03-03T12:56:42+00:00\",\"dateModified\":\"2022-03-03T12:57:15+00:00\",\"breadcrumb\":{\"@id\":\"https:\/\/canmauri.com\/mapa-del-sitio\/#breadcrumb\"},\"inLanguage\":\"ca\",\"potentialAction\":[{\"@type\":\"ReadAction\",\"target\":[\"https:\/\/canmauri.com\/mapa-del-sitio\/\"]}]},{\"@type\":\"BreadcrumbList\",\"@id\":\"https:\/\/canmauri.com\/mapa-del-sitio\/#breadcrumb\",\"itemListElement\":[{\"@type\":\"ListItem\",\"position\":1,\"name\":\"Portada\",\"item\":\"https:\/\/canmauri.com\/ca\/\"},{\"@type\":\"ListItem\",\"position\":2,\"name\":\"Mapa del lloc\"}]},{\"@type\":\"WebSite\",\"@id\":\"https:\/\/canmauri.com\/#website\",\"url\":\"https:\/\/canmauri.com\/\",\"name\":\"Can Mauri\",\"description\":\"\",\"potentialAction\":[{\"@type\":\"SearchAction\",\"target\":{\"@type\":\"EntryPoint\",\"urlTemplate\":\"https:\/\/canmauri.com\/?s={search_term_string}\"},\"query-input\":{\"@type\":\"PropertyValueSpecification\",\"valueRequired\":true,\"valueName\":\"search_term_string\"}}],\"inLanguage\":\"ca\"}]}<\/script>\n<!-- \/ Yoast SEO plugin. -->","yoast_head_json":{"title":"Mapa del lloc - Can Mauri","robots":{"index":"index","follow":"follow","max-snippet":"max-snippet:-1","max-image-preview":"max-image-preview:large","max-video-preview":"max-video-preview:-1"},"canonical":"https:\/\/canmauri.com\/ca\/mapa-del-sitio\/","og_locale":"ca_ES","og_type":"article","og_title":"Mapa del lloc - Can Mauri","og_url":"https:\/\/canmauri.com\/mapa-del-sitio\/","og_site_name":"Can Mauri","article_modified_time":"2022-03-03T12:57:15+00:00","twitter_card":"summary_large_image","schema":{"@context":"https:\/\/schema.org","@graph":[{"@type":"WebPage","@id":"https:\/\/canmauri.com\/mapa-del-sitio\/","url":"https:\/\/canmauri.com\/mapa-del-sitio\/","name":"Mapa del lloc - Can Mauri","isPartOf":{"@id":"https:\/\/canmauri.com\/#website"},"datePublished":"2022-03-03T12:56:42+00:00","dateModified":"2022-03-03T12:57:15+00:00","breadcrumb":{"@id":"https:\/\/canmauri.com\/mapa-del-sitio\/#breadcrumb"},"inLanguage":"ca","potentialAction":[{"@type":"ReadAction","target":["https:\/\/canmauri.com\/mapa-del-sitio\/"]}]},{"@type":"BreadcrumbList","@id":"https:\/\/canmauri.com\/mapa-del-sitio\/#breadcrumb","itemListElement":[{"@type":"ListItem","position":1,"name":"Portada","item":"https:\/\/canmauri.com\/ca\/"},{"@type":"ListItem","position":2,"name":"Mapa del lloc"}]},{"@type":"WebSite","@id":"https:\/\/canmauri.com\/#website","url":"https:\/\/canmauri.com\/","name":"Can Mauri","description":"","potentialAction":[{"@type":"SearchAction","target":{"@type":"EntryPoint","urlTemplate":"https:\/\/canmauri.com\/?s={search_term_string}"},"query-input":{"@type":"PropertyValueSpecification","valueRequired":true,"valueName":"search_term_string"}}],"inLanguage":"ca"}]}},"_links":{"self":[{"href":"https:\/\/canmauri.com\/ca\/wp-json\/wp\/v2\/pages\/1088","targetHints":{"allow":["GET"]}}],"collection":[{"href":"https:\/\/canmauri.com\/ca\/wp-json\/wp\/v2\/pages"}],"about":[{"href":"https:\/\/canmauri.com\/ca\/wp-json\/wp\/v2\/types\/page"}],"author":[{"embeddable":true,"href":"https:\/\/canmauri.com\/ca\/wp-json\/wp\/v2\/users\/1"}],"replies":[{"embeddable":true,"href":"https:\/\/canmauri.com\/ca\/wp-json\/wp\/v2\/comments?post=1088"}],"version-history":[{"count":4,"href":"https:\/\/canmauri.com\/ca\/wp-json\/wp\/v2\/pages\/1088\/revisions"}],"predecessor-version":[{"id":1092,"href":"https:\/\/canmauri.com\/ca\/wp-json\/wp\/v2\/pages\/1088\/revisions\/1092"}],"wp:attachment":[{"href":"https:\/\/canmauri.com\/ca\/wp-json\/wp\/v2\/media?parent=1088"}],"curies":[{"name":"wp","href":"https:\/\/api.w.org\/{rel}","templated":true}]}}