{"id":1084,"date":"2022-03-03T12:54:33","date_gmt":"2022-03-03T12:54:33","guid":{"rendered":"https:\/\/new.canmauri.com\/?page_id=1084"},"modified":"2022-03-28T11:32:03","modified_gmt":"2022-03-28T11:32:03","slug":"politica-de-privacitat-i-de-cookies","status":"publish","type":"page","link":"https:\/\/canmauri.com\/ca\/politica-de-privacitat-i-de-cookies\/","title":{"rendered":"Pol\u00edtica de privacitat i de cookies"},"content":{"rendered":"<div class=\"wpb-content-wrapper\"><p>[vc_row][vc_column][vc_column_text]<\/p>\n<article class=\"post-entry post-entry-type-page post-entry-368\">\n<div class=\"entry-content-wrapper clearfix\">\n<header class=\"entry-content-header\"><\/header>\n<div class=\"entry-content\">\n<p><strong>INFORMACI\u00d3N AL USUARIO<\/strong><\/p>\n<p>Can Mauri, como Responsable del Tratamiento le informa que, seg\u00fan lo dispuesto en el Reglamento (UE) 2016\/679, de 27 de abril de 2016, de protecci\u00f3n de datos personales (RGPD), trataremos su datos tal y como reflejamos en la presente Pol\u00edtica de Privacidad.<\/p>\n<p>En esta Pol\u00edtica de Privacidad describimos c\u00f3mo recogemos sus datos personales y por qu\u00e9 los recogemos, qu\u00e9 hacemos con ellos, con qui\u00e9n los compartimos, c\u00f3mo los protegemos y sus opciones en cuanto al tratamiento de sus datos personales.<\/p>\n<p>Esta Pol\u00edtica se aplica al tratamiento de sus datos personales recogidos por la empresa para la prestaci\u00f3n de sus servicios. Si acepta las medidas de esta Pol\u00edtica, acepta que tratemos sus datos personales como se define en esta Pol\u00edtica.<\/p>\n<p><strong>CONTACTO<\/strong><\/p>\n<p>Nombre comercial: RESTAURANT CAN MAURI SL<br \/>\nCIF: B-62426366<br \/>\nDomicilio social: Carretera de Granollers Km 1,5<br \/>\n08213 POLINY\u00c0<br \/>\nTel\u00e9fono: 937 43 50 66<br \/>\ne-mail: info@restaurantcanmauri.com<\/p>\n<p><strong>PRINCIPIOS CLAVE<\/strong><br \/>\nSiempre hemos estado comprometidos con prestar nuestros servicios con el m\u00e1s alto grado de calidad, lo que incluye tratar sus datos con seguridad y transparencia. Nuestros principios son:<\/p>\n<ul>\n<li><strong>Legalidad<\/strong>: Solo recopilaremos sus Datos personales para fines espec\u00edficos, expl\u00edcitos y leg\u00edtimos.<\/li>\n<\/ul>\n<ul>\n<li><strong>Minimizaci\u00f3n de datos<\/strong>: Limitamos la recogida de datos de car\u00e1cter personal a lo que es estrictamente relevante y necesario para los fines para los que se han recopilado.<\/li>\n<\/ul>\n<ul>\n<li><strong>Limitaci\u00f3n de la Finalidad<\/strong>: Solo recogeremos sus datos personales para los fines declarados y solo seg\u00fan sus deseos.<\/li>\n<\/ul>\n<ul>\n<li><strong>Precisi\u00f3n<\/strong>: Mantendremos sus datos personales exactos y actualizados.<\/li>\n<\/ul>\n<ul>\n<li><strong>Seguridad de los Datos<\/strong>: Aplicamos las medidas t\u00e9cnicas y organizativas adecuadas y proporcionales a los riesgos para garantizar que sus datos no sufran da\u00f1os, tales como divulgaci\u00f3n o acceso no autorizado, la destrucci\u00f3n accidental o il\u00edcita o su p\u00e9rdida accidental o alteraci\u00f3n y cualquier otra forma de tratamiento il\u00edcito.<\/li>\n<\/ul>\n<ul>\n<li><strong>Acceso y Rectificaci\u00f3n<\/strong>: Disponemos de medios para que acceda o rectifique sus datos cuando lo considere oportuno.<\/li>\n<\/ul>\n<ul>\n<li><strong>Conservaci\u00f3n<\/strong>: Conservamos sus datos personales de manera legal y apropiada y solo mientras es necesario para los fines para los que se han recopilado.<\/li>\n<\/ul>\n<ul>\n<li><strong>Las transferencias internacionales<\/strong>: cuando se d\u00e9 el caso de que sus datos vayan a ser transferidos fuera de la UE\/EEE se proteger\u00e1n adecuadamente.<\/li>\n<\/ul>\n<ul>\n<li><strong>Terceros<\/strong>: El acceso y transferencia de datos personales a terceros se llevan a cabo de acuerdo con las leyes y reglamentos aplicables y con las garant\u00edas contractuales adecuadas.<\/li>\n<\/ul>\n<ul>\n<li><strong>Marketing Directo y cookies<\/strong>: Cumplimos con la legislaci\u00f3n aplicable en materia de publicidad y cookies.<\/li>\n<\/ul>\n<p><strong>RECOGIDA Y TRATAMIENTO DE SUS DATOS PERSONALES<\/strong><br \/>\nLas tipos de datos que se solicitan y tratan son:<\/p>\n<ul>\n<li>Datos de car\u00e1cter identificativo, de caracter\u00edsticas personales y de circunstancias sociales.<\/li>\n<li>Datos econ\u00f3micos, en su caso.<\/li>\n<\/ul>\n<p>Tambi\u00e9n recogemos de forma autom\u00e1tica datos sobre su visita a nuestro sitio web seg\u00fan se describe en la secci\u00f3n \u201cUso de cookies\u201d m\u00e1s adelante.<\/p>\n<p>Siempre que solicitemos sus Datos personales, le informaremos con claridad de qu\u00e9 datos personales recogemos y con qu\u00e9 fin. En general, recogemos y tratamos sus datos personales con el prop\u00f3sito de:<\/p>\n<ul>\n<li>Proporcionar informaci\u00f3n sobre nuestros productos y servicios.<\/li>\n<li>Prestar nuestros servicios.<\/li>\n<li>Responder a sus consultas y solicitudes.<\/li>\n<\/ul>\n<p><strong>LEGITIMIDAD<\/strong><\/p>\n<p>De acuerdo con la normativa de protecci\u00f3n de datos aplicable, sus datos personales pueden procesarse si:<\/p>\n<ul>\n<li>Nos ha dado su consentimiento a los efectos del tratamiento. Por supuesto, podr\u00e1 retirar su consentimiento en cualquier momento.<\/li>\n<\/ul>\n<ul>\n<li>Es necesario para la prestaci\u00f3n de alguno de nuestros servicios mediante relaci\u00f3n contractual entre usted y nosotros.<\/li>\n<\/ul>\n<ul>\n<li>Con dicho tratamiento, buscamos un inter\u00e9s leg\u00edtimo que no se vea menoscabado por sus derechos de privacidad. Dicho inter\u00e9s leg\u00edtimo se le comunicar\u00e1 debidamente en el aviso de privacidad relacionado con ese tratamiento en particular.<\/li>\n<li>Es requerido por la ley<\/li>\n<\/ul>\n<p><strong>SUS DERECHOS<\/strong><\/p>\n<p>En relaci\u00f3n con la recogida y tratamiento de sus datos personales, puede ponerse en contacto con nosotros en cualquier momento para:<\/p>\n<ul>\n<li>Saber si tratamos sus datos personales.<\/li>\n<li>Acceder a sus datos personales y a cualquier otra informaci\u00f3n indicada en el Art\u00edculo 15.1 del RGPD.<\/li>\n<li>Rectificar sus datos personales que sean inexactos o est\u00e9n incompletos de acuerdo con el Art\u00edculo 16 del RGPD.<\/li>\n<li>Suprimir sus datos personales de acuerdo con el Art\u00edculo 17 del RGPD.<\/li>\n<li>Limitar el tratamiento de sus datos personales de acuerdo con el Art\u00edculo 18 del RGPD.<\/li>\n<li>Solicitar la portabilidad de sus datos de acuerdo con el Art\u00edculo 20 del RGPD.<\/li>\n<li>Oponerse al tratamiento de sus datos personales de acuerdo con el art\u00edculo 21 del RGPD.<\/li>\n<\/ul>\n<p>Si ha otorgado su consentimiento para alguna finalidad concreta, tiene derecho a retirar el consentimiento otorgado en cualquier momento, sin que ello afecte a la licitud del tratamiento basado en el consentimiento previo a su retirada. Para ejercer sus derechos puede enviarnos una comunicaci\u00f3n a info@reformasaction.com<\/p>\n<p><strong>INFORMACI\u00d3N LEGAL<\/strong><br \/>\nLos requisitos de esta Pol\u00edtica complementan, y no reemplazan, cualquier otro requisito existente bajo la ley de protecci\u00f3n de datos aplicable, que ser\u00e1 la que prevalezca en cualquier caso.<\/p>\n<p>Esta Pol\u00edtica est\u00e1 sujeta a revisiones peri\u00f3dicas y la empresa puede modificarla en cualquier momento. Cuando esto ocurra, le avisaremos de cualquier cambio y le pediremos que vuelva a leer la versi\u00f3n m\u00e1s reciente de nuestra Pol\u00edtica y que confirme su aceptaci\u00f3n.<\/p>\n<p align=\"justify\"><strong>2. Pol\u00edtica de uso de Cookies<\/strong><\/p>\n<p align=\"justify\">En cumplimiento de lo dispuesto en el art\u00edculo 22.2 LSSI, la Web \u00fanicamente utilizar\u00e1 dispositivos de almacenamiento y recuperaci\u00f3n de datos (\u2018Cookies\u2019) cuando el usuario haya dado su consentimiento para ello, de acuerdo con lo que se indica en la ventana emergente del navegador del usuario cuando accede por primera vez a la Web y en los dem\u00e1s t\u00e9rminos y condiciones siguientes que todo usuario debe conocer.<\/p>\n<p align=\"justify\">Nuestra Pol\u00edtica de Cookies tiene como objetivo ayudar a comprender el uso que hacemos de las cookies, la finalidad de las cookies utilizadas, as\u00ed como las posibles opciones que el usuario dispone para gestionarlas. La pol\u00edtica publicada est\u00e1 sujeta a actualizaciones peri\u00f3dicas.<\/p>\n<p align=\"justify\">Los usuarios pueden acceder a esta informaci\u00f3n en todo momento mediante el enlace \u201cPol\u00edtica de privacidad y Cookies\u201d habilitado en la web. Los usuarios pueden modificar las preferencias sobre la aceptaci\u00f3n de cookies a trav\u00e9s de las opciones de su navegador. En el apartado de \u201cModificar la configuraci\u00f3n de las cookies\u201d encontrar\u00e1 m\u00e1s informaci\u00f3n.<\/p>\n<p align=\"justify\"><strong>\u00bfQu\u00e9 opciones puedo tomar?<\/strong><\/p>\n<p align=\"justify\">Es posible realizar las siguientes acciones:<\/p>\n<p align=\"justify\">Aceptar cookies: No se volver\u00e1 a visualizar el aviso al acceder a cualquier p\u00e1gina de la Tienda.<\/p>\n<p align=\"justify\">No hacer nada: Se visualizar\u00e1 el aviso siempre al acceder a cualquier p\u00e1gina de la Web. Si contin\u00faa navegando, consideramos que acepta el uso de las cookies.<\/p>\n<p align=\"justify\">Modificar la configuraci\u00f3n de las cookies: Podr\u00e1 borrar las cookies de la Web y modificar la configuraci\u00f3n de su navegaci\u00f3n. Pero esto no evitar\u00e1 que se visualice el aviso de las cookies al acceder de nuevo a la web.<\/p>\n<p align=\"justify\"><strong>\u00bfQu\u00e9 es una cookie?<\/strong><\/p>\n<p align=\"justify\">Una \u201cCookie\u201d es un peque\u00f1o archivo de texto que un sitio web almacena en el navegador del usuario. Las cookies facilitan el uso y la navegaci\u00f3n por una p\u00e1gina web y son esenciales para el funcionamiento de internet, aportando innumerables ventajas en la prestaci\u00f3n de servicios interactivos.<\/p>\n<p align=\"justify\">As\u00ed, por ejemplo, son utilizadas para gestionar la sesi\u00f3n del usuario (reduciendo el n\u00famero de veces que se debe introducir la clave), o para adaptar los contenido de la web a los sus preferencias, entre otras facilidades.<\/p>\n<p style=\"text-align: left;\" align=\"justify\">M\u00e1s informaci\u00f3n en <a href=\"http:\/\/es.wikipedia.org\/wiki\/Cookie_{b688fd674e56a7e4a59fd699c73010b271ae924ffc95a1ee8f73a6a48d51dada}28inform{b688fd674e56a7e4a59fd699c73010b271ae924ffc95a1ee8f73a6a48d51dada}C3{b688fd674e56a7e4a59fd699c73010b271ae924ffc95a1ee8f73a6a48d51dada}A1tica{b688fd674e56a7e4a59fd699c73010b271ae924ffc95a1ee8f73a6a48d51dada}29\"><u>http:\/\/es.wikipedia.org\/wiki\/Cookie_{b688fd674e56a7e4a59fd699c73010b271ae924ffc95a1ee8f73a6a48d51dada}28inform{b688fd674e56a7e4a59fd699c73010b271ae924ffc95a1ee8f73a6a48d51dada}C3{b688fd674e56a7e4a59fd699c73010b271ae924ffc95a1ee8f73a6a48d51dada}A1tica{b688fd674e56a7e4a59fd699c73010b271ae924ffc95a1ee8f73a6a48d51dada}29<\/u><\/a><\/p>\n<p style=\"text-align: left;\" align=\"justify\">En la <a href=\"http:\/\/www.agpd.es\/portalwebAGPD\/canaldocumentacion\/publicaciones\/common\/Guias\/Guia_Cookies.pdf\"><u>gu\u00eda sobre el uso de cookies de la Agencia de Protecci\u00f3n de Datos<\/u> <\/a>se detallan los diferentes tipos de cookies.<\/p>\n<p align=\"justify\"><strong>\u00bfQu\u00e9 tipos de cookies utilizamos?<\/strong><\/p>\n<p align=\"justify\"><strong>1.-<\/strong><br \/>\nEn funci\u00f3n de qui\u00e9n las gestiona:<\/p>\n<p align=\"justify\">Cookies propias: son las que se env\u00edan a su navegador desde nuestros equipos o dominios web y desde el que se presta el servicio solicitado.<\/p>\n<p align=\"justify\">Cookies de terceros: son las que se env\u00edan a su navegador desde un equipo o dominio web que no gestionamos nosotros, sino una entidad colaboradora como pueda ser Google Analytics.<\/p>\n<p align=\"justify\"><strong>2.-<\/strong><br \/>\nEn funci\u00f3n del tiempo que est\u00e1n activas:<\/p>\n<p align=\"justify\">Cookies de sesi\u00f3n: son las que permanecen en el archivo de cookies de su navegador hasta que abandona la p\u00e1gina web, de modo que ninguna queda en su dispositivo.<\/p>\n<p align=\"justify\">Cookies persistentes: son las que permanecen en su dispositivo y nuestra web las lee cada vez que realiza una nueva visita. Estas cookies dejan de funcionar pasada una fecha concreta.<\/p>\n<p align=\"justify\"><strong>3.-<\/strong><br \/>\nEn funci\u00f3n de su finalidad:<\/p>\n<p align=\"justify\">Cookies t\u00e9cnicas: son las que mejoran la navegaci\u00f3n y el buen funcionamiento de nuestra web. Cookies de personalizaci\u00f3n: son las que permiten acceder al servicio con unas caracter\u00edsticas predefinidas en funci\u00f3n de una serie de criterios. Sirven, por ejemplo, para elegir el idioma de la web.<\/p>\n<p align=\"justify\">Cookies de an\u00e1lisis: son las que permiten medir y analizar estad\u00edsticamente el uso que se hace del servicio prestado. Sirven por ejemplo para saber qui\u00e9n visita la web.<\/p>\n<p align=\"justify\">Cookies que usamos:<\/p>\n<p>&nbsp;<\/p>\n<table style=\"height: 649px;\" width=\"941\" cellspacing=\"0\" cellpadding=\"2\">\n<colgroup>\n<col width=\"217\" \/>\n<col width=\"110\" \/>\n<col width=\"302\" \/> <\/colgroup>\n<tbody>\n<tr valign=\"top\">\n<td width=\"217\">\n<p align=\"justify\"><strong>Nombre<\/strong><\/p>\n<\/td>\n<td width=\"110\">\n<p align=\"justify\"><strong>Expiraci\u00f3n<\/strong><\/p>\n<\/td>\n<td width=\"302\">\n<p align=\"justify\"><strong>Finalidad<\/strong><\/p>\n<\/td>\n<\/tr>\n<tr valign=\"top\">\n<td width=\"217\">\n<p align=\"justify\">uvc<\/p>\n<\/td>\n<td width=\"110\">\n<p align=\"justify\">1 dia.<\/p>\n<\/td>\n<td rowspan=\"5\" width=\"302\">\n<p align=\"justify\">Compartir los contenidos de la web en las redes sociales v\u00eda Addtoany y realizar la anal\u00edtica de la web con Google Analitics. Estas<br \/>\ncookies recopilan informaci\u00f3n sobre la actividad de los usuarios y no sobre su identificaci\u00f3n personal. Informaci\u00f3n sobre el origen de<br \/>\nlas visitas, palabras claves, navegador utilizado, etc. _ga se usa para distinguir a los usuarios.<\/p>\n<\/td>\n<\/tr>\n<tr valign=\"top\">\n<td width=\"217\">\n<p align=\"justify\">__utma<\/p>\n<\/td>\n<td width=\"110\">\n<p align=\"justify\">2 a\u00f1os.<\/p>\n<\/td>\n<\/tr>\n<tr valign=\"top\">\n<td width=\"217\">\n<p align=\"justify\">__utmb<\/p>\n<\/td>\n<td width=\"110\">\n<p align=\"justify\">30 minutos.<\/p>\n<\/td>\n<\/tr>\n<tr valign=\"top\">\n<td width=\"217\">\n<p align=\"justify\">__utmc<\/p>\n<\/td>\n<td width=\"110\">\n<p align=\"justify\">Sesi\u00f3n<\/p>\n<\/td>\n<\/tr>\n<tr valign=\"top\">\n<td width=\"217\">__utmz_ga<\/p>\n<p>_gat<\/td>\n<td width=\"110\">\n<p align=\"justify\">6 meses.<\/p>\n<p>2 a\u00f1os<\/p>\n<p>10 minutos<\/td>\n<\/tr>\n<tr valign=\"top\">\n<td width=\"217\">\n<p align=\"justify\">ipinfo<\/p>\n<\/td>\n<td width=\"110\">\n<p align=\"justify\">6 meses.<\/p>\n<\/td>\n<td rowspan=\"3\" width=\"302\">\n<p align=\"justify\">Anal\u00edtica de publicidad con Media6degrees.<\/p>\n<p align=\"justify\">Las cookies recogen informaci\u00f3n sobre los usuarios al utilizar el bot\u00f3n de redes sociales para compartir los contenidos de la web.<\/p>\n<\/td>\n<\/tr>\n<tr valign=\"top\">\n<td width=\"217\">\n<p align=\"justify\">clid<\/p>\n<\/td>\n<td width=\"110\">\n<p align=\"justify\">6 meses.<\/p>\n<\/td>\n<\/tr>\n<tr valign=\"top\">\n<td width=\"217\">\n<p align=\"justify\">acs<\/p>\n<\/td>\n<td width=\"110\">\n<p align=\"justify\">6 meses.<\/p>\n<\/td>\n<\/tr>\n<\/tbody>\n<\/table>\n<p>&nbsp;<\/p>\n<p align=\"justify\">Terceros prestadores de servicios en nuestro dominio:<\/p>\n<p align=\"justify\">Addtoany. Es un servicio proporcionado por addtonay.com y static.addtonay.com para que los usuarios pueda compartir informaci\u00f3n de webs de forma sencilla en las redes sociales. M\u00e1s informaci\u00f3n en <a href=\"http:\/\/www.addtoany.com\/privacy\">http:\/\/www.addtoany.com\/privacy<\/a><\/p>\n<p align=\"justify\">Google Analitics. Es una aplicaci\u00f3n de software de Google Inc. para la anal\u00edtica de webs. Las cookies utilizadas recopilan datos an\u00f3nimos sobre la navegaci\u00f3n de los usuarios por la web con la finalidad de conocer el origen de las visitas, el n\u00famero de veces que han visitado la web, las palabras claves utilizadas, y otros datos estad\u00edsticos. M\u00e1s informaci\u00f3n en <a href=\"http:\/\/www.google.com\/analytics\/\">http:\/\/www.google.com\/analytics\/<\/a><\/p>\n<p align=\"justify\">Media6degrees.Es una empresa proveedora de an\u00e1lisis de publicidad online mediante las redes sociales. Recopila informaci\u00f3n sobre la actividad de los usuarios en la web con fines publicitarios. M\u00e1s informaci\u00f3n en <a href=\"http:\/\/media6degrees.com\/privacy.php\">http:\/\/media6degrees.com\/privacy.php<\/a><\/p>\n<p align=\"justify\"><strong>Modificar la configuraci\u00f3n de las cookies.<\/strong><\/p>\n<p align=\"justify\">Usted puede restringir, bloquear o borrar las cookies de la Web configurando las preferencias de su navegador. As\u00ed mismo, puede activar la opci\u00f3n de navegaci\u00f3n privada por la que su navegador deja de almacenar el historial de navegaci\u00f3n, sus claves secretas, cookies y dem\u00e1s informaci\u00f3n de las p\u00e1ginas que visite.<\/p>\n<p>En cada navegador la configuraci\u00f3n de las cookies es diferente, la funci\u00f3n de \u201cAyuda\u201d le mostrar\u00e1 c\u00f3mo hacerlo, sin embargo le indicamos los enlaces<br \/>\ndirectos de los principales navegadores sobre el tema :<\/p>\n<p><a href=\"http:\/\/windows.microsoft.com\/es-xl\/internet-explorer\/delete-manage-cookies#ie=ie-10\"><u>InternetExplorer<\/u><\/a><br \/>\n(enlaces)<\/p>\n<p><a href=\"https:\/\/support.mozilla.org\/es\/kb\/Borrar{b688fd674e56a7e4a59fd699c73010b271ae924ffc95a1ee8f73a6a48d51dada}20cookies\"><u>FireFox<\/u><\/a><\/p>\n<p><a href=\"https:\/\/support.google.com\/chrome\/answer\/95647?hl=es\"><u>Chrome<\/u><\/a><\/p>\n<p><a href=\"https:\/\/support.apple.com\/es-es\/HT201265\"><u>Safari<\/u><\/a><\/p>\n<p align=\"justify\">Para terminar, tenga en cuenta que el bloqueo de cookies puede afectar a toda o alguna funcionalidad de la web.<\/p>\n<\/div>\n<\/div>\n<\/article>\n<p>[\/vc_column_text]<div class=\"boc_spacing \" style=\"height: 40px\"><\/div>[\/vc_column][\/vc_row]<\/p>\n<\/div>","protected":false},"excerpt":{"rendered":"<p>[vc_row][vc_column][vc_column_text] INFORMACI\u00d3N AL USUARIO Can Mauri, como Responsable del Tratamiento le informa que, seg\u00fan lo dispuesto en el Reglamento (UE) 2016\/679, de 27 de abril de 2016, de protecci\u00f3n de datos personales (RGPD), trataremos su datos tal y como reflejamos en la presente Pol\u00edtica de Privacidad. En esta Pol\u00edtica de Privacidad describimos c\u00f3mo recogemos sus datos personales y por qu\u00e9<\/p>\n<div class=\"h10\"><\/div>\n<p><a class=\"more-link1\" href=\"https:\/\/canmauri.com\/ca\/politica-de-privacitat-i-de-cookies\/\">Read more<\/a><\/p>\n","protected":false},"author":1,"featured_media":0,"parent":0,"menu_order":0,"comment_status":"closed","ping_status":"closed","template":"","meta":{"_vp_format_video_url":"","_vp_image_focal_point":[],"footnotes":""},"class_list":["post-1084","page","type-page","status-publish","hentry"],"yoast_head":"<!-- This site is optimized with the Yoast SEO plugin v26.2 - https:\/\/yoast.com\/wordpress\/plugins\/seo\/ -->\n<title>Pol\u00edtica de privacitat i de cookies - Can Mauri<\/title>\n<meta name=\"robots\" content=\"index, follow, max-snippet:-1, max-image-preview:large, max-video-preview:-1\" \/>\n<link rel=\"canonical\" href=\"https:\/\/canmauri.com\/ca\/politica-de-privacidad-y-de-cookies\/\" \/>\n<meta property=\"og:locale\" content=\"ca_ES\" \/>\n<meta property=\"og:type\" content=\"article\" \/>\n<meta property=\"og:title\" content=\"Pol\u00edtica de privacitat i de cookies - Can Mauri\" \/>\n<meta property=\"og:description\" content=\"[vc_row][vc_column][vc_column_text] INFORMACI\u00d3N AL USUARIO Can Mauri, como Responsable del Tratamiento le informa que, seg\u00fan lo dispuesto en el Reglamento (UE) 2016\/679, de 27 de abril de 2016, de protecci\u00f3n de datos personales (RGPD), trataremos su datos tal y como reflejamos en la presente Pol\u00edtica de Privacidad. En esta Pol\u00edtica de Privacidad describimos c\u00f3mo recogemos sus datos personales y por qu\u00e9Read more\" \/>\n<meta property=\"og:url\" content=\"https:\/\/canmauri.com\/politica-de-privacidad-y-de-cookies\/\" \/>\n<meta property=\"og:site_name\" content=\"Can Mauri\" \/>\n<meta property=\"article:modified_time\" content=\"2022-03-28T11:32:03+00:00\" \/>\n<meta name=\"twitter:card\" content=\"summary_large_image\" \/>\n<meta name=\"twitter:label1\" content=\"Temps estimat de lectura\" \/>\n\t<meta name=\"twitter:data1\" content=\"10 minuts\" \/>\n<script type=\"application\/ld+json\" class=\"yoast-schema-graph\">{\"@context\":\"https:\/\/schema.org\",\"@graph\":[{\"@type\":\"WebPage\",\"@id\":\"https:\/\/canmauri.com\/politica-de-privacidad-y-de-cookies\/\",\"url\":\"https:\/\/canmauri.com\/politica-de-privacidad-y-de-cookies\/\",\"name\":\"Pol\u00edtica de privacitat i de cookies - Can Mauri\",\"isPartOf\":{\"@id\":\"https:\/\/canmauri.com\/#website\"},\"datePublished\":\"2022-03-03T12:54:33+00:00\",\"dateModified\":\"2022-03-28T11:32:03+00:00\",\"breadcrumb\":{\"@id\":\"https:\/\/canmauri.com\/politica-de-privacidad-y-de-cookies\/#breadcrumb\"},\"inLanguage\":\"ca\",\"potentialAction\":[{\"@type\":\"ReadAction\",\"target\":[\"https:\/\/canmauri.com\/politica-de-privacidad-y-de-cookies\/\"]}]},{\"@type\":\"BreadcrumbList\",\"@id\":\"https:\/\/canmauri.com\/politica-de-privacidad-y-de-cookies\/#breadcrumb\",\"itemListElement\":[{\"@type\":\"ListItem\",\"position\":1,\"name\":\"Portada\",\"item\":\"https:\/\/canmauri.com\/ca\/\"},{\"@type\":\"ListItem\",\"position\":2,\"name\":\"Pol\u00edtica de privacitat i de cookies\"}]},{\"@type\":\"WebSite\",\"@id\":\"https:\/\/canmauri.com\/#website\",\"url\":\"https:\/\/canmauri.com\/\",\"name\":\"Can Mauri\",\"description\":\"\",\"potentialAction\":[{\"@type\":\"SearchAction\",\"target\":{\"@type\":\"EntryPoint\",\"urlTemplate\":\"https:\/\/canmauri.com\/?s={search_term_string}\"},\"query-input\":{\"@type\":\"PropertyValueSpecification\",\"valueRequired\":true,\"valueName\":\"search_term_string\"}}],\"inLanguage\":\"ca\"}]}<\/script>\n<!-- \/ Yoast SEO plugin. -->","yoast_head_json":{"title":"Pol\u00edtica de privacitat i de cookies - Can Mauri","robots":{"index":"index","follow":"follow","max-snippet":"max-snippet:-1","max-image-preview":"max-image-preview:large","max-video-preview":"max-video-preview:-1"},"canonical":"https:\/\/canmauri.com\/ca\/politica-de-privacidad-y-de-cookies\/","og_locale":"ca_ES","og_type":"article","og_title":"Pol\u00edtica de privacitat i de cookies - Can Mauri","og_description":"[vc_row][vc_column][vc_column_text] INFORMACI\u00d3N AL USUARIO Can Mauri, como Responsable del Tratamiento le informa que, seg\u00fan lo dispuesto en el Reglamento (UE) 2016\/679, de 27 de abril de 2016, de protecci\u00f3n de datos personales (RGPD), trataremos su datos tal y como reflejamos en la presente Pol\u00edtica de Privacidad. En esta Pol\u00edtica de Privacidad describimos c\u00f3mo recogemos sus datos personales y por qu\u00e9Read more","og_url":"https:\/\/canmauri.com\/politica-de-privacidad-y-de-cookies\/","og_site_name":"Can Mauri","article_modified_time":"2022-03-28T11:32:03+00:00","twitter_card":"summary_large_image","twitter_misc":{"Temps estimat de lectura":"10 minuts"},"schema":{"@context":"https:\/\/schema.org","@graph":[{"@type":"WebPage","@id":"https:\/\/canmauri.com\/politica-de-privacidad-y-de-cookies\/","url":"https:\/\/canmauri.com\/politica-de-privacidad-y-de-cookies\/","name":"Pol\u00edtica de privacitat i de cookies - Can Mauri","isPartOf":{"@id":"https:\/\/canmauri.com\/#website"},"datePublished":"2022-03-03T12:54:33+00:00","dateModified":"2022-03-28T11:32:03+00:00","breadcrumb":{"@id":"https:\/\/canmauri.com\/politica-de-privacidad-y-de-cookies\/#breadcrumb"},"inLanguage":"ca","potentialAction":[{"@type":"ReadAction","target":["https:\/\/canmauri.com\/politica-de-privacidad-y-de-cookies\/"]}]},{"@type":"BreadcrumbList","@id":"https:\/\/canmauri.com\/politica-de-privacidad-y-de-cookies\/#breadcrumb","itemListElement":[{"@type":"ListItem","position":1,"name":"Portada","item":"https:\/\/canmauri.com\/ca\/"},{"@type":"ListItem","position":2,"name":"Pol\u00edtica de privacitat i de cookies"}]},{"@type":"WebSite","@id":"https:\/\/canmauri.com\/#website","url":"https:\/\/canmauri.com\/","name":"Can Mauri","description":"","potentialAction":[{"@type":"SearchAction","target":{"@type":"EntryPoint","urlTemplate":"https:\/\/canmauri.com\/?s={search_term_string}"},"query-input":{"@type":"PropertyValueSpecification","valueRequired":true,"valueName":"search_term_string"}}],"inLanguage":"ca"}]}},"_links":{"self":[{"href":"https:\/\/canmauri.com\/ca\/wp-json\/wp\/v2\/pages\/1084","targetHints":{"allow":["GET"]}}],"collection":[{"href":"https:\/\/canmauri.com\/ca\/wp-json\/wp\/v2\/pages"}],"about":[{"href":"https:\/\/canmauri.com\/ca\/wp-json\/wp\/v2\/types\/page"}],"author":[{"embeddable":true,"href":"https:\/\/canmauri.com\/ca\/wp-json\/wp\/v2\/users\/1"}],"replies":[{"embeddable":true,"href":"https:\/\/canmauri.com\/ca\/wp-json\/wp\/v2\/comments?post=1084"}],"version-history":[{"count":5,"href":"https:\/\/canmauri.com\/ca\/wp-json\/wp\/v2\/pages\/1084\/revisions"}],"predecessor-version":[{"id":5800,"href":"https:\/\/canmauri.com\/ca\/wp-json\/wp\/v2\/pages\/1084\/revisions\/5800"}],"wp:attachment":[{"href":"https:\/\/canmauri.com\/ca\/wp-json\/wp\/v2\/media?parent=1084"}],"curies":[{"name":"wp","href":"https:\/\/api.w.org\/{rel}","templated":true}]}}